{"id":13174,"date":"1970-01-01T00:00:00","date_gmt":"1969-12-31T23:00:00","guid":{"rendered":"https:\/\/www.esssecaffe.com\/?page_id=13174"},"modified":"2023-03-20T18:03:56","modified_gmt":"2023-03-20T17:03:56","slug":"s-20-latte-sistema-espresso-machine","status":"publish","type":"page","link":"https:\/\/www.esssecaffe.com\/fr\/s-20-latte-sistema-espresso-machine\/","title":{"rendered":"S.20 Latte Sistema Espresso Machine"},"content":{"rendered":"<div id=\"\" class=\"product-section\">\n\n\n\n<div data-scroll-section class=\"l-container\" style=\"margin-bottom: 50px; margin-top: 30px;\"><nav class=\"woocommerce-breadcrumb rank-math-breadcrumb\"><span class=\"last\">Home<\/span><\/nav><\/div>\n\n<div data-scroll-section>\n    <div class=\"l-container\">\n        <div class=\"product-flex product-flex_product product-section-small\">\n            <div class=\"product-gallery with-coffee-bg \"> \n                <div class=\"product-gallery-image\">\n                    <img loading=\"lazy\" decoding=\"async\" width=\"531\" height=\"714\" src=\"https:\/\/www.esssecaffe.com\/wp-content\/uploads\/2023\/03\/MILK-S.20-ROSSA-FRONTE.png\" class=\"attachment-full size-full\" alt=\"\" srcset=\"https:\/\/www.esssecaffe.com\/wp-content\/uploads\/2023\/03\/MILK-S.20-ROSSA-FRONTE.png 531w, https:\/\/www.esssecaffe.com\/wp-content\/uploads\/2023\/03\/MILK-S.20-ROSSA-FRONTE-223x300.png 223w, https:\/\/www.esssecaffe.com\/wp-content\/uploads\/2023\/03\/MILK-S.20-ROSSA-FRONTE-214x288.png 214w, https:\/\/www.esssecaffe.com\/wp-content\/uploads\/2023\/03\/MILK-S.20-ROSSA-FRONTE-230x309.png 230w, https:\/\/www.esssecaffe.com\/wp-content\/uploads\/2023\/03\/MILK-S.20-ROSSA-FRONTE-477x641.png 477w\" sizes=\"auto, (max-width: 531px) 100vw, 531px\" \/>                <\/div>\n            <\/div>\n            <div class=\"product-info\">\n                <div class=\"product-info__inner\">\n                    <p class=\"h1 product-title title-decoration reveal-text longest-title longest-title_short\" data-scroll>S.20 Latte Sistema Espresso Machine<\/p>\n                    <div class=\"product-description fade-in-bottom\" data-scroll>\n                        <p>Avec un <strong>design sign\u00e9 Italdesign Giugiaro<\/strong> <strong>et une technologie avanc\u00e9e<\/strong>, la nouvelle S.20 est la machine id\u00e9ale pour votre maison, votre bureau ou votre entreprise.<\/p>\n<p>\u00a0<\/p>\n<p>Cette machine professionnelle \u00e0 usage domestique est dot\u00e9e de <strong>fonctionnalit\u00e9s avanc\u00e9es<\/strong> qui garantissent une exp\u00e9rience d&rsquo;utilisation facile et efficace, vous permettant de toujours avoir un <strong>caf\u00e9 et des boissons d&rsquo;excellente qualit\u00e9.<\/strong><\/p>\n<p><strong>\u00a0<\/strong><\/p>\n<p><u>DESCRIPTION DU PRODUIT<\/u><\/p>\n<p><strong>\u00a0<\/strong><\/p>\n<p>La S.20 Latte est la machine la plus avanc\u00e9e du Sistema Espresso d&rsquo;Essse Caff\u00e8\u00a0; elle poss\u00e8de des caract\u00e9ristiques et une technologie uniques qui en font l&rsquo;un des leaders du secteur.<\/p>\n<p>\u00a0<\/p>\n<ul>\n<li><strong>Affichage graphique de 2,8\u00a0\u00bb avec \u00e9cran tactile capacitif<\/strong><\/li>\n<\/ul>\n<p>Il permet de g\u00e9rer le menu de navigation style smartphone, personnalisable selon vos pr\u00e9f\u00e9rences.<\/p>\n<p>\u00a0<\/p>\n<ul>\n<li><strong>Bec verseur brevet\u00e9 Essse Caff\u00e8<\/strong><\/li>\n<\/ul>\n<p>Con\u00e7u pour exalter l\u2019onctuosit\u00e9 et l&rsquo;harmonie aromatique du caf\u00e9 et de toutes les boissons de la gamme Sistema Espresso.<\/p>\n<p><strong>\u00a0<\/strong><\/p>\n<ul>\n<li><strong>Syst\u00e8me de distribution volum\u00e9trique<\/strong><\/li>\n<\/ul>\n<p>S.20 Latte dose en fonction du volume, permettant ainsi la pr\u00e9paration d&rsquo;un excellent espresso, contrairement \u00e0 la distribution traditionnelle, et peu pr\u00e9cise, bas\u00e9e sur le temps.<\/p>\n<p>\u00a0<\/p>\n<ul>\n<li><strong>Tube chaud<\/strong><\/li>\n<\/ul>\n<p>La S20 Latte permet de pr\u00e9parer non seulement des boissons \u00e0 base de caf\u00e9, mais aussi des tisanes, des th\u00e9s et d&rsquo;autres boissons chaudes.<\/p>\n<p>\u00a0<\/p>\n<ul>\n<li><strong>Ouverture \u00e0 levier \u00e0 haute r\u00e9sistance<\/strong><\/li>\n<\/ul>\n<p>Con\u00e7ue avec des mat\u00e9riaux de premi\u00e8re qualit\u00e9 pour une plus grande r\u00e9sistance et fiabilit\u00e9.<\/p>\n<p>\u00a0<\/p>\n<ul>\n<li><strong>Support de tasse r\u00e9glable<\/strong><\/li>\n<\/ul>\n<p>Pour toutes sortes d&rsquo;exigences en termes de volumes de produits.<\/p>\n<p>\u00a0<\/p>\n<ul>\n<li><strong>Fonction des compteurs<\/strong><\/li>\n<\/ul>\n<p>Enregistrement de tous les produits distribu\u00e9s afin de contr\u00f4ler la consommation.<\/p>\n<p>\u00a0<\/p>\n<ul>\n<li><strong>Section tests et diagnostics<\/strong><\/li>\n<\/ul>\n<p>Pour ma\u00eetriser \u00e0 tout moment le parfait fonctionnement de votre machine S.20<\/p>\n<p>\u00a0<\/p>\n<ul>\n<li><strong>Syst\u00e8me de d\u00e9tartrage automatis\u00e9 et guid\u00e9<\/strong><\/li>\n<\/ul>\n<p>La S.20 guide l&rsquo;utilisateur \u00e0 travers les \u00e9tapes simples du processus de d\u00e9tartrage, programm\u00e9es et signal\u00e9es par une alerte sp\u00e9ciale.<\/p>\n<p>\u00a0<\/p>\n<ul>\n<li><strong>R\u00e9servoir \u00e0 lait de 0,5\u00a0l <\/strong><\/li>\n<\/ul>\n<p>Amovible et facile \u00e0 nettoyer.<\/p>\n<p><strong>\u00a0<\/strong><\/p>\n<ul>\n<li><strong>8\u00a0types diff\u00e9rents de boissons personnalisables. <\/strong><\/li>\n<\/ul>\n<p>\u00a0<\/p>\n<ul>\n<li><strong>R\u00e9glage du type de mousse de lait. <\/strong><\/li>\n<\/ul>\n<p>\u00a0<\/p>\n<ul>\n<li><strong>Grand r\u00e9servoir d&rsquo;eau de 1,4\u00a0l.<\/strong><\/li>\n<\/ul>\n                    <\/div>\n                <\/div>\n            <\/div>\n        <\/div>\n    <\/div>\n<\/div>\n<style>\n    :root {\n        --product-color: #000000;\n    }\n    <\/style>\n\n\n\n<\/div>","protected":false},"excerpt":{"rendered":"","protected":false},"author":95,"featured_media":0,"parent":0,"menu_order":0,"comment_status":"closed","ping_status":"closed","template":"","meta":{"inline_featured_image":false,"footnotes":""},"class_list":["post-13174","page","type-page","status-publish","hentry"],"_links":{"self":[{"href":"https:\/\/www.esssecaffe.com\/fr\/wp-json\/wp\/v2\/pages\/13174","targetHints":{"allow":["GET"]}}],"collection":[{"href":"https:\/\/www.esssecaffe.com\/fr\/wp-json\/wp\/v2\/pages"}],"about":[{"href":"https:\/\/www.esssecaffe.com\/fr\/wp-json\/wp\/v2\/types\/page"}],"author":[{"embeddable":true,"href":"https:\/\/www.esssecaffe.com\/fr\/wp-json\/wp\/v2\/users\/95"}],"replies":[{"embeddable":true,"href":"https:\/\/www.esssecaffe.com\/fr\/wp-json\/wp\/v2\/comments?post=13174"}],"version-history":[{"count":0,"href":"https:\/\/www.esssecaffe.com\/fr\/wp-json\/wp\/v2\/pages\/13174\/revisions"}],"wp:attachment":[{"href":"https:\/\/www.esssecaffe.com\/fr\/wp-json\/wp\/v2\/media?parent=13174"}],"curies":[{"name":"wp","href":"https:\/\/api.w.org\/{rel}","templated":true}]}}