{"id":13364,"date":"2023-03-19T00:32:48","date_gmt":"2023-03-18T23:32:48","guid":{"rendered":"https:\/\/www.esssecaffe.com\/?page_id=13364"},"modified":"2023-03-20T18:04:14","modified_gmt":"2023-03-20T17:04:14","slug":"s-20-sistema-espresso-machine","status":"publish","type":"page","link":"https:\/\/www.esssecaffe.com\/fr\/s-20-sistema-espresso-machine\/","title":{"rendered":"S.20 Sistema Espresso Machine"},"content":{"rendered":"<div id=\"\" class=\"product-section\">\n\n\n\n<div data-scroll-section class=\"l-container\" style=\"margin-bottom: 50px; margin-top: 30px;\"><nav class=\"woocommerce-breadcrumb rank-math-breadcrumb\"><span class=\"last\">Home<\/span><\/nav><\/div>\n\n<div data-scroll-section>\n    <div class=\"l-container\">\n        <div class=\"product-flex product-flex_product product-section-small\">\n            <div class=\"product-gallery with-coffee-bg \"> \n                <div class=\"product-gallery-image\">\n                    <img loading=\"lazy\" decoding=\"async\" width=\"531\" height=\"714\" src=\"https:\/\/www.esssecaffe.com\/wp-content\/uploads\/2023\/03\/S.20-ROSSA-FRONTE.png\" class=\"attachment-full size-full\" alt=\"\" srcset=\"https:\/\/www.esssecaffe.com\/wp-content\/uploads\/2023\/03\/S.20-ROSSA-FRONTE.png 531w, https:\/\/www.esssecaffe.com\/wp-content\/uploads\/2023\/03\/S.20-ROSSA-FRONTE-223x300.png 223w, https:\/\/www.esssecaffe.com\/wp-content\/uploads\/2023\/03\/S.20-ROSSA-FRONTE-214x288.png 214w, https:\/\/www.esssecaffe.com\/wp-content\/uploads\/2023\/03\/S.20-ROSSA-FRONTE-230x309.png 230w, https:\/\/www.esssecaffe.com\/wp-content\/uploads\/2023\/03\/S.20-ROSSA-FRONTE-477x641.png 477w\" sizes=\"auto, (max-width: 531px) 100vw, 531px\" \/>                <\/div>\n            <\/div>\n            <div class=\"product-info\">\n                <div class=\"product-info__inner\">\n                    <p class=\"h1 product-title title-decoration reveal-text longest-title longest-title_short\" data-scroll>S.20 Sistema Espresso Machine<\/p>\n                    <div class=\"product-description fade-in-bottom\" data-scroll>\n                        <p>S.20 combine la <strong>technologie avanc\u00e9e<\/strong> d&rsquo;Essse Caff\u00e8 avec le <strong>design plus sophistiqu\u00e9, sign\u00e9 Italdesign Giugiaro, <\/strong>un mariage qui garantit des performances \u00e9lev\u00e9es et une apparence \u00e9l\u00e9gante.<\/p>\n<p>Cette machine est con\u00e7ue pour offrir un <strong>excellent espresso cr\u00e9meux<\/strong> \u00e0 la maison, au bureau ou dans votre entreprise, gr\u00e2ce \u00e0 son extraction parfaite du caf\u00e9.<\/p>\n<p><strong>\u00a0<\/strong><\/p>\n<p><u>DESCRIPTION DU PRODUIT<\/u><\/p>\n<p><strong>\u00a0<\/strong><\/p>\n<p>La S.20 est \u00e9quip\u00e9e de fonctions et de dispositifs con\u00e7us pour la rendre efficace et facile \u00e0 utiliser et pour garantir qu&rsquo;il d\u00e9livre toujours un caf\u00e9 et des boissons chaudes d&rsquo;excellente qualit\u00e9.<\/p>\n<p><strong>\u00a0<\/strong><\/p>\n<ul>\n<li><strong>Bec verseur brevet\u00e9 Essse Caff\u00e8<br \/><\/strong>Con\u00e7u pour renforcer l&rsquo;onctuosit\u00e9 et l&rsquo;harmonie aromatique du caf\u00e9.<\/li>\n<\/ul>\n<ul>\n<li><strong>\u00c9conomie d&rsquo;\u00e9nergie<\/strong><\/li>\n<\/ul>\n<p>Mode veille automatique apr\u00e8s 10\u00a0minutes de non-utilisation<\/p>\n<p><strong>\u00a0<\/strong><\/p>\n<ul>\n<li><strong>Clavier \u00e0 touches souples<\/strong><br \/>Pour une sensation tactile agr\u00e9able, aussi chaude et confortable que nos caf\u00e9s.<\/li>\n<\/ul>\n<ul>\n<li><strong>Reconnaissance du premier caf\u00e9 de la journ\u00e9e<\/strong><br \/>La machine reconna\u00eet le premier caf\u00e9 et adapte la temp\u00e9rature et les param\u00e8tres d&rsquo;infusion en cons\u00e9quence.<\/li>\n<\/ul>\n<ul>\n<li><strong>Volume de distribution<\/strong><\/li>\n<\/ul>\n<p>Le volume de la boisson peut \u00e9galement \u00eatre modifi\u00e9 pendant la distribution par une simple pression sur les boutons caf\u00e9 ristretto ou caf\u00e9 allong\u00e9.<\/p>\n<ul>\n<li><strong>Alerte de d\u00e9tartrage<\/strong><br \/>Apr\u00e8s 600\u00a0distributions, la machine avertit automatiquement l&rsquo;utilisateur au moyen d&rsquo;un voyant lumineux.<\/li>\n<\/ul>\n<ul>\n<li><strong>D\u00e9tartrage guid\u00e9<\/strong><br \/>Il guide l&rsquo;utilisateur \u00e0 travers les \u00e9tapes simples du processus de d\u00e9tartrage programm\u00e9.<\/li>\n<\/ul>\n                    <\/div>\n                <\/div>\n            <\/div>\n        <\/div>\n    <\/div>\n<\/div>\n<style>\n    :root {\n        --product-color: #000000;\n    }\n    <\/style>\n\n\n\n<\/div>","protected":false},"excerpt":{"rendered":"","protected":false},"author":95,"featured_media":0,"parent":0,"menu_order":0,"comment_status":"closed","ping_status":"closed","template":"","meta":{"inline_featured_image":false,"footnotes":""},"class_list":["post-13364","page","type-page","status-publish","hentry"],"_links":{"self":[{"href":"https:\/\/www.esssecaffe.com\/fr\/wp-json\/wp\/v2\/pages\/13364","targetHints":{"allow":["GET"]}}],"collection":[{"href":"https:\/\/www.esssecaffe.com\/fr\/wp-json\/wp\/v2\/pages"}],"about":[{"href":"https:\/\/www.esssecaffe.com\/fr\/wp-json\/wp\/v2\/types\/page"}],"author":[{"embeddable":true,"href":"https:\/\/www.esssecaffe.com\/fr\/wp-json\/wp\/v2\/users\/95"}],"replies":[{"embeddable":true,"href":"https:\/\/www.esssecaffe.com\/fr\/wp-json\/wp\/v2\/comments?post=13364"}],"version-history":[{"count":0,"href":"https:\/\/www.esssecaffe.com\/fr\/wp-json\/wp\/v2\/pages\/13364\/revisions"}],"wp:attachment":[{"href":"https:\/\/www.esssecaffe.com\/fr\/wp-json\/wp\/v2\/media?parent=13364"}],"curies":[{"name":"wp","href":"https:\/\/api.w.org\/{rel}","templated":true}]}}