{"id":3904,"date":"2022-09-21T10:24:55","date_gmt":"2022-09-21T08:24:55","guid":{"rendered":"https:\/\/www.esssecaffe.com\/le-monde-dessse\/"},"modified":"2022-11-14T11:06:23","modified_gmt":"2022-11-14T10:06:23","slug":"le-monde-dessse","status":"publish","type":"page","link":"https:\/\/www.esssecaffe.com\/fr\/le-monde-dessse\/","title":{"rendered":"Le monde d&rsquo;Essse"},"content":{"rendered":"<div class=\"top-section full-screen-section\" data-scroll-section>\n\n    <div class=\"top-section__bg\">\n    <div class=\"top-section__bg-img\" style=\"background-image: url(https:\/\/www.esssecaffe.com\/wp-content\/uploads\/2022\/09\/foto-banner.jpg)\" data-scroll><\/div>\n\n    <\/div>\n    <div class=\"l-container\">rddd\n        <div class=\"top-section__inner\">\n            <div class=\"top-section__info\" data-scroll>\n                <div class=\"top-section__info-inner\">\n                    <h1 class=\"main-title text-center reveal-text\" data-scroll>Le monde d&rsquo;Essse<\/h1>\n                    <p class=\"main-description text-center fade-in-bottom\" data-scroll>Depuis plus de quarante ans, le secret d\u2019un grand expresso. \nAvec passion, engagement et comp\u00e9tence, nous nous d\u00e9dions \u00e0 la s\u00e9lection et \u00e0 la transformation des meilleurs m\u00e9langes pour vous offrir l\u2019ar\u00f4me intense et le go\u00fbt \u00e9l\u00e9gant et harmonieux du meilleur expresso italien.<\/p>\n                <\/div>\n            <\/div>\n        <\/div>\n    <\/div>\n        <a href=\"#essse-storia\" class=\"scroll-down bounce\" data-scroll-to data-scroll\n       data-scroll-speed=\"-0.3\" data-scroll-position=\"top\" data-scroll-delay=\"0.05\">\n        <svg width=\"101\" height=\"53\" viewBox=\"0 0 101 53\" fill=\"none\" xmlns=\"http:\/\/www.w3.org\/2000\/svg\">\n            <path d=\"M2.12207 2.125L50.793 50.796L99.4641 2.125\" stroke=\"white\" stroke-width=\"3\"\n                  stroke-linecap=\"round\" stroke-linejoin=\"round\"\/>\n        <\/svg>\n    <\/a>\n    <\/div>\n\n\n\n<div data-scroll-section class=\"l-container\" style=\"margin-bottom: 50px; margin-top: 30px;\"><nav class=\"woocommerce-breadcrumb rank-math-breadcrumb\"><span class=\"last\">Home<\/span><\/nav><\/div>\n\n<div id=\"essse-storia\" class=\"info   \" data-scroll-section >\n    <div class=\"l-container\">\n        <div class=\"info__row\">\n            <div class=\"info__col info__col_left\">\n                <div class=\"info__title\">\n                    <h2 class=\"main-title title-decoration reveal-text\" data-scroll>L\u2019HISTOIRE D\u2019ESSSE CAFF\u00c9<\/h2>\n                <\/div>\n                                            <div class=\"info__description\">\n                                <p class=\"fade-in-bottom\" data-scroll>C\u2019est en 1979 que Francesco Segafredo, fort d\u2019une longue exp\u00e9rience familiale dans le monde de la torr\u00e9faction, fonde Essse Caff\u00e8. L\u2019objectif est tout de suite celui de proposer un caf\u00e9 d\u2019excellence qui repr\u00e9sente au mieux le concept de l\u2019expresso italien.\n\n<\/p>\n                            <\/div>\n                                                                                                                                                  \n                                <a href=\"https:\/\/www.esssecaffe.com\/fr\/le-monde-dessse\/notre-histoire\/\" class=\"main-link\" >\n                                    <div class=\"main-link__flex fade-in-bottom\" data-scroll>\n                                        <svg width=\"30\" height=\"29\" viewBox=\"0 0 30 29\" fill=\"none\"\n                                             xmlns=\"http:\/\/www.w3.org\/2000\/svg\">\n                                            <path d=\"M7.45662 1.00302C7.33562 0.996017 27.7096 1.02603 27.7096 1.02603L20.3366 24.48C19.6186 26.257 18.0306 27.242 15.6996 27.438C14.1883 27.5313 12.6773 27.2514 11.2996 26.623C3.35963 23.19 -0.678357 14.558 1.65864 5.22802C2.01725 3.9787 2.78243 2.88474 3.83302 2.11944C4.88361 1.35414 6.15952 0.961249 7.45863 1.00302\"\n                                                  stroke=\"#BF0020\" fill=\"transparent\" stroke-width=\"2\"\/>\n                                        <\/svg>\n                                        <span>D\u00c9COUVREZ NOTRE HISTOIRE<\/span>\n                                    <\/div>\n                                <\/a>\n                                                                                                                                                <\/div>\n            <div class=\"info__col info__col_right\">\n                <div class=\"image-container\">\n\n                                            <div class=\"image-parallax-wrapper\">\n\t\t\t\n                            <div class=\"image-parallax black-overlay\"\n                                 style=\"background-image: url(https:\/\/www.esssecaffe.com\/wp-content\/uploads\/2022\/09\/1982.jpg)\" \n                                 data-scroll\n                                 data-scroll-speed=\"-3.5\">\n\t\t\t\t<\/div>\n                        <\/div>\n                                    <\/div>\n            <\/div>\n        <\/div>\n    <\/div>\n<\/div>\n\n<div id=\"essse-storia\" class=\"info  reverse \" data-scroll-section >\n    <div class=\"l-container\">\n        <div class=\"info__row\">\n            <div class=\"info__col info__col_left\">\n                <div class=\"info__title\">\n                    <h2 class=\"main-title title-decoration reveal-text\" data-scroll>LE CAF\u00c9 DES TROIS \u00abS\u00bb<\/h2>\n                <\/div>\n                                            <div class=\"info__description\">\n                                <p class=\"fade-in-bottom\" data-scroll>Les trois \u00abS\u00bb de Science, Savoir et Sp\u00e9cialisation sont le c\u0153ur de notre entreprise, nos valeurs, nos principes fondateurs. Essse est l\u2019harmonie entre innovation, culture, exp\u00e9rience et technologie.\n\n<\/p>\n                            <\/div>\n                                                                                                                                                  \n                                <a href=\"https:\/\/www.esssecaffe.com\/fr\/le-monde-dessse\/le-cafe-de-trois-s\/\" class=\"main-link\" >\n                                    <div class=\"main-link__flex fade-in-bottom\" data-scroll>\n                                        <svg width=\"30\" height=\"29\" viewBox=\"0 0 30 29\" fill=\"none\"\n                                             xmlns=\"http:\/\/www.w3.org\/2000\/svg\">\n                                            <path d=\"M7.45662 1.00302C7.33562 0.996017 27.7096 1.02603 27.7096 1.02603L20.3366 24.48C19.6186 26.257 18.0306 27.242 15.6996 27.438C14.1883 27.5313 12.6773 27.2514 11.2996 26.623C3.35963 23.19 -0.678357 14.558 1.65864 5.22802C2.01725 3.9787 2.78243 2.88474 3.83302 2.11944C4.88361 1.35414 6.15952 0.961249 7.45863 1.00302\"\n                                                  stroke=\"#BF0020\" fill=\"transparent\" stroke-width=\"2\"\/>\n                                        <\/svg>\n                                        <span>D\u00c9COUVREZ NOS VALEURS ET NOTRE MISSION<\/span>\n                                    <\/div>\n                                <\/a>\n                                                                                                                                                <\/div>\n            <div class=\"info__col info__col_right\">\n                <div class=\"image-container\">\n\n                                            <div class=\"image-parallax-wrapper\">\n\t\t\t\n                            <div class=\"image-parallax black-overlay\"\n                                 style=\"background-image: url(https:\/\/www.esssecaffe.com\/wp-content\/uploads\/2022\/09\/Il-caffe\u0300-delle-tre-Essse.jpg)\" \n                                 data-scroll\n                                 data-scroll-speed=\"-3.5\">\n\t\t\t\t<\/div>\n                        <\/div>\n                                    <\/div>\n            <\/div>\n        <\/div>\n    <\/div>\n<\/div>\n\n<div id=\"essse-storia\" class=\"info   \" data-scroll-section >\n    <div class=\"l-container\">\n        <div class=\"info__row\">\n            <div class=\"info__col info__col_left\">\n                <div class=\"info__title\">\n                    <h2 class=\"main-title title-decoration reveal-text\" data-scroll>EXCELLENCE CERTIFI\u00c9E<\/h2>\n                <\/div>\n                                            <div class=\"info__description\">\n                                <p class=\"fade-in-bottom\" data-scroll>La recherche de la qualit\u00e9 est une mission constante qui implique tous les domaines : des produits m\u00eame \u00e0 la s\u00e9curit\u00e9 des travailleurs et au respect de l\u2019environnement, nous nous sommes engag\u00e9s \u00e0 obtenir toutes les plus importantes certifications de qualit\u00e9.\n\n<\/p>\n                            <\/div>\n                                                                                                                                                  \n                                <a href=\"https:\/\/www.esssecaffe.com\/fr\/le-monde-dessse\/excellence-certifiee\/\" class=\"main-link\" >\n                                    <div class=\"main-link__flex fade-in-bottom\" data-scroll>\n                                        <svg width=\"30\" height=\"29\" viewBox=\"0 0 30 29\" fill=\"none\"\n                                             xmlns=\"http:\/\/www.w3.org\/2000\/svg\">\n                                            <path d=\"M7.45662 1.00302C7.33562 0.996017 27.7096 1.02603 27.7096 1.02603L20.3366 24.48C19.6186 26.257 18.0306 27.242 15.6996 27.438C14.1883 27.5313 12.6773 27.2514 11.2996 26.623C3.35963 23.19 -0.678357 14.558 1.65864 5.22802C2.01725 3.9787 2.78243 2.88474 3.83302 2.11944C4.88361 1.35414 6.15952 0.961249 7.45863 1.00302\"\n                                                  stroke=\"#BF0020\" fill=\"transparent\" stroke-width=\"2\"\/>\n                                        <\/svg>\n                                        <span>D\u00c9COUVREZ NOS CERTIFICATIONS<\/span>\n                                    <\/div>\n                                <\/a>\n                                                                                                                                                <\/div>\n            <div class=\"info__col info__col_right\">\n                <div class=\"image-container\">\n\n                                            <div class=\"image-parallax-wrapper\">\n\t\t\t\n                            <div class=\"image-parallax black-overlay\"\n                                 style=\"background-image: url(https:\/\/www.esssecaffe.com\/wp-content\/uploads\/2022\/10\/Eccellenza-Certificata_big.jpg)\" \n                                 data-scroll\n                                 data-scroll-speed=\"-3.5\">\n\t\t\t\t<\/div>\n                        <\/div>\n                                    <\/div>\n            <\/div>\n        <\/div>\n    <\/div>\n<\/div>\n\n<div id=\"essse-storia\" class=\"info  reverse \" data-scroll-section >\n    <div class=\"l-container\">\n        <div class=\"info__row\">\n            <div class=\"info__col info__col_left\">\n                <div class=\"info__title\">\n                    <h2 class=\"main-title title-decoration reveal-text\" data-scroll>NOTRE ENGAGEMENT<\/h2>\n                <\/div>\n                                            <div class=\"info__description\">\n                                <p class=\"fade-in-bottom\" data-scroll>Notre engagement est toujours all\u00e9 bien au-del\u00e0 de l\u2019activit\u00e9 li\u00e9e \u00e0 la transformation du caf\u00e9. Au fil des ann\u00e9es, notre engagement pour le social a donn\u00e9 lieu \u00e0 une s\u00e9rie de projets impliquant d\u2019importantes associations, comme la Fondazione Umberto Veronesi et la Fondazione per lo Sport Silvia Rinaldi Onlus.\n<\/p>\n                            <\/div>\n                                                                                                                                                  \n                                <a href=\"https:\/\/www.esssecaffe.com\/fr\/le-monde-dessse\/notre-engagement\/\" class=\"main-link\" >\n                                    <div class=\"main-link__flex fade-in-bottom\" data-scroll>\n                                        <svg width=\"30\" height=\"29\" viewBox=\"0 0 30 29\" fill=\"none\"\n                                             xmlns=\"http:\/\/www.w3.org\/2000\/svg\">\n                                            <path d=\"M7.45662 1.00302C7.33562 0.996017 27.7096 1.02603 27.7096 1.02603L20.3366 24.48C19.6186 26.257 18.0306 27.242 15.6996 27.438C14.1883 27.5313 12.6773 27.2514 11.2996 26.623C3.35963 23.19 -0.678357 14.558 1.65864 5.22802C2.01725 3.9787 2.78243 2.88474 3.83302 2.11944C4.88361 1.35414 6.15952 0.961249 7.45863 1.00302\"\n                                                  stroke=\"#BF0020\" fill=\"transparent\" stroke-width=\"2\"\/>\n                                        <\/svg>\n                                        <span>D\u00c9COUVREZ NOS PROJETS SP\u00c9CIAUX<\/span>\n                                    <\/div>\n                                <\/a>\n                                                                                                                                                <\/div>\n            <div class=\"info__col info__col_right\">\n                <div class=\"image-container\">\n\n                                            <div class=\"image-parallax-wrapper\">\n\t\t\t\n                            <div class=\"image-parallax black-overlay\"\n                                 style=\"background-image: url(https:\/\/www.esssecaffe.com\/wp-content\/uploads\/2022\/10\/Impegno_big_hero.jpg)\" \n                                 data-scroll\n                                 data-scroll-speed=\"-3.5\">\n\t\t\t\t<\/div>\n                        <\/div>\n                                    <\/div>\n            <\/div>\n        <\/div>\n    <\/div>\n<\/div>\n\n<div id=\"essse-storia\" class=\"info   \" data-scroll-section >\n    <div class=\"l-container\">\n        <div class=\"info__row\">\n            <div class=\"info__col info__col_left\">\n                <div class=\"info__title\">\n                    <h2 class=\"main-title title-decoration reveal-text\" data-scroll>LE CAF\u00c9 ESSSE DANS LE MONDE<\/h2>\n                <\/div>\n                                            <div class=\"info__description\">\n                                <p class=\"fade-in-bottom\" data-scroll>Faire face aux march\u00e9s \u00e9trangers repr\u00e9sente pour nous un d\u00e9fi ambitieux et passionnant qui nous stimule continuellement \u00e0 nous am\u00e9liorer, \u00e0 r\u00e9pondre \u00e0 tous les besoins de nos clients.\n\n<\/p>\n                            <\/div>\n                                                                                                                                                  \n                                <a href=\"https:\/\/www.esssecaffe.com\/fr\/le-monde-dessse\/essse-cafe-dans-le-monde\/\" class=\"main-link\" >\n                                    <div class=\"main-link__flex fade-in-bottom\" data-scroll>\n                                        <svg width=\"30\" height=\"29\" viewBox=\"0 0 30 29\" fill=\"none\"\n                                             xmlns=\"http:\/\/www.w3.org\/2000\/svg\">\n                                            <path d=\"M7.45662 1.00302C7.33562 0.996017 27.7096 1.02603 27.7096 1.02603L20.3366 24.48C19.6186 26.257 18.0306 27.242 15.6996 27.438C14.1883 27.5313 12.6773 27.2514 11.2996 26.623C3.35963 23.19 -0.678357 14.558 1.65864 5.22802C2.01725 3.9787 2.78243 2.88474 3.83302 2.11944C4.88361 1.35414 6.15952 0.961249 7.45863 1.00302\"\n                                                  stroke=\"#BF0020\" fill=\"transparent\" stroke-width=\"2\"\/>\n                                        <\/svg>\n                                        <span>EN SAVOIR PLUS<\/span>\n                                    <\/div>\n                                <\/a>\n                                                                                                                                                <\/div>\n            <div class=\"info__col info__col_right\">\n                <div class=\"image-container\">\n\n                                            <div class=\"image-parallax-wrapper\">\n\t\t\t\n                            <div class=\"image-parallax black-overlay\"\n                                 style=\"background-image: url(https:\/\/www.esssecaffe.com\/wp-content\/uploads\/2022\/10\/Essse-nel-mondo.jpg)\" \n                                 data-scroll\n                                 data-scroll-speed=\"-3.5\">\n\t\t\t\t<\/div>\n                        <\/div>\n                                    <\/div>\n            <\/div>\n        <\/div>\n    <\/div>\n<\/div>","protected":false},"excerpt":{"rendered":"","protected":false},"author":95,"featured_media":16154,"parent":0,"menu_order":615,"comment_status":"closed","ping_status":"closed","template":"","meta":{"inline_featured_image":false,"footnotes":""},"class_list":["post-3904","page","type-page","status-publish","has-post-thumbnail","hentry"],"_links":{"self":[{"href":"https:\/\/www.esssecaffe.com\/fr\/wp-json\/wp\/v2\/pages\/3904","targetHints":{"allow":["GET"]}}],"collection":[{"href":"https:\/\/www.esssecaffe.com\/fr\/wp-json\/wp\/v2\/pages"}],"about":[{"href":"https:\/\/www.esssecaffe.com\/fr\/wp-json\/wp\/v2\/types\/page"}],"author":[{"embeddable":true,"href":"https:\/\/www.esssecaffe.com\/fr\/wp-json\/wp\/v2\/users\/95"}],"replies":[{"embeddable":true,"href":"https:\/\/www.esssecaffe.com\/fr\/wp-json\/wp\/v2\/comments?post=3904"}],"version-history":[{"count":0,"href":"https:\/\/www.esssecaffe.com\/fr\/wp-json\/wp\/v2\/pages\/3904\/revisions"}],"wp:featuredmedia":[{"embeddable":true,"href":"https:\/\/www.esssecaffe.com\/fr\/wp-json\/wp\/v2\/media\/16154"}],"wp:attachment":[{"href":"https:\/\/www.esssecaffe.com\/fr\/wp-json\/wp\/v2\/media?parent=3904"}],"curies":[{"name":"wp","href":"https:\/\/api.w.org\/{rel}","templated":true}]}}