{"id":3913,"date":"2022-09-21T10:39:58","date_gmt":"2022-09-21T08:39:58","guid":{"rendered":"https:\/\/www.esssecaffe.com\/le-monde-dessse\/le-cafe-de-trois-s\/"},"modified":"2022-11-14T08:52:39","modified_gmt":"2022-11-14T07:52:39","slug":"le-cafe-de-trois-s","status":"publish","type":"page","link":"https:\/\/www.esssecaffe.com\/fr\/le-monde-dessse\/le-cafe-de-trois-s\/","title":{"rendered":"Le caf\u00e8 de trois \u00abS\u00bb"},"content":{"rendered":"<div class=\"top-section full-screen-section\" data-scroll-section>\n\n    <div class=\"top-section__bg\">\n    <div class=\"top-section__bg-img\" style=\"background-image: url(https:\/\/www.esssecaffe.com\/wp-content\/uploads\/2022\/09\/Il-caff\u00e8-delle-tre-Essse-1.jpg)\" data-scroll><\/div>\n\n    <\/div>\n    <div class=\"l-container\">rddd\n        <div class=\"top-section__inner\">\n            <div class=\"top-section__info\" data-scroll>\n                <div class=\"top-section__info-inner\">\n                    <h1 class=\"main-title text-center reveal-text\" data-scroll>Le caf\u00e8 de trois \u00abS\u00bb<\/h1>\n                    <p class=\"main-description text-center fade-in-bottom\" data-scroll>Science, Savoir et Sp\u00e9cialisation : l\u2019harmonie entre innovation, culture, exp\u00e9rience et technologie. \n\nDepuis la naissance de l\u2019entreprise en 1979, nous nous sommes servis de la collaboration synergique avec diff\u00e9rentes universit\u00e9s pour donner naissance \u00e0 une recherche capables d\u2019augmenter les comp\u00e9tences et les connaissances \u00e0 toutes les \u00e9tapes de la transformation, du caf\u00e9 brut \u00e0 celui dans la tasse, de la torr\u00e9faction \u00e0 l\u2019emballage, de l\u2019\u00e9quipement professionnel \u00e0 l\u2019extraction de l\u2019expresso.\nEn plus de quarante ans d\u2019activit\u00e9, gr\u00e2ce au principe des 3 S \u2013 Science, Savoir et Sp\u00e9cialisation \u2013 nous avons acquis une position de premi\u00e8re importance dans le monde du caf\u00e9.\n<\/p>\n                <\/div>\n            <\/div>\n        <\/div>\n    <\/div>\n    <\/div>\n\n\n\n<div data-scroll-section class=\"l-container\" style=\"margin-bottom: 50px; margin-top: 30px;\"><nav class=\"woocommerce-breadcrumb rank-math-breadcrumb\"><span class=\"last\">Home<\/span><\/nav><\/div>\n\n<div id=\"\" class=\"specific-page-content\">\n\n<div id=\"\" class=\"info  reverse without-title\" data-scroll-section>\n    <div class=\"l-container\">\n        <div class=\"info__row\">\n            <div class=\"info__col info__col_left\">\n                                <div class=\"info__text\">\n                   <div class=\"fade-in-bottom\" data-scroll>\n                       <p><strong>SCIENCE <\/strong><\/p>\n<p>La collaboration constante avec les facult\u00e9s d\u2019agronomie des universit\u00e9s de Bologne, Cesena et Foggia a apport\u00e9 les meilleures comp\u00e9tences scientifiques au processus de torr\u00e9faction de notre caf\u00e9: nous avons d\u2019abord d\u00e9fini les meilleurs proc\u00e9d\u00e9s de transformation du caf\u00e9, puis nous nous sommes concentr\u00e9s sur la recherche de la meilleure qualit\u00e9 organoleptique dans la tasse. Tout cela avec une seule mission: vous pr\u00e9senter le meilleur expresso italien.<\/p>\n                   <\/div>\n\t\t\t\t\t                         \t\t\t\t\t                   \n                <\/div>\n\t\t\t\t                    \t\t\t\t            <\/div>\n            <div class=\"info__col info__col_right\">\n\n                                \n                    <div class=\"image-container\">\n                                                    <div class=\"image-parallax-wrapper\">\n                                <div class=\"image-parallax black-overlay\"\n                                     style=\"background-image: url(https:\/\/www.esssecaffe.com\/wp-content\/uploads\/2022\/10\/Scienza.jpg)\" data-scroll\n                                     data-scroll-speed=\"-3.5\"><\/div>\n                            <\/div>\n                                            <\/div>\n                \n                \n            <\/div>\n        <\/div>\n    <\/div>\n<\/div>\n\n<div id=\"\" class=\"info   without-title\" data-scroll-section>\n    <div class=\"l-container\">\n        <div class=\"info__row\">\n            <div class=\"info__col info__col_left\">\n                                <div class=\"info__text\">\n                   <div class=\"fade-in-bottom\" data-scroll>\n                       <p><strong>SAVOIR<\/strong><\/p>\n<p>Essse Caff\u00e8 est n\u00e9 \u00e0 la fin des ann\u00e9es soixante-dix mais son histoire plonge ses racines dans le d\u00e9but du XX<sup>e<\/sup> si\u00e8cle. Le Savoir d\u2019Essse vient de loin, il transmet la tradition et le savoir-faire de la famille Segafredo avec le rapport constant avec les professionnels de ce secteur qui, au cours des quarante derni\u00e8res ann\u00e9es, nous ont accompagn\u00e9s avec des comp\u00e9tences profondes, de l\u2019engagement, de la constance et du d\u00e9vouement.<\/p>\n                   <\/div>\n\t\t\t\t\t                         \t\t\t\t\t                   \n                <\/div>\n\t\t\t\t                    \t\t\t\t            <\/div>\n            <div class=\"info__col info__col_right\">\n\n                                \n                    <div class=\"image-container\">\n                                                    <div class=\"image-parallax-wrapper\">\n                                <div class=\"image-parallax black-overlay\"\n                                     style=\"background-image: url(https:\/\/www.esssecaffe.com\/wp-content\/uploads\/2022\/10\/Sapienza.jpg)\" data-scroll\n                                     data-scroll-speed=\"-3.5\"><\/div>\n                            <\/div>\n                                            <\/div>\n                \n                \n            <\/div>\n        <\/div>\n    <\/div>\n<\/div>\n\n<div id=\"\" class=\"info  reverse without-title\" data-scroll-section>\n    <div class=\"l-container\">\n        <div class=\"info__row\">\n            <div class=\"info__col info__col_left\">\n                                <div class=\"info__text\">\n                   <div class=\"fade-in-bottom\" data-scroll>\n                       <p><strong>SP\u00c9CIALISATION<\/strong><\/p>\n<p>Depuis 1979, nous avons travaill\u00e9 aux c\u00f4t\u00e9s de milliers de professionnels du secteur en devenant leur point de r\u00e9f\u00e9rence. Notre mission quotidienne est de permettre \u00e0 nos clients d\u2019extraire un parfait \u00ab\u00a0Espresso italiano\u00a0\u00bb gr\u00e2ce \u00e0 des mati\u00e8res premi\u00e8res soigneusement s\u00e9lectionn\u00e9es et travaill\u00e9es, un service \u00e0 360\u00b0 et la formation. Une activit\u00e9 intense et constante de sp\u00e9cialisation qui nous a permis de d\u00e9velopper ensuite le \u00ab\u00a0Sistema Expresso\u00a0\u00bb, un mod\u00e8le de machine \u00e0 capsules, dont le design est sign\u00e9 Giugiaro Design, dans le but d\u2019obtenir un r\u00e9sultat dans la tasse \u00e0 la hauteur des standards de nos m\u00e9langes professionnels.<\/p>\n                   <\/div>\n\t\t\t\t\t                         \t\t\t\t\t                   \n                <\/div>\n\t\t\t\t                    \t\t\t\t            <\/div>\n            <div class=\"info__col info__col_right\">\n\n                                \n                    <div class=\"image-container\">\n                                                    <div class=\"image-parallax-wrapper\">\n                                <div class=\"image-parallax black-overlay\"\n                                     style=\"background-image: url(https:\/\/www.esssecaffe.com\/wp-content\/uploads\/2022\/10\/Specializzazione.jpg)\" data-scroll\n                                     data-scroll-speed=\"-3.5\"><\/div>\n                            <\/div>\n                                            <\/div>\n                \n                \n            <\/div>\n        <\/div>\n    <\/div>\n<\/div>\n\n<\/div>","protected":false},"excerpt":{"rendered":"","protected":false},"author":95,"featured_media":16172,"parent":3904,"menu_order":621,"comment_status":"closed","ping_status":"closed","template":"","meta":{"inline_featured_image":false,"footnotes":""},"class_list":["post-3913","page","type-page","status-publish","has-post-thumbnail","hentry"],"_links":{"self":[{"href":"https:\/\/www.esssecaffe.com\/fr\/wp-json\/wp\/v2\/pages\/3913","targetHints":{"allow":["GET"]}}],"collection":[{"href":"https:\/\/www.esssecaffe.com\/fr\/wp-json\/wp\/v2\/pages"}],"about":[{"href":"https:\/\/www.esssecaffe.com\/fr\/wp-json\/wp\/v2\/types\/page"}],"author":[{"embeddable":true,"href":"https:\/\/www.esssecaffe.com\/fr\/wp-json\/wp\/v2\/users\/95"}],"replies":[{"embeddable":true,"href":"https:\/\/www.esssecaffe.com\/fr\/wp-json\/wp\/v2\/comments?post=3913"}],"version-history":[{"count":0,"href":"https:\/\/www.esssecaffe.com\/fr\/wp-json\/wp\/v2\/pages\/3913\/revisions"}],"up":[{"embeddable":true,"href":"https:\/\/www.esssecaffe.com\/fr\/wp-json\/wp\/v2\/pages\/3904"}],"wp:featuredmedia":[{"embeddable":true,"href":"https:\/\/www.esssecaffe.com\/fr\/wp-json\/wp\/v2\/media\/16172"}],"wp:attachment":[{"href":"https:\/\/www.esssecaffe.com\/fr\/wp-json\/wp\/v2\/media?parent=3913"}],"curies":[{"name":"wp","href":"https:\/\/api.w.org\/{rel}","templated":true}]}}