{"id":3930,"date":"2022-09-21T10:56:00","date_gmt":"2022-09-21T08:56:00","guid":{"rendered":"https:\/\/www.esssecaffe.com\/le-monde-dessse\/notre-engagement\/fondazione-umberto-veronesi\/"},"modified":"2022-09-21T10:58:26","modified_gmt":"2022-09-21T08:58:26","slug":"fondazione-umberto-veronesi","status":"publish","type":"page","link":"https:\/\/www.esssecaffe.com\/fr\/le-monde-dessse\/notre-engagement\/fondazione-umberto-veronesi\/","title":{"rendered":"Fondazione Umberto Veronesi"},"content":{"rendered":"<!-- #### array(1) {\n  [\"fields\"]=>\n  array(3) {\n    [\"block_title\"]=>\n    string(0) \"\"\n    [\"title\"]=>\n    string(27) \"FONDAZIONE UMBERTO VERONESI\"\n    [\"image\"]=>\n    string(75) \"https:\/\/www.esssecaffe.com\/wp-content\/uploads\/2021\/10\/nostro-impegno-bg.jpg\"\n  }\n}\n--><div class=\"top-section top-section_min\" data-scroll-section>\n  <div class=\"mobile-gradient\"><\/div>\n  <div class=\"top-section__bg\" >\n    <div class=\"top-section__bg-inner\">\n      <div class=\"top-section__bg-img\" style=\"background-image: url(https:\/\/www.esssecaffe.com\/wp-content\/uploads\/2024\/03\/codice-etico-Essse-Caffe-scaled.jpg)\" data-id=\"3921\"><\/div>\n    <\/div>\n  <\/div>\n  <div class=\"l-container\">\n    <div class=\"top-section__inner\">\n      <div class=\"top-section__info\" data-scroll>\n        <h1 class=\"main-title text-center reveal-text\" data-scroll>FONDAZIONE UMBERTO VERONESI<\/h1>\n      <\/div>\n    <\/div>\n  <\/div>\n<\/div>\n\n\n\n<div data-scroll-section class=\"l-container\" style=\"margin-bottom: 50px; margin-top: 30px;\"><nav class=\"woocommerce-breadcrumb rank-math-breadcrumb\"><span class=\"last\">Home<\/span><\/nav><\/div>\n\n<div id=\"\" class=\"specific-page-content\">\n\n<div id=\"\" class=\"info   without-title\" data-scroll-section>\n    <div class=\"l-container\">\n        <div class=\"info__row\">\n            <div class=\"info__col info__col_left\">\n                                <div class=\"info__text\">\n                   <div class=\"fade-in-bottom\" data-scroll>\n                       <p>Le partenariat entre Essse Caff\u00e8 et la Fondazione Umberto Veronesi est n\u00e9 il y a plusieurs ann\u00e9es, avec la volont\u00e9 et l\u2019engagement d\u2019Essse de soutenir concr\u00e8tement le travail quotidien des chercheurs de la Fondation et un accent particulier sur le projet \u00abPink is Good\u00bb, qui d\u00e9coule de l\u2019engagement d\u00e9cennal de la Fondation et se donne deux grands objectifs : \u00e9duquer \u00e0 la pr\u00e9vention et financer le travail quotidien des m\u00e9decins et chercheurs par rapport \u00e0 la recherche et au traitement des tumeurs f\u00e9minines.<\/p>\n<p>Ces derni\u00e8res ann\u00e9es, Essse Caff\u00e8 a soutenu la Fondazione Veronesi en lan\u00e7ant une collection de produits sur le th\u00e8me Pink (une tasse en c\u00e9ramique et une bo\u00eete de caf\u00e9 moulu) dont les profits sont destin\u00e9s \u00e0 la Fondation m\u00eame. Parall\u00e8lement \u00e0 cela, on a lanc\u00e9 une collection de tasses, dont le design a \u00e9t\u00e9 con\u00e7u par l\u2019artiste Carlo Bonf\u00e0, qui se sonne par contre pour objectif de soutenir d\u2019autres projets de la Fondation.<\/p>\n<p>Simultan\u00e9ment, Essse Caff\u00e8 combine de fa\u00e7on cyclique diff\u00e9rentes activit\u00e9s; la derni\u00e8re que nous avons organis\u00e9e est \u00abUn caff\u00e8 sospeso per la Ricerca\u00bb. Nous avons impliqu\u00e9 nos clients Horeca et leur avons demand\u00e9 d\u2019\u00eatre porteurs d\u2019un message fondamental: l\u2019importance de l\u2019\u00e9tude des tumeurs f\u00e9minines et de leur pr\u00e9vention. Les clients finaux ont \u00e9t\u00e9 invit\u00e9s \u00e0 y prendre part en faisant un don \u00e9gal \u00e0 la valeur d\u2019un caf\u00e9 dans leur bar de confiance. En r\u00e9ponse \u00e0 ce geste, ils ont re\u00e7u un petit cadeau de remerciement. Cette activit\u00e9 a remport\u00e9 un franc succ\u00e8s et, gr\u00e2ce aux dons collect\u00e9s, nous avons pu garantir une bourse d\u2019\u00e9tudes de la dur\u00e9e d\u2019un an \u00e0 un chercheur de la Fondation.<\/p>\n                   <\/div>\n\t\t\t\t\t                         \t\t\t\t\t                   \n                <\/div>\n\t\t\t\t                    \t\t\t\t            <\/div>\n            <div class=\"info__col info__col_right\">\n\n                                \n                    <div class=\"image-container\">\n                                                    <div class=\"image-parallax-wrapper\">\n                                <div class=\"image-parallax black-overlay\"\n                                     style=\"background-image: url(https:\/\/www.esssecaffe.com\/wp-content\/uploads\/2021\/10\/img-4.png)\" data-scroll\n                                     data-scroll-speed=\"-3.5\"><\/div>\n                            <\/div>\n                                            <\/div>\n                \n                \n            <\/div>\n        <\/div>\n    <\/div>\n<\/div>\n\n<\/div>","protected":false},"excerpt":{"rendered":"","protected":false},"author":95,"featured_media":0,"parent":3921,"menu_order":507,"comment_status":"closed","ping_status":"closed","template":"","meta":{"inline_featured_image":false,"footnotes":""},"class_list":["post-3930","page","type-page","status-publish","hentry"],"_links":{"self":[{"href":"https:\/\/www.esssecaffe.com\/fr\/wp-json\/wp\/v2\/pages\/3930","targetHints":{"allow":["GET"]}}],"collection":[{"href":"https:\/\/www.esssecaffe.com\/fr\/wp-json\/wp\/v2\/pages"}],"about":[{"href":"https:\/\/www.esssecaffe.com\/fr\/wp-json\/wp\/v2\/types\/page"}],"author":[{"embeddable":true,"href":"https:\/\/www.esssecaffe.com\/fr\/wp-json\/wp\/v2\/users\/95"}],"replies":[{"embeddable":true,"href":"https:\/\/www.esssecaffe.com\/fr\/wp-json\/wp\/v2\/comments?post=3930"}],"version-history":[{"count":0,"href":"https:\/\/www.esssecaffe.com\/fr\/wp-json\/wp\/v2\/pages\/3930\/revisions"}],"up":[{"embeddable":true,"href":"https:\/\/www.esssecaffe.com\/fr\/wp-json\/wp\/v2\/pages\/3921"}],"wp:attachment":[{"href":"https:\/\/www.esssecaffe.com\/fr\/wp-json\/wp\/v2\/media?parent=3930"}],"curies":[{"name":"wp","href":"https:\/\/api.w.org\/{rel}","templated":true}]}}