{"id":3932,"date":"2022-09-21T10:56:20","date_gmt":"2022-09-21T08:56:20","guid":{"rendered":"https:\/\/www.esssecaffe.com\/le-monde-dessse\/notre-engagement\/fondazione-per-lo-sport-silvia-rinaldi-onlus-et-sportfund-onlus\/"},"modified":"2022-09-28T10:15:55","modified_gmt":"2022-09-28T08:15:55","slug":"fondazione-per-lo-sport-silvia-rinaldi-onlus-et-sportfund-onlus","status":"publish","type":"page","link":"https:\/\/www.esssecaffe.com\/fr\/le-monde-dessse\/notre-engagement\/fondazione-per-lo-sport-silvia-rinaldi-onlus-et-sportfund-onlus\/","title":{"rendered":"Fondazione per lo sport Silvia Rinaldi onlus et sportfund onlus"},"content":{"rendered":"<!-- #### array(1) {\n  [\"fields\"]=>\n  array(3) {\n    [\"block_title\"]=>\n    string(0) \"\"\n    [\"title\"]=>\n    string(63) \"Fondazione per lo sport Silvia Rinaldi onlus et sportfund onlus\"\n    [\"image\"]=>\n    string(0) \"\"\n  }\n}\n--><div class=\"top-section top-section_min\" data-scroll-section>\n  <div class=\"mobile-gradient\"><\/div>\n  <div class=\"top-section__bg\" >\n    <div class=\"top-section__bg-inner\">\n      <div class=\"top-section__bg-img\" style=\"background-image: url(https:\/\/www.esssecaffe.com\/wp-content\/uploads\/2024\/03\/codice-etico-Essse-Caffe-scaled.jpg)\" data-id=\"3921\"><\/div>\n    <\/div>\n  <\/div>\n  <div class=\"l-container\">\n    <div class=\"top-section__inner\">\n      <div class=\"top-section__info\" data-scroll>\n        <h1 class=\"main-title text-center reveal-text\" data-scroll>Fondazione per lo sport Silvia Rinaldi onlus et sportfund onlus<\/h1>\n      <\/div>\n    <\/div>\n  <\/div>\n<\/div>\n\n\n\n<div data-scroll-section class=\"l-container\" style=\"margin-bottom: 50px; margin-top: 30px;\"><nav class=\"woocommerce-breadcrumb rank-math-breadcrumb\"><span class=\"last\">Home<\/span><\/nav><\/div>\n\n<div id=\"\" class=\"specific-page-content\">\n\n<div id=\"\" class=\"info  reverse without-title\" data-scroll-section>\n    <div class=\"l-container\">\n        <div class=\"info__row\">\n            <div class=\"info__col info__col_left\">\n                                <div class=\"info__text\">\n                   <div class=\"fade-in-bottom\" data-scroll>\n                       <p>Essse Caff\u00e8 s\u2019est toujours souci\u00e9e du th\u00e8me du sport, c\u2019est pourquoi ces derni\u00e8res ann\u00e9es, nous nous sommes concentr\u00e9s sur le soutien de r\u00e9alit\u00e9s telles que Sportfund Onlus et Fondazione per lo sport Silvia Rinaldi Onlus qui s\u2019occupent de l\u2019organisation et de la promotion d\u2019activit\u00e9s sportives et inclusives de diff\u00e9rents types d\u00e9di\u00e9es aux personnes handicap\u00e9es.<\/p>\n<p>En 2019, en collaboration avec Sportfund Onlus, nous avons accueilli dans notre magasin de Via Galliera \u00e0 Bologne l\u2019exposition photographique \u00ab\u00a0Siblings in Sport\u00a0\u00bb, qui combine notre amour pour le sport avec l\u2019art et l\u2019attention \u00e0 une vision inclusive dans tous les domaines\u00a0: l\u2019exposition \u00e9tait en effet compos\u00e9e de diff\u00e9rents clich\u00e9s d\u00e9di\u00e9s aux couples de fr\u00e8res et s\u0153urs qui d\u00e9fient le handicap et se battent ensemble pour le succ\u00e8s et la victoire sportive.<\/p>\n                   <\/div>\n\t\t\t\t\t                         \t\t\t\t\t                   \n                <\/div>\n\t\t\t\t                    \t\t\t\t            <\/div>\n            <div class=\"info__col info__col_right\">\n\n                \n            <\/div>\n        <\/div>\n    <\/div>\n<\/div>\n\n<\/div>","protected":false},"excerpt":{"rendered":"","protected":false},"author":95,"featured_media":0,"parent":3921,"menu_order":506,"comment_status":"closed","ping_status":"closed","template":"","meta":{"inline_featured_image":false,"footnotes":""},"class_list":["post-3932","page","type-page","status-publish","hentry"],"_links":{"self":[{"href":"https:\/\/www.esssecaffe.com\/fr\/wp-json\/wp\/v2\/pages\/3932","targetHints":{"allow":["GET"]}}],"collection":[{"href":"https:\/\/www.esssecaffe.com\/fr\/wp-json\/wp\/v2\/pages"}],"about":[{"href":"https:\/\/www.esssecaffe.com\/fr\/wp-json\/wp\/v2\/types\/page"}],"author":[{"embeddable":true,"href":"https:\/\/www.esssecaffe.com\/fr\/wp-json\/wp\/v2\/users\/95"}],"replies":[{"embeddable":true,"href":"https:\/\/www.esssecaffe.com\/fr\/wp-json\/wp\/v2\/comments?post=3932"}],"version-history":[{"count":0,"href":"https:\/\/www.esssecaffe.com\/fr\/wp-json\/wp\/v2\/pages\/3932\/revisions"}],"up":[{"embeddable":true,"href":"https:\/\/www.esssecaffe.com\/fr\/wp-json\/wp\/v2\/pages\/3921"}],"wp:attachment":[{"href":"https:\/\/www.esssecaffe.com\/fr\/wp-json\/wp\/v2\/media?parent=3932"}],"curies":[{"name":"wp","href":"https:\/\/api.w.org\/{rel}","templated":true}]}}