{"id":3938,"date":"2022-09-21T11:00:05","date_gmt":"2022-09-21T09:00:05","guid":{"rendered":"https:\/\/www.esssecaffe.com\/le-monde-dessse\/essse-cafe-dans-le-monde\/"},"modified":"2022-11-22T14:24:58","modified_gmt":"2022-11-22T13:24:58","slug":"essse-cafe-dans-le-monde","status":"publish","type":"page","link":"https:\/\/www.esssecaffe.com\/fr\/le-monde-dessse\/essse-cafe-dans-le-monde\/","title":{"rendered":"Essse caf\u00e9 dans le monde"},"content":{"rendered":"<!-- #### array(1) {\n  [\"fields\"]=>\n  array(3) {\n    [\"block_title\"]=>\n    string(0) \"\"\n    [\"title\"]=>\n    string(25) \"Essse caf\u00e9 dans le monde\"\n    [\"image\"]=>\n    string(0) \"\"\n  }\n}\n--><div class=\"top-section top-section_min\" data-scroll-section>\n  <div class=\"mobile-gradient\"><\/div>\n  <div class=\"top-section__bg\" >\n    <div class=\"top-section__bg-inner\">\n      <div class=\"top-section__bg-img\" style=\"background-image: url(https:\/\/www.esssecaffe.com\/wp-content\/uploads\/2022\/09\/foto-banner.jpg)\" data-id=\"3904\"><\/div>\n    <\/div>\n  <\/div>\n  <div class=\"l-container\">\n    <div class=\"top-section__inner\">\n      <div class=\"top-section__info\" data-scroll>\n        <h1 class=\"main-title text-center reveal-text\" data-scroll>Essse caf\u00e9 dans le monde<\/h1>\n      <\/div>\n    <\/div>\n  <\/div>\n<\/div>\n\n\n\n<div data-scroll-section class=\"l-container\" style=\"margin-bottom: 50px; margin-top: 30px;\"><nav class=\"woocommerce-breadcrumb rank-math-breadcrumb\"><span class=\"last\">Home<\/span><\/nav><\/div>\n\n<div id=\"\" class=\"specific-page-content\">\n\n<div id=\"\" class=\"info  reverse without-title\" data-scroll-section>\n    <div class=\"l-container\">\n        <div class=\"info__row\">\n            <div class=\"info__col info__col_left\">\n                                <div class=\"info__text\">\n                   <div class=\"fade-in-bottom\" data-scroll>\n                       <p>Apr\u00e8s plus de vingt ans d\u2019exp\u00e9rience qui nous a permis d\u2019avoir une position de leader dans le secteur HORECA en Italie, \u00e0 partir des ann\u00e9es 2000, Essse Caff\u00e8 d\u00e9cide de sortir des fronti\u00e8res nationales \u00e0 la conqu\u00eate de nouveaux march\u00e9s.<\/p>\n<p>Aujourd\u2019hui, nous sommes pr\u00e9sents dans plus de 60 pays avec une position de chef de file dans certains d\u2019entre eux. Chaque ann\u00e9e, gr\u00e2ce \u00e0 nos initiatives, nous parvenons \u00e0 construire de nouveaux partenariats en \u00e9largissant notre r\u00e9seau de distributeurs et nous aidons, en m\u00eame temps, nos partenaires \u00e0 se d\u00e9velopper de fa\u00e7on organique avec une strat\u00e9gie sur le long terme.<\/p>\n<p>Faire face aux march\u00e9s \u00e9trangers repr\u00e9sente pour nous un d\u00e9fi ambitieux et passionnant, qui nous stimule constamment \u00e0 nous am\u00e9liorer pour r\u00e9pondre \u00e0 tous les besoins de nos clients. Chaque ann\u00e9e, nous mettons sur le march\u00e9 de nouveaux services et produits pour rendre notre produit unique et comp\u00e9titif aux quatre coins du monde.<\/p>\n<p>Nous disposons d\u2019un r\u00e9seau de distributeurs fiables et s\u00e9lectionn\u00e9s qui travaillent en partageant notre code d\u2019\u00e9thique, notre vision et mission d\u2019entreprise.<\/p>\n<p>La qualit\u00e9, la constance et la persistance de notre caf\u00e9 sont la carte de visite avec laquelle nous nous pr\u00e9sentons et notre fiabilit\u00e9 est la garantie d\u2019une pr\u00e9sence ancr\u00e9e dans le temps. Mais cela ne s\u2019arr\u00eate pas l\u00e0. Notre contribution au d\u00e9veloppement de la culture de l\u2019expresso italien est notre plus grande satisfaction. Notre programme de formation avec un soutien local est la cl\u00e9 du succ\u00e8s de nos distributeurs.<\/p>\n<p>Nos managers et notre \u00e9quipe du bureau \u00e9tranger sont pr\u00eats \u00e0 fournir le soutien n\u00e9cessaire pour aider nos partenaires dans la croissance et le d\u00e9veloppement sur les diff\u00e9rents march\u00e9s. En outre, la rapidit\u00e9 dans l\u2019\u00e9laboration de r\u00e9ponses rapides et la r\u00e9solution des probl\u00e8mes \u00e9ventuels est notre point fort.<\/p>\n<p>Essse Caff\u00e8 participe chaque ann\u00e9e aux plus importants salons internationaux du secteur, cela nous permet tout d\u2019abord d\u2019augmenter notre visibilit\u00e9 et donne \u00e9galement \u00e0 nos partenaires l\u2019occasion de se rencontrer pour apprendre \u00e0 se conna\u00eetre, se mesurer et se soutenir r\u00e9ciproquement.<\/p>\n<p>\u00a0<\/p>\n                   <\/div>\n\t\t\t\t\t                         \t\t\t\t\t                   \n                <\/div>\n\t\t\t\t                    \t\t\t\t            <\/div>\n            <div class=\"info__col info__col_right\">\n\n                                \n                    <div class=\"image-container\">\n                                                    <div class=\"image-parallax-wrapper\">\n                                <div class=\"image-parallax black-overlay\"\n                                     style=\"background-image: url(https:\/\/www.esssecaffe.com\/wp-content\/uploads\/2022\/10\/Essse-nel-mondo.jpg)\" data-scroll\n                                     data-scroll-speed=\"-3.5\"><\/div>\n                            <\/div>\n                                            <\/div>\n                \n                \n            <\/div>\n        <\/div>\n    <\/div>\n<\/div>\n\n<div class=\"info-more-section info-more-section_contacts\" data-scroll-section>\n    <div class=\"l-container\">\n        <div class=\"info-more\">\n            <h2 class=\"info-more__title text-center title-decoration reveal-text\" data-scroll>Contactez-nous<\/h2>\n            <p class=\"fade-in-bottom text-center\" data-scroll>Remplissez notre formulaire de contact ci-dessous<\/p>\n        <\/div>\n    <\/div>\n<\/div>\n\n\n<div class=\"contact-form-wrapper\" data-scroll-section>\n    <div class=\"l-container\">\n        <h2 class=\"section-title contact-form-section__title text-center reveal-text\" data-scroll>\n                    <\/h2>\n       <div class=\"fade-in-bottom\" data-scroll>\n           \n<div class=\"wpcf7 no-js\" id=\"wpcf7-f9982-o1\" lang=\"fr-FR\" dir=\"ltr\" data-wpcf7-id=\"9982\">\n<div class=\"screen-reader-response\"><p role=\"status\" aria-live=\"polite\" aria-atomic=\"true\"><\/p> <ul><\/ul><\/div>\n<form action=\"\/fr\/wp-json\/wp\/v2\/pages\/3938#wpcf7-f9982-o1\" method=\"post\" class=\"wpcf7-form init contact-form\" aria-label=\"Formulaire de contact\" novalidate=\"novalidate\" data-status=\"init\">\n<fieldset class=\"hidden-fields-container\"><input type=\"hidden\" name=\"_wpcf7\" value=\"9982\" \/><input type=\"hidden\" name=\"_wpcf7_version\" value=\"6.1.5\" \/><input type=\"hidden\" name=\"_wpcf7_locale\" value=\"fr_FR\" \/><input type=\"hidden\" name=\"_wpcf7_unit_tag\" value=\"wpcf7-f9982-o1\" \/><input type=\"hidden\" name=\"_wpcf7_container_post\" value=\"0\" \/><input type=\"hidden\" name=\"_wpcf7_posted_data_hash\" value=\"\" \/><input type=\"hidden\" name=\"_wpcf7_recaptcha_response\" value=\"\" \/>\n<\/fieldset>\n<div class=\"contact-form__container\">\n<div class=\"contact-form__row\">\n<div class=\"form-group\">\n<label for=\"first-name\">Nom *<\/label>\n<span class=\"wpcf7-form-control-wrap\" data-name=\"first_name\"><input size=\"40\" maxlength=\"400\" class=\"wpcf7-form-control wpcf7-text wpcf7-validates-as-required\" id=\"first-name\" aria-required=\"true\" aria-invalid=\"false\" value=\"\" type=\"text\" name=\"first_name\" \/><\/span>\n<\/div>\n<div class=\"form-group\">\n<label for=\"last-name\">Pr\u00e9nom *<\/label>\n<span class=\"wpcf7-form-control-wrap\" data-name=\"last_name\"><input size=\"40\" maxlength=\"400\" class=\"wpcf7-form-control wpcf7-text wpcf7-validates-as-required\" id=\"last-name\" aria-required=\"true\" aria-invalid=\"false\" value=\"\" type=\"text\" name=\"last_name\" \/><\/span>\n<\/div>\n<\/div>\n<div class=\"contact-form__row\">\n<div class=\"form-group\">\n<label for=\"last-name\">Nom de l'entreprise<\/label>\n<span class=\"wpcf7-form-control-wrap\" data-name=\"ragione_sociale\"><input size=\"40\" maxlength=\"400\" class=\"wpcf7-form-control wpcf7-text wpcf7-validates-as-required\" id=\"ragione-sociale\" aria-required=\"true\" aria-invalid=\"false\" value=\"\" type=\"text\" name=\"ragione_sociale\" \/><\/span>\n<\/div>\n<div class=\"form-group\">\n<label for=\"products\">Ville*<\/label>\n<span class=\"wpcf7-form-control-wrap\" data-name=\"city\"><select class=\"wpcf7-form-control wpcf7-select wpcf7-validates-as-required\" id=\"city\" aria-required=\"true\" aria-invalid=\"false\" name=\"city\"><option value=\"\">S\u00e9lectionnez<\/option><option value=\"S\u00e9lectionnez2\">S\u00e9lectionnez2<\/option><option value=\"S\u00e9lectionnez3\">S\u00e9lectionnez3<\/option><option value=\"S\u00e9lectionnez4\">S\u00e9lectionnez4<\/option><\/select><\/span>\n<\/div>\n<\/div>\n<div class=\"contact-form__row\">\n<div class=\"form-group\">\n<label for=\"last-name\">Province<\/label>\n<span class=\"wpcf7-form-control-wrap\" data-name=\"provincia\"><input size=\"40\" maxlength=\"400\" class=\"wpcf7-form-control wpcf7-text wpcf7-validates-as-required\" id=\"provincia\" aria-required=\"true\" aria-invalid=\"false\" value=\"\" type=\"text\" name=\"provincia\" \/><\/span>\n<\/div>\n<div class=\"form-group\">\n<label for=\"email\">Email*<\/label>\n<span class=\"wpcf7-form-control-wrap\" data-name=\"email\"><input size=\"40\" maxlength=\"400\" class=\"wpcf7-form-control wpcf7-email wpcf7-validates-as-required wpcf7-text wpcf7-validates-as-email\" id=\"email\" aria-required=\"true\" aria-invalid=\"false\" value=\"\" type=\"email\" name=\"email\" \/><\/span>\n<\/div>\n<\/div>\n<div class=\"contact-form__row\">\n<div class=\"form-group\">\n<label for=\"tel\">T\u00e9l\u00e9phone*<\/label>\n<span class=\"wpcf7-form-control-wrap\" data-name=\"phone\"><input size=\"40\" maxlength=\"400\" class=\"wpcf7-form-control wpcf7-tel wpcf7-validates-as-required wpcf7-text wpcf7-validates-as-tel\" id=\"tel\" aria-required=\"true\" aria-invalid=\"false\" value=\"\" type=\"tel\" name=\"phone\" \/><\/span>\n<\/div>\n<\/div>\n<div class=\"textarea-group\">\n<div class=\"form-group\">\n<label for=\"message\">Laisser un message *<\/label>\n<span class=\"wpcf7-form-control-wrap\" data-name=\"message\"><textarea cols=\"40\" rows=\"10\" maxlength=\"2000\" class=\"wpcf7-form-control wpcf7-textarea wpcf7-validates-as-required\" id=\"message\" aria-required=\"true\" aria-invalid=\"false\" name=\"message\"><\/textarea><\/span>\n<\/div>\n<\/div>\n<div class=\"acceptance\">\n<span class=\"acceptance-title\">Consentement explicite*<\/span><span class=\"wpcf7-form-control-wrap\" data-name=\"acceptance\"><span class=\"wpcf7-form-control wpcf7-acceptance\"><span class=\"wpcf7-list-item\"><input type=\"checkbox\" name=\"acceptance\" value=\"1\" id=\"checkbox\" aria-invalid=\"false\" \/><\/span><\/span><\/span>\n<label class=\"acceptance-label\" for=\"checkbox\"><span>J'autorise le traitement de mes donn\u00e9es afin de r\u00e9pondre \u00e0 ma demande.<br> Les donn\u00e9es personnelles seront trait\u00e9es conform\u00e9ment \u00e0 la d\u00e9claration figurant dans la section <a target=\"_blank\" href=\"#\">Protection de la vie priv\u00e9e<\/a><\/span><\/label>\n<\/div>\n<div class=\"centered-content\"><input class=\"wpcf7-form-control wpcf7-submit has-spinner form-btn\" type=\"submit\" value=\"Envoyer le message\" \/><\/div>\n<\/div><div class=\"wpcf7-response-output\" aria-hidden=\"true\"><\/div>\n<\/form>\n<\/div>\n           <a href=\"#show-form\" class=\"main-button form-btn toggle-form-mobile__btn\">Clicca qui<\/a>\n       <\/div>\n    <\/div>\n<\/div>\n\n<\/div>","protected":false},"excerpt":{"rendered":"","protected":false},"author":95,"featured_media":6771,"parent":3904,"menu_order":616,"comment_status":"closed","ping_status":"closed","template":"","meta":{"inline_featured_image":false,"footnotes":""},"class_list":["post-3938","page","type-page","status-publish","has-post-thumbnail","hentry"],"_links":{"self":[{"href":"https:\/\/www.esssecaffe.com\/fr\/wp-json\/wp\/v2\/pages\/3938","targetHints":{"allow":["GET"]}}],"collection":[{"href":"https:\/\/www.esssecaffe.com\/fr\/wp-json\/wp\/v2\/pages"}],"about":[{"href":"https:\/\/www.esssecaffe.com\/fr\/wp-json\/wp\/v2\/types\/page"}],"author":[{"embeddable":true,"href":"https:\/\/www.esssecaffe.com\/fr\/wp-json\/wp\/v2\/users\/95"}],"replies":[{"embeddable":true,"href":"https:\/\/www.esssecaffe.com\/fr\/wp-json\/wp\/v2\/comments?post=3938"}],"version-history":[{"count":0,"href":"https:\/\/www.esssecaffe.com\/fr\/wp-json\/wp\/v2\/pages\/3938\/revisions"}],"up":[{"embeddable":true,"href":"https:\/\/www.esssecaffe.com\/fr\/wp-json\/wp\/v2\/pages\/3904"}],"wp:featuredmedia":[{"embeddable":true,"href":"https:\/\/www.esssecaffe.com\/fr\/wp-json\/wp\/v2\/media\/6771"}],"wp:attachment":[{"href":"https:\/\/www.esssecaffe.com\/fr\/wp-json\/wp\/v2\/media?parent=3938"}],"curies":[{"name":"wp","href":"https:\/\/api.w.org\/{rel}","templated":true}]}}