{"id":3992,"date":"2022-09-21T11:46:41","date_gmt":"2022-09-21T09:46:41","guid":{"rendered":"https:\/\/www.esssecaffe.com\/ligne-professionnelle\/pour-les-professionnels\/services-pour-les-professionnels\/merchandisage\/"},"modified":"2022-11-22T14:40:18","modified_gmt":"2022-11-22T13:40:18","slug":"merchandisage","status":"publish","type":"page","link":"https:\/\/www.esssecaffe.com\/fr\/ligne-professionnelle\/pour-les-professionnels\/services-pour-les-professionnels\/merchandisage\/","title":{"rendered":"Merchandisage"},"content":{"rendered":"<!-- #### array(1) {\n  [\"fields\"]=>\n  array(3) {\n    [\"block_title\"]=>\n    string(0) \"\"\n    [\"title\"]=>\n    string(13) \"Merchandisage\"\n    [\"image\"]=>\n    string(95) \"https:\/\/www.esssecaffe.com\/wp-content\/uploads\/2022\/09\/Servizi-per-i-professionisti-3-scaled.jpg\"\n  }\n}\n--><div class=\"top-section top-section_min\" data-scroll-section>\n  <div class=\"mobile-gradient\"><\/div>\n  <div class=\"top-section__bg\" >\n    <div class=\"top-section__bg-inner\">\n      <div class=\"top-section__bg-img\" style=\"background-image: url(https:\/\/www.esssecaffe.com\/wp-content\/uploads\/2022\/09\/Servizi-per-i-professionisti-3-scaled.jpg)\" data-id=\"3955\"><\/div>\n    <\/div>\n  <\/div>\n  <div class=\"l-container\">\n    <div class=\"top-section__inner\">\n      <div class=\"top-section__info\" data-scroll>\n        <h1 class=\"main-title text-center reveal-text\" data-scroll>Merchandisage<\/h1>\n      <\/div>\n    <\/div>\n  <\/div>\n<\/div>\n\n\n\n<div data-scroll-section class=\"l-container\" style=\"margin-bottom: 50px; margin-top: 30px;\"><nav class=\"woocommerce-breadcrumb rank-math-breadcrumb\"><span class=\"last\">Home<\/span><\/nav><\/div>\n\n<div id=\"\" class=\"\">\n\n<div id=\"\" class=\"info  reverse without-title\" data-scroll-section>\n    <div class=\"l-container\">\n        <div class=\"info__row\">\n            <div class=\"info__col info__col_left\">\n                                <div class=\"info__text\">\n                   <div class=\"fade-in-bottom\" data-scroll>\n                       <p>L\u2019art du v\u00e9ritable \u00abExpresso Italiano\u00bb s\u2019exprime sous de nombreuses formes.<\/p>\n<p>Le moment de la d\u00e9gustation, quand on sirote un expresso extrait dans les r\u00e8gles de l\u2019art, est le couronnement d\u2019une exp\u00e9rience qui commence par le regard.<\/p>\n<p>Lorsque nous franchissons le seuil d\u2019un \u00e9tablissement, tout ce qui nous entoure est important et il est essentiel de transmettre aussi les valeurs de l\u2019activit\u00e9 par l\u2019image. C\u2019est pourquoi, chez Essse Caff\u00e8, nous mettons \u00e0 la disposition des bars et des p\u00e2tisseries une large gamme d\u2019accessoires qui soulignent l\u2019attention de l\u2019entreprise sur la qualit\u00e9 et le design.<\/p>\n<p>Tasses, assiettes et verres, mais aussi porte-sucre, porte-serviettes, tabliers, horloges murales, plaques et posters: tout ce dont vous avez besoin pour donner \u00e0 votre restaurant une atmosph\u00e8re recherch\u00e9e et de qualit\u00e9.<\/p>\n                   <\/div>\n\t\t\t\t\t                         \t\t\t\t\t                   \n                <\/div>\n\t\t\t\t                    \t\t\t\t            <\/div>\n            <div class=\"info__col info__col_right\">\n\n                                \n                    <div class=\"image-container\">\n                                                    <div class=\"image-parallax-wrapper\">\n                                <div class=\"image-parallax black-overlay\"\n                                     style=\"background-image: url(https:\/\/www.esssecaffe.com\/wp-content\/uploads\/2022\/09\/merch.jpg)\" data-scroll\n                                     data-scroll-speed=\"-3.5\"><\/div>\n                            <\/div>\n                                            <\/div>\n                \n                \n            <\/div>\n        <\/div>\n    <\/div>\n<\/div>\n\n<div class=\"info-more-section info-more-section_contacts\" data-scroll-section>\n    <div class=\"l-container\">\n        <div class=\"info-more\">\n            <h2 class=\"info-more__title text-center title-decoration reveal-text\" data-scroll>Contactez-nous<\/h2>\n            <p class=\"fade-in-bottom text-center\" data-scroll>REMPLISSEZ NOTRE FORMULAIRE DE CONTACT CI-DESSOUS.<\/p>\n        <\/div>\n    <\/div>\n<\/div>\n\n\n<div class=\"contact-form-wrapper\" data-scroll-section>\n    <div class=\"l-container\">\n        <h2 class=\"section-title contact-form-section__title text-center reveal-text\" data-scroll>\n                    <\/h2>\n       <div class=\"fade-in-bottom\" data-scroll>\n           \n<div class=\"wpcf7 no-js\" id=\"wpcf7-f9982-o1\" lang=\"fr-FR\" dir=\"ltr\" data-wpcf7-id=\"9982\">\n<div class=\"screen-reader-response\"><p role=\"status\" aria-live=\"polite\" aria-atomic=\"true\"><\/p> <ul><\/ul><\/div>\n<form action=\"\/fr\/wp-json\/wp\/v2\/pages\/3992#wpcf7-f9982-o1\" method=\"post\" class=\"wpcf7-form init contact-form\" aria-label=\"Formulaire de contact\" novalidate=\"novalidate\" data-status=\"init\">\n<fieldset class=\"hidden-fields-container\"><input type=\"hidden\" name=\"_wpcf7\" value=\"9982\" \/><input type=\"hidden\" name=\"_wpcf7_version\" value=\"6.1.5\" \/><input type=\"hidden\" name=\"_wpcf7_locale\" value=\"fr_FR\" \/><input type=\"hidden\" name=\"_wpcf7_unit_tag\" value=\"wpcf7-f9982-o1\" \/><input type=\"hidden\" name=\"_wpcf7_container_post\" value=\"0\" \/><input type=\"hidden\" name=\"_wpcf7_posted_data_hash\" value=\"\" \/><input type=\"hidden\" name=\"_wpcf7_recaptcha_response\" value=\"\" \/>\n<\/fieldset>\n<div class=\"contact-form__container\">\n<div class=\"contact-form__row\">\n<div class=\"form-group\">\n<label for=\"first-name\">Nom *<\/label>\n<span class=\"wpcf7-form-control-wrap\" data-name=\"first_name\"><input size=\"40\" maxlength=\"400\" class=\"wpcf7-form-control wpcf7-text wpcf7-validates-as-required\" id=\"first-name\" aria-required=\"true\" aria-invalid=\"false\" value=\"\" type=\"text\" name=\"first_name\" \/><\/span>\n<\/div>\n<div class=\"form-group\">\n<label for=\"last-name\">Pr\u00e9nom *<\/label>\n<span class=\"wpcf7-form-control-wrap\" data-name=\"last_name\"><input size=\"40\" maxlength=\"400\" class=\"wpcf7-form-control wpcf7-text wpcf7-validates-as-required\" id=\"last-name\" aria-required=\"true\" aria-invalid=\"false\" value=\"\" type=\"text\" name=\"last_name\" \/><\/span>\n<\/div>\n<\/div>\n<div class=\"contact-form__row\">\n<div class=\"form-group\">\n<label for=\"last-name\">Nom de l'entreprise<\/label>\n<span class=\"wpcf7-form-control-wrap\" data-name=\"ragione_sociale\"><input size=\"40\" maxlength=\"400\" class=\"wpcf7-form-control wpcf7-text wpcf7-validates-as-required\" id=\"ragione-sociale\" aria-required=\"true\" aria-invalid=\"false\" value=\"\" type=\"text\" name=\"ragione_sociale\" \/><\/span>\n<\/div>\n<div class=\"form-group\">\n<label for=\"products\">Ville*<\/label>\n<span class=\"wpcf7-form-control-wrap\" data-name=\"city\"><select class=\"wpcf7-form-control wpcf7-select wpcf7-validates-as-required\" id=\"city\" aria-required=\"true\" aria-invalid=\"false\" name=\"city\"><option value=\"\">S\u00e9lectionnez<\/option><option value=\"S\u00e9lectionnez2\">S\u00e9lectionnez2<\/option><option value=\"S\u00e9lectionnez3\">S\u00e9lectionnez3<\/option><option value=\"S\u00e9lectionnez4\">S\u00e9lectionnez4<\/option><\/select><\/span>\n<\/div>\n<\/div>\n<div class=\"contact-form__row\">\n<div class=\"form-group\">\n<label for=\"last-name\">Province<\/label>\n<span class=\"wpcf7-form-control-wrap\" data-name=\"provincia\"><input size=\"40\" maxlength=\"400\" class=\"wpcf7-form-control wpcf7-text wpcf7-validates-as-required\" id=\"provincia\" aria-required=\"true\" aria-invalid=\"false\" value=\"\" type=\"text\" name=\"provincia\" \/><\/span>\n<\/div>\n<div class=\"form-group\">\n<label for=\"email\">Email*<\/label>\n<span class=\"wpcf7-form-control-wrap\" data-name=\"email\"><input size=\"40\" maxlength=\"400\" class=\"wpcf7-form-control wpcf7-email wpcf7-validates-as-required wpcf7-text wpcf7-validates-as-email\" id=\"email\" aria-required=\"true\" aria-invalid=\"false\" value=\"\" type=\"email\" name=\"email\" \/><\/span>\n<\/div>\n<\/div>\n<div class=\"contact-form__row\">\n<div class=\"form-group\">\n<label for=\"tel\">T\u00e9l\u00e9phone*<\/label>\n<span class=\"wpcf7-form-control-wrap\" data-name=\"phone\"><input size=\"40\" maxlength=\"400\" class=\"wpcf7-form-control wpcf7-tel wpcf7-validates-as-required wpcf7-text wpcf7-validates-as-tel\" id=\"tel\" aria-required=\"true\" aria-invalid=\"false\" value=\"\" type=\"tel\" name=\"phone\" \/><\/span>\n<\/div>\n<\/div>\n<div class=\"textarea-group\">\n<div class=\"form-group\">\n<label for=\"message\">Laisser un message *<\/label>\n<span class=\"wpcf7-form-control-wrap\" data-name=\"message\"><textarea cols=\"40\" rows=\"10\" maxlength=\"2000\" class=\"wpcf7-form-control wpcf7-textarea wpcf7-validates-as-required\" id=\"message\" aria-required=\"true\" aria-invalid=\"false\" name=\"message\"><\/textarea><\/span>\n<\/div>\n<\/div>\n<div class=\"acceptance\">\n<span class=\"acceptance-title\">Consentement explicite*<\/span><span class=\"wpcf7-form-control-wrap\" data-name=\"acceptance\"><span class=\"wpcf7-form-control wpcf7-acceptance\"><span class=\"wpcf7-list-item\"><input type=\"checkbox\" name=\"acceptance\" value=\"1\" id=\"checkbox\" aria-invalid=\"false\" \/><\/span><\/span><\/span>\n<label class=\"acceptance-label\" for=\"checkbox\"><span>J'autorise le traitement de mes donn\u00e9es afin de r\u00e9pondre \u00e0 ma demande.<br> Les donn\u00e9es personnelles seront trait\u00e9es conform\u00e9ment \u00e0 la d\u00e9claration figurant dans la section <a target=\"_blank\" href=\"#\">Protection de la vie priv\u00e9e<\/a><\/span><\/label>\n<\/div>\n<div class=\"centered-content\"><input class=\"wpcf7-form-control wpcf7-submit has-spinner form-btn\" type=\"submit\" value=\"Envoyer le message\" \/><\/div>\n<\/div><div class=\"wpcf7-response-output\" aria-hidden=\"true\"><\/div>\n<\/form>\n<\/div>\n           <a href=\"#show-form\" class=\"main-button form-btn toggle-form-mobile__btn\">Clicca qui<\/a>\n       <\/div>\n    <\/div>\n<\/div>\n\n<\/div>","protected":false},"excerpt":{"rendered":"","protected":false},"author":95,"featured_media":0,"parent":3955,"menu_order":600,"comment_status":"closed","ping_status":"closed","template":"","meta":{"inline_featured_image":false,"footnotes":""},"class_list":["post-3992","page","type-page","status-publish","hentry"],"_links":{"self":[{"href":"https:\/\/www.esssecaffe.com\/fr\/wp-json\/wp\/v2\/pages\/3992","targetHints":{"allow":["GET"]}}],"collection":[{"href":"https:\/\/www.esssecaffe.com\/fr\/wp-json\/wp\/v2\/pages"}],"about":[{"href":"https:\/\/www.esssecaffe.com\/fr\/wp-json\/wp\/v2\/types\/page"}],"author":[{"embeddable":true,"href":"https:\/\/www.esssecaffe.com\/fr\/wp-json\/wp\/v2\/users\/95"}],"replies":[{"embeddable":true,"href":"https:\/\/www.esssecaffe.com\/fr\/wp-json\/wp\/v2\/comments?post=3992"}],"version-history":[{"count":0,"href":"https:\/\/www.esssecaffe.com\/fr\/wp-json\/wp\/v2\/pages\/3992\/revisions"}],"up":[{"embeddable":true,"href":"https:\/\/www.esssecaffe.com\/fr\/wp-json\/wp\/v2\/pages\/3955"}],"wp:attachment":[{"href":"https:\/\/www.esssecaffe.com\/fr\/wp-json\/wp\/v2\/media?parent=3992"}],"curies":[{"name":"wp","href":"https:\/\/api.w.org\/{rel}","templated":true}]}}