{"id":3995,"date":"2022-09-21T11:49:59","date_gmt":"2022-09-21T09:49:59","guid":{"rendered":"https:\/\/www.esssecaffe.com\/ligne-professionnelle\/domaine-ocs-et-vending\/"},"modified":"2022-11-22T14:45:30","modified_gmt":"2022-11-22T13:45:30","slug":"domaine-ocs-et-vending","status":"publish","type":"page","link":"https:\/\/www.esssecaffe.com\/fr\/ligne-professionnelle\/domaine-ocs-et-vending\/","title":{"rendered":"Domaine OCS et vending"},"content":{"rendered":"<div class=\"top-section full-screen-section\" data-scroll-section>\n\n    <div class=\"top-section__bg\">\n    <div class=\"top-section__bg-img\" style=\"background-image: url(https:\/\/www.esssecaffe.com\/wp-content\/uploads\/2021\/12\/Essse_prova01_retouch_00017-scaled.jpg)\" data-scroll><\/div>\n\n    <\/div>\n    <div class=\"l-container\">rddd\n        <div class=\"top-section__inner\">\n            <div class=\"top-section__info\" data-scroll>\n                <div class=\"top-section__info-inner\">\n                    <h1 class=\"main-title text-center reveal-text\" data-scroll>Domaine OCS et vending<\/h1>\n                    <p class=\"main-description text-center fade-in-bottom\" data-scroll>Essse Caff\u00e8, apr\u00e8s \u00eatre devenue une entreprise leader dans le monde Ho.re.ca, a transf\u00e9r\u00e9 aussi tout son savoir-faire dans le domaine OCS (service de caf\u00e9 de bureau) et vending afin d\u2019offrir le plaisir unique d\u2019un caf\u00e9 sp\u00e9cial m\u00eame pendant la pause au travail. Pour garantir la plus haute qualit\u00e9 dans la tasse, \u00e0 la hauteur de nos standards, nous avons mis au point un syst\u00e8me propri\u00e9taire machine et capsules, con\u00e7u et brevet\u00e9 chez Essse Caff\u00e8, parall\u00e8lement \u00e0 une structure d\u2019assistance d\u00e9di\u00e9e. \n\u00c0 la qualit\u00e9 du caf\u00e9, nous unissons une large gamme de services: une distribution \u00e9tendue sur tout le territoire national avec une livraison ponctuelle de nos produits: des machines \u00e0 une gamme compl\u00e8te d\u2019accessoires.  <\/p>\n                <\/div>\n            <\/div>\n        <\/div>\n    <\/div>\n    <\/div>\n\n\n\n<div data-scroll-section class=\"l-container\" style=\"margin-bottom: 50px; margin-top: 30px;\"><nav class=\"woocommerce-breadcrumb rank-math-breadcrumb\"><span class=\"last\">Home<\/span><\/nav><\/div>\n\n<div class=\"accordion-slider-section\" data-scroll-section>\n    <div class=\"l-container\">\n                <div class=\"accordion-slider\" data-scroll data-scroll-offset=\"50%\">\n                        <div class=\"accordion-slider__item active\">\n                                    <div class=\"accordion-slider__letter accordion-slider__letter_bg\">B<\/div>\n                                <div class=\"accordion-slider__bg\" style=\"background-image: url(https:\/\/www.esssecaffe.com\/wp-content\/uploads\/2022\/10\/Carosello-Uffici.jpg)\"><\/div>\n                <div class=\"accordion-slider__info\">\n                    <div class=\"accordion-slider__info-inner\">\n                        <div class=\"accordion-slider__content\">\n                            <div class=\"accordion-slider__letter\">B<\/div>\n                            <div class=\"accordion-slider__title\">ESSSE CAFF\u00c8 POUR VOTRE BUREAU<\/div>\n                            <div class=\"accordion-slider__description\">Essse Caff\u00e8 pr\u00e9sente une gamme de produits qui offrent, aussi au bureau, le go\u00fbt unique d\u2019un caf\u00e9 intense et harmonieux.<\/div>\n\t\t\t\t\t\t\t                        <\/div>\n                    <\/div>\n                <\/div>\n            <\/div>\n                        <div class=\"accordion-slider__item\">\n                                    <div class=\"accordion-slider__letter accordion-slider__letter_bg\">A<\/div>\n                                <div class=\"accordion-slider__bg\" style=\"background-image: url(https:\/\/www.esssecaffe.com\/wp-content\/uploads\/2022\/11\/carosello-altri-uffici.jpg)\"><\/div>\n                <div class=\"accordion-slider__info\">\n                    <div class=\"accordion-slider__info-inner\">\n                        <div class=\"accordion-slider__content\">\n                            <div class=\"accordion-slider__letter\">A<\/div>\n                            <div class=\"accordion-slider__title\">ESSSE CAFF\u00c8 POUR D\u2019AUTRES ACTIVIT\u00c9S<\/div>\n                            <div class=\"accordion-slider__description\">Vous avez un magasin, une activit\u00e9 commerciale ou de production et vous souhaitez vous offrir, \u00e0 vous ainsi qu\u2019\u00e0 vos employ\u00e9s, une pause-caf\u00e9 de qualit\u00e9? D\u00e9couvrez nos propositions.\n\n<\/div>\n\t\t\t\t\t\t\t                        <\/div>\n                    <\/div>\n                <\/div>\n            <\/div>\n                    <\/div>\n    <\/div>\n<\/div>\n\n\n<div id=\"\" class=\"info  reverse \" data-scroll-section >\n    <div class=\"l-container\">\n        <div class=\"info__row\">\n            <div class=\"info__col info__col_left\">\n                <div class=\"info__title\">\n                    <h2 class=\"main-title title-decoration reveal-text\" data-scroll>PRODUITS POUR LE VENDING<\/h2>\n                <\/div>\n                                            <div class=\"info__description\">\n                                <p class=\"fade-in-bottom\" data-scroll>Essse Caff\u00e8 a con\u00e7u pour le vending une s\u00e9rie de produits qui s\u2019adaptent parfaitement aux diff\u00e9rents besoins : monodose avec Sistema Espresso et m\u00e9langes sp\u00e9cifiques pour la distribution automatique. <\/p>\n                            <\/div>\n                                                                                                                                                  \n                                <a href=\"https:\/\/www.esssecaffe.com\/fr\/ligne-professionnelle\/domaine-ocs-et-vending\/produits-de-vending\/\" class=\"main-link\" >\n                                    <div class=\"main-link__flex fade-in-bottom\" data-scroll>\n                                        <svg width=\"30\" height=\"29\" viewBox=\"0 0 30 29\" fill=\"none\"\n                                             xmlns=\"http:\/\/www.w3.org\/2000\/svg\">\n                                            <path d=\"M7.45662 1.00302C7.33562 0.996017 27.7096 1.02603 27.7096 1.02603L20.3366 24.48C19.6186 26.257 18.0306 27.242 15.6996 27.438C14.1883 27.5313 12.6773 27.2514 11.2996 26.623C3.35963 23.19 -0.678357 14.558 1.65864 5.22802C2.01725 3.9787 2.78243 2.88474 3.83302 2.11944C4.88361 1.35414 6.15952 0.961249 7.45863 1.00302\"\n                                                  stroke=\"#BF0020\" fill=\"transparent\" stroke-width=\"2\"\/>\n                                        <\/svg>\n                                        <span>D\u00c9COUVREZ L\u2019OFFRE POUR LE VENDING <\/span>\n                                    <\/div>\n                                <\/a>\n                                                                                                                                                <\/div>\n            <div class=\"info__col info__col_right\">\n                <div class=\"image-container\">\n\n                                            <div class=\"image-parallax-wrapper\">\n\t\t\t\n                            <div class=\"image-parallax black-overlay\"\n                                 style=\"background-image: url(https:\/\/www.esssecaffe.com\/wp-content\/uploads\/2021\/10\/img-1.png)\" \n                                 data-scroll\n                                 data-scroll-speed=\"-3.5\">\n\t\t\t\t<\/div>\n                        <\/div>\n                                    <\/div>\n            <\/div>\n        <\/div>\n    <\/div>\n<\/div>","protected":false},"excerpt":{"rendered":"","protected":false},"author":95,"featured_media":17126,"parent":0,"menu_order":580,"comment_status":"closed","ping_status":"closed","template":"","meta":{"inline_featured_image":false,"footnotes":""},"class_list":["post-3995","page","type-page","status-publish","has-post-thumbnail","hentry"],"_links":{"self":[{"href":"https:\/\/www.esssecaffe.com\/fr\/wp-json\/wp\/v2\/pages\/3995","targetHints":{"allow":["GET"]}}],"collection":[{"href":"https:\/\/www.esssecaffe.com\/fr\/wp-json\/wp\/v2\/pages"}],"about":[{"href":"https:\/\/www.esssecaffe.com\/fr\/wp-json\/wp\/v2\/types\/page"}],"author":[{"embeddable":true,"href":"https:\/\/www.esssecaffe.com\/fr\/wp-json\/wp\/v2\/users\/95"}],"replies":[{"embeddable":true,"href":"https:\/\/www.esssecaffe.com\/fr\/wp-json\/wp\/v2\/comments?post=3995"}],"version-history":[{"count":0,"href":"https:\/\/www.esssecaffe.com\/fr\/wp-json\/wp\/v2\/pages\/3995\/revisions"}],"wp:featuredmedia":[{"embeddable":true,"href":"https:\/\/www.esssecaffe.com\/fr\/wp-json\/wp\/v2\/media\/17126"}],"wp:attachment":[{"href":"https:\/\/www.esssecaffe.com\/fr\/wp-json\/wp\/v2\/media?parent=3995"}],"curies":[{"name":"wp","href":"https:\/\/api.w.org\/{rel}","templated":true}]}}