{"id":6124,"date":"2022-09-29T17:53:38","date_gmt":"2022-09-29T15:53:38","guid":{"rendered":"https:\/\/www.esssecaffe.com\/lp-montalatte\/"},"modified":"2022-09-29T17:56:47","modified_gmt":"2022-09-29T15:56:47","slug":"lp-montalatte","status":"publish","type":"page","link":"https:\/\/www.esssecaffe.com\/fr\/lp-montalatte\/","title":{"rendered":"Mousseur \u00e0 lait Essse Caff\u00e8"},"content":{"rendered":"<div class=\"top-section full-screen-section\" data-scroll-section>\n\n    <div class=\"top-section__bg\">\n    <div class=\"top-section__bg-img\" style=\"background-image: url(https:\/\/www.esssecaffe.com\/wp-content\/uploads\/2022\/09\/Big-u\u0300Hero-Montalatte.jpg)\" data-scroll><\/div>\n\n    <\/div>\n    <div class=\"l-container\">rddd\n        <div class=\"top-section__inner\">\n            <div class=\"top-section__info\" data-scroll>\n                <div class=\"top-section__info-inner\">\n                    <h1 class=\"main-title text-center reveal-text\" data-scroll>MOUSSEUR \u00c0 LAIT ESSSE CAFF\u00c8<\/h1>\n                    <p class=\"main-description text-center fade-in-bottom\" data-scroll>Le nouveau mousseur \u00e0 lait Essse Caff\u00e8 est parfait pour cr\u00e9er une douce note de lait \u00e0 ajouter \u00e0 vos pr\u00e9parations.\nBien qu\u2019il serve \u00e0 donner du plaisir \u00e0 votre palais, c\u2019est aussi un objet design que vous pouvez exposer dans votre cuisine.<\/p>\n                <\/div>\n            <\/div>\n        <\/div>\n    <\/div>\n    <\/div>\n\n<div id=\"\" class=\"specific-page-content\">\n\n\n\n<div data-scroll-section class=\"l-container\" style=\"margin-bottom: 50px; margin-top: 30px;\"><nav class=\"woocommerce-breadcrumb rank-math-breadcrumb\"><span class=\"last\">Home<\/span><\/nav><\/div>\n\n<div id=\"\" class=\"info   without-title\" data-scroll-section>\n    <div class=\"l-container\">\n        <div class=\"info__row\">\n            <div class=\"info__col info__col_left\">\n                                <div class=\"info__text\">\n                   <div class=\"fade-in-bottom\" data-scroll>\n                       <p><strong>Le mousseur \u00e0 lait Essse Caff\u00e8 est tr\u00e8s simple<\/strong> \u00e0 utiliser pour exp\u00e9rimenter et savourer de nouvelles boissons et il est extr\u00eamement pratique m\u00eame apr\u00e8s l\u2019utilisation. En effet, la base et le pot sont amovibles et <strong>lavables au lave-vaisselle<\/strong> gr\u00e2ce \u00e0 sa r\u00e9alisation en acier inoxydable.<\/p>\n<p>Son design soign\u00e9, con\u00e7u pour cr\u00e9er un look <strong>compact et \u00e9l\u00e9gant<\/strong>, s\u2019int\u00e8gre parfaitement \u00e0 tous les types de cuisine.<\/p>\n                   <\/div>\n\t\t\t\t\t                         \t\t\t\t\t                   \n                <\/div>\n\t\t\t\t                    \t\t\t\t            <\/div>\n            <div class=\"info__col info__col_right\">\n\n                                \n                    <div class=\"image-container\">\n                                                    <div class=\"image-parallax-wrapper\">\n                                <div class=\"image-parallax black-overlay\"\n                                     style=\"background-image: url(https:\/\/www.esssecaffe.com\/wp-content\/uploads\/2022\/09\/Montalatte_2.jpg)\" data-scroll\n                                     data-scroll-speed=\"-3.5\"><\/div>\n                            <\/div>\n                                            <\/div>\n                \n                \n            <\/div>\n        <\/div>\n    <\/div>\n<\/div>\n\n<div id=\"\" class=\"info  reverse without-title\" data-scroll-section>\n    <div class=\"l-container\">\n        <div class=\"info__row\">\n            <div class=\"info__col info__col_left\">\n                                <div class=\"info__text\">\n                   <div class=\"fade-in-bottom\" data-scroll>\n                       <p>Le mousseur \u00e0 lait Essse Caff\u00e8 poss\u00e8de <strong>quatre fonctions automatiques \u00e0 d\u00e9couvrir\u00a0<\/strong>:<\/p>\n<ul>\n<li><strong>Cr\u00e9er des nuages doux<\/strong><\/li>\n<\/ul>\n<p>Si vous aimez le caf\u00e9 noisette ou le cappuccino moelleux comme au bar, cette fonction vous \u00e9tonnera. Vous pouvez cr\u00e9er des nuages moelleux et denses de lait chaud fouett\u00e9 et savourer tout le plaisir de la mousse sur vos l\u00e8vres.<\/p>\n<ul>\n<li><strong>Chauffer le lait<\/strong><\/li>\n<\/ul>\n<p>Cette deuxi\u00e8me fonction vous permet de chauffer votre lait pour pouvoir le savourer pur mais aussi de cr\u00e9er un parfait lait frapp\u00e9.\u00a0<\/p>\n<ul>\n<li><strong>D\u00e9gustez un chocolat en tasse<\/strong><\/li>\n<\/ul>\n<p>Quand, dans les mois les plus froids, vous avez envie d\u2019un chocolat en tasse, le mousseur \u00e0 lait Essse Caff\u00e8 est la solution id\u00e9ale. Ajoutez la poudre de cacao au lait, d\u00e9tendez-vous et laissez la machine faire le reste. En quelques secondes, vous pourrez savourer votre douceur pr\u00e9f\u00e9r\u00e9e.\u00a0<\/p>\n<ul>\n<li><strong>Essayez les milkshakes<\/strong><\/li>\n<\/ul>\n<p>En \u00e9t\u00e9, vous cherchez une solution fra\u00eeche et savoureuse pour vous soulager de la chaleur\u00a0? Le mousseur \u00e0 lait Essse est fait pour vous : en battant le lait froid, vous pourrez cr\u00e9er des boissons cr\u00e9meuses et l\u00e9g\u00e8res et essayer diff\u00e9rents types de milkshakes.<\/p>\n<p>Le nouveau mousseur \u00e0 lait Essse Caff\u00e8 se charge de tout. En fin de pr\u00e9paration, l&rsquo;appareil \u00e9met un signal sonore pour vous avertir et il est aussi programm\u00e9 pour <strong>un arr\u00eat automatique <\/strong>\u00e0 l\u2019obtention de la temp\u00e9rature et en fin de pr\u00e9paration.<\/p>\n<p><strong>D\u00e9couvrez toutes les consistances du lait : introduisez le mousseur de lait Essse Caff\u00e8 dans votre cuisine.<\/strong><\/p>\n<p>\u00a0<\/p>\n<p>\u00a0<\/p>\n                   <\/div>\n\t\t\t\t\t                         \t\t\t\t\t                   \n                <\/div>\n\t\t\t\t                    \t\t\t\t            <\/div>\n            <div class=\"info__col info__col_right\">\n\n                                \n                    <div class=\"image-container\">\n                                                    <div class=\"image-parallax-wrapper\">\n                                <div class=\"image-parallax black-overlay\"\n                                     style=\"background-image: url(https:\/\/www.esssecaffe.com\/wp-content\/uploads\/2022\/09\/Montalatte_3.jpg)\" data-scroll\n                                     data-scroll-speed=\"-3.5\"><\/div>\n                            <\/div>\n                                            <\/div>\n                \n                \n            <\/div>\n        <\/div>\n    <\/div>\n<\/div>\n\n<\/div>","protected":false},"excerpt":{"rendered":"","protected":false},"author":95,"featured_media":0,"parent":0,"menu_order":553,"comment_status":"closed","ping_status":"closed","template":"","meta":{"inline_featured_image":false,"footnotes":""},"class_list":["post-6124","page","type-page","status-publish","hentry"],"_links":{"self":[{"href":"https:\/\/www.esssecaffe.com\/fr\/wp-json\/wp\/v2\/pages\/6124","targetHints":{"allow":["GET"]}}],"collection":[{"href":"https:\/\/www.esssecaffe.com\/fr\/wp-json\/wp\/v2\/pages"}],"about":[{"href":"https:\/\/www.esssecaffe.com\/fr\/wp-json\/wp\/v2\/types\/page"}],"author":[{"embeddable":true,"href":"https:\/\/www.esssecaffe.com\/fr\/wp-json\/wp\/v2\/users\/95"}],"replies":[{"embeddable":true,"href":"https:\/\/www.esssecaffe.com\/fr\/wp-json\/wp\/v2\/comments?post=6124"}],"version-history":[{"count":0,"href":"https:\/\/www.esssecaffe.com\/fr\/wp-json\/wp\/v2\/pages\/6124\/revisions"}],"wp:attachment":[{"href":"https:\/\/www.esssecaffe.com\/fr\/wp-json\/wp\/v2\/media?parent=6124"}],"curies":[{"name":"wp","href":"https:\/\/api.w.org\/{rel}","templated":true}]}}