{"id":9066,"date":"2022-11-17T10:43:40","date_gmt":"2022-11-17T09:43:40","guid":{"rendered":"https:\/\/www.esssecaffe.com\/ligne-home\/capsules-du-sistema-espresso\/caffe-monorigine-colombia-supremo-capsules\/"},"modified":"2022-12-12T12:16:33","modified_gmt":"2022-12-12T11:16:33","slug":"capsules-cafe-d-origine-colombia-supremo","status":"publish","type":"page","link":"https:\/\/www.esssecaffe.com\/fr\/ligne-home\/capsules-du-sistema-espresso\/capsules-cafe-d-origine-colombia-supremo\/","title":{"rendered":"Capsules Cafe D&rsquo;Origine Colombia Supremo"},"content":{"rendered":"<div id=\"\" class=\"product-section\">\n\n\n\n<div data-scroll-section class=\"l-container\" style=\"margin-bottom: 50px; margin-top: 30px;\"><nav class=\"woocommerce-breadcrumb rank-math-breadcrumb\"><span class=\"last\">Home<\/span><\/nav><\/div>\n\n<div data-scroll-section>\n    <div class=\"l-container\">\n        <div class=\"product-flex product-flex_product\">\n            <div class=\"product-gallery with-coffee-bg\">\n                <div class=\"product-gallery-bg\"><\/div>\n                <div class=\"product-gallery-image\">\n                    <img loading=\"lazy\" decoding=\"async\" width=\"355\" height=\"465\" src=\"https:\/\/www.esssecaffe.com\/wp-content\/uploads\/2022\/09\/Colombia-1.png\" class=\"attachment-full size-full\" alt=\"\" srcset=\"https:\/\/www.esssecaffe.com\/wp-content\/uploads\/2022\/09\/Colombia-1.png 355w, https:\/\/www.esssecaffe.com\/wp-content\/uploads\/2022\/09\/Colombia-1-229x300.png 229w, https:\/\/www.esssecaffe.com\/wp-content\/uploads\/2022\/09\/Colombia-1-220x288.png 220w, https:\/\/www.esssecaffe.com\/wp-content\/uploads\/2022\/09\/Colombia-1-230x301.png 230w\" sizes=\"auto, (max-width: 355px) 100vw, 355px\" \/>                <\/div>\n            <\/div>\n            <div class=\"product-info\">\n                <div class=\"product-info__inner\">\n                    <p class=\"h1 product-title title-decoration reveal-text\" data-scroll>Capsules Cafe D&rsquo;Origine Colombia Supremo<\/p>\n                    <div class=\"product-description fade-in-bottom\" data-scroll>\n                        <p><b>Les capsules de caf\u00e9 d\u2019origine Colombia Supremo<\/b> vous font vivre un v\u00e9ritable voyage au c\u0153ur de l&rsquo;Am\u00e9rique du Sud, avec leur <b>saveur douce et leurs notes de cacao<\/b>.<\/p>\n<p>En choisissant Colombia Supremo, vous pourrez savourer des tasses de vrai plaisir tout en contribuant \u00e0 la<b> protection de l&rsquo;environnement<\/b> et au<b> respect des personnes<\/b>. <span class=\"Apple-converted-space\">\u00a0<\/span><\/p>\n<p><b>DESCRIPTION DU PRODUIT<\/b><\/p>\n<p>Colombia Supremo fait partie de la nouvelle gamme de caf\u00e9s d\u2019origine Latitudini Itinerari Sensoriali d&rsquo;Essse Caff\u00e8, qui vous conduit \u00e0 la d\u00e9couverte de l&rsquo;essence la plus profonde du caf\u00e9 provenant de ces terres. <span class=\"Apple-converted-space\">\u00a0<\/span><\/p>\n<p>Comme toute la gamme, les capsules Colombia Supremo sont aussi certifi\u00e9es Rainforest Alliance et FSC pour garantir que le caf\u00e9 est non seulement riche en go\u00fbt mais aussi<b> \u00e9thique et durable<\/b>.<span class=\"Apple-converted-space\">\u00a0<\/span><\/p>\n<p><b>SAVEUR<\/b><\/p>\n<p>Colombia Supremo vous surprend avec sa <b>saveur structur\u00e9e et tr\u00e8s aromatique<\/b>, parfaitement \u00e9quilibr\u00e9e entre une <b>acidit\u00e9 moyenne \u00e0 \u00e9lev\u00e9e et un corps velout\u00e9<\/b>.<\/p>\n<p>Vous aimerez la<b> douceur <\/b>des capsules Colombia Supremo, il marie parfaitement les <b>notes douces de cacao<\/b>, fleuri et un<b> l\u00e9ger fruit\u00e9<\/b>.<span class=\"Apple-converted-space\">\u00a0<\/span><\/p>\n<p><b>M\u00c9LANGE<span class=\"Apple-converted-space\">\u00a0<\/span><\/b><\/p>\n<p>Le caf\u00e9 Arabica de Colombia Supremo a un grain de dimension moyenne \u00e0 grande et est travaill\u00e9 avec la m\u00e9thode lav\u00e9e.<span class=\"Apple-converted-space\">\u00a0<\/span><\/p>\n<p>Une fois arriv\u00e9 \u00e0 Essse Caff\u00e8, notre \u00e9quipe d&rsquo;experts opte pour une <b>torr\u00e9faction moyenne<\/b> afin d\u2019en respecter la mati\u00e8re premi\u00e8re et de ne pas risquer de modifier les ar\u00f4mes du caf\u00e9.<span class=\"Apple-converted-space\">\u00a0<\/span><\/p>\n<p>Colombia Supremo est id\u00e9al pour le format en capsules car il permet de vivre toute l\u2019exp\u00e9rience de l\u2019Arabica structur\u00e9 et cors\u00e9.<span class=\"Apple-converted-space\">\u00a0<\/span><\/p>\n<p><b>MOMENT DE CONSOMMATION<\/b><\/p>\n<p>Colombia Supremo est un caf\u00e9 au go\u00fbt intense et inimitable, un c\u00e2lin pour briser la routine et s\u2019octroyer une pause diff\u00e9rente de l\u2019ordinaire\u00a0; voil\u00e0 pourquoi nous conseillons de le d\u00e9guster pur, en milieu de matin\u00e9e ou encore en milieu d&rsquo;apr\u00e8s-midi. En effet, il s&rsquo;agit d&rsquo;un produit 100 % Arabica, il contient moins de caf\u00e9ine que le caf\u00e9 traditionnel, ce qui vous permet de le consommer jusqu&rsquo;en fin d&rsquo;apr\u00e8s-midi.<span class=\"Apple-converted-space\">\u00a0 \u00a0<\/span><\/p>\n<p><b>Choisissez Colombia Supremo en capsules pour d\u00e9couvrir pleinement les saveurs passionnantes de l&rsquo;Am\u00e9rique du Sud.<\/b><\/p>\n                    <\/div>\n                    <div class=\"product-features\">\n                        \t\t\t\t\t\t <div class=\"products-icons\">\n                        <div class=\"product-features__item product-features__item_roasting\">\n                            <div class=\"product-features__name\">Grillage<\/div>\n                            <div class=\"product-roasting__icon medium\">\n                                <svg width=\"41\" height=\"55\" viewBox=\"0 0 41 55\" fill=\"none\" xmlns=\"http:\/\/www.w3.org\/2000\/svg\">\n                                    <path d=\"M23.3257 36.0765C23.9491 37.4673 24.4348 38.9159 24.7757 40.4015C25.5069 44.0016 25.2796 47.7307 24.1167 51.2155C23.8996 52.2539 23.3773 53.2038 22.6167 53.9435C21.876 54.5045 20.973 54.8099 20.0437 54.8135C17.5033 55.0482 14.9474 54.5773 12.6574 53.4527C10.3674 52.328 8.43213 50.5933 7.06473 48.4395C4.4466 44.6793 2.50387 40.4917 1.32373 36.0645\" fill=\"#fff\"\/>\n                                    <path d=\"M0.825684 17.7865C1.28226 15.5856 1.92421 13.4272 2.74467 11.3345C3.80693 8.30201 5.80235 5.68382 8.44469 3.85553C10.5456 2.47837 12.9307 1.59431 15.4217 1.26953C15.2217 2.61453 15.0657 3.89052 14.8507 5.15952C14.5087 7.19052 14.0817 9.20753 13.7797 11.2435C13.4498 13.4115 13.4427 15.6164 13.7587 17.7865\" fill=\"#fff\"\/>\n                                    <path d=\"M40.033 36.0645C39.962 36.3555 39.887 36.6475 39.809 36.9375C39.0481 40.2565 37.7751 43.4369 36.036 46.3645C34.0352 49.4336 31.0904 51.7688 27.646 53.0175C27.816 52.1325 27.971 51.3175 28.128 50.5015C28.534 48.3805 29.038 46.2715 29.328 44.1345C29.7805 41.4239 29.4994 38.6417 28.514 36.0765\" fill=\"#fff\"\/>\n                                    <path d=\"M18.1256 17.7863C17.9783 17.0297 17.867 16.263 17.7916 15.4863C17.4586 11.4534 17.7568 7.39326 18.6756 3.45232C18.7857 2.86002 18.9408 2.277 19.1396 1.70833C19.2937 1.14918 19.651 0.667737 20.1416 0.35842C20.6322 0.0491034 21.2207 -0.0657725 21.7916 0.0363378C25.1969 0.289589 28.4268 1.64612 30.9916 3.90032C32.8816 5.66542 34.4848 7.71438 35.7436 9.97335C37.2556 12.4209 38.4644 15.0431 39.3436 17.7823\" fill=\"#fff\"\/>\n                                    <path d=\"M40.033 36.0652C41.0944 31.6832 41.2668 27.1329 40.54 22.6832C40.2586 21.0236 39.8596 19.3862 39.346 17.7832H18.126C18.9697 22.1328 20.9738 26.1733 23.926 29.4772C24.826 30.5122 25.819 31.4842 26.626 32.5842C27.4023 33.6611 28.0362 34.8338 28.512 36.0732H40.031\" fill=\"#fff\"\/>\n                                    <path d=\"M23.3259 36.0651H1.32587C1.04187 34.9984 0.802531 33.9178 0.607864 32.8231C-0.271774 27.8423 -0.196104 22.7396 0.830856 17.7871H13.7639C14.0966 20.0684 14.7817 22.2842 15.7949 24.3551C16.8938 26.5618 18.2488 28.6314 19.8319 30.5211C21.2533 32.1998 22.4315 34.0701 23.3319 36.0771\" fill=\"#fff\"\/>\n                                <\/svg>\n                            <\/div>\n                            <div class=\"product-features__description\">medium<\/div>\n                        <\/div>\n\t\t\t\t\t\t<div class=\"product-features__item product-features__item_roasting product-features_icon\">\n\t\t\t\t\t\t\t\t\t\t\t\t\t<\/div>\t\n\t\t\t\t\t\t<\/div>\n                                                <div class=\"product-features__item\">\n                            <div class=\"product-features__name\">Ar\u00f4me<\/div>\n                            <div class=\"product-features__rating\">\n                                 \t\t\t\t\t\t\t\t\t\t\t\t\t\t\t<span class=\"checked\"><\/span>\n\t\t\t\t\t                                \n                            \t                                \t\t\t\t\t\t\t\t\t\t\t\t\t\t\t<span class=\"checked\"><\/span>\n\t\t\t\t\t                                \n                            \t                                \t\t\t\t\t\t\t\t\t\t\t\t\t\t\t<span class=\"checked\"><\/span>\n\t\t\t\t\t                                \n                            \t                                \t\t\t\t\t\t\t\t\t\t\t\t\t\t\t<span class=\"checked\"><\/span>\n\t\t\t\t\t                                \n                            \t                                \t\t\t\t\n                                \t<span><\/span>\n                            \t                                                            <\/div>\n                            <div class=\"product-features__description\">4\/5<\/div>\n                        <\/div>\n                                                <div class=\"product-features__item\">\n                            <div class=\"product-features__name\">\u0421orps<\/div>\n                            <div class=\"product-features__rating\">\n                                \t\t\t\t\t\t\t\t\t\t\t\t\t\t\t<span class=\"checked\"><\/span>\n\t\t\t\t\t                                \n                            \t                                \t\t\t\t\t\t\t\t\t\t\t\t\t\t\t<span class=\"checked\"><\/span>\n\t\t\t\t\t                                \n                            \t                                \t\t\t\t                                \t<span><\/span>\n                            \t                                \t\t\t\t                                \t<span><\/span>\n                            \t                                \t\t\t\t                                \t<span><\/span>\n                            \t                                                            <\/div>\n                            <div class=\"product-features__description\">2\/5<\/div>\n                        <\/div>\n                                                <div class=\"product-features__item\">\n                            <div class=\"product-features__name\">Persistinsje<\/div>\n                            <div class=\"product-features__rating\">\n                                \t\t\t\t\t\t\t\t\t\t\t\t\t\t\t<span class=\"checked\"><\/span>\n\t\t\t\t\t                                \n                            \t                                \t\t\t\t\t\t\t\t\t\t\t\t\t\t\t<span class=\"checked\"><\/span>\n\t\t\t\t\t                                \n                            \t                                \t\t\t\t\t\t\t\t\t\t\t\t\t\t\t<span class=\"checked\"><\/span>\n\t\t\t\t\t                                \n                            \t                                \t\t\t\t\t\t\t\t\t\t\t\t\t\t\t<span class=\"checked\"><\/span>\n\t\t\t\t\t                                \n                            \t                                \t\t\t\t                                \t<span><\/span>\n                            \t                                                            <\/div>\n                            <div class=\"product-features__description\">4\/5<\/div>\n                        <\/div>\n                                                <div class=\"product-features__item\">\n                            <div class=\"product-features__name\">acidit\u00e9<\/div>\n                            <div class=\"product-features__rating\">\n                                \t\t\t\t\t\t\t\t\t\t\t\t\t\t\t<span class=\"checked\"><\/span>\n\t\t\t\t\t                                \n                            \t                                \t\t\t\t\t\t\t\t\t\t\t\t\t\t\t<span class=\"checked\"><\/span>\n\t\t\t\t\t                                \n                            \t                                \t\t\t\t                                \t<span><\/span>\n                            \t                                \t\t\t\t                                \t<span><\/span>\n                            \t                                \t\t\t\t                                \t<span><\/span>\n                            \t                                                            <\/div>\n                            <div class=\"product-features__description\">2\/5<\/div>\n                        <\/div>\n                    <\/div>\n\t\t\t\t\t                    <a href=\"https:\/\/www.esssecaffe.com\/fr\/ligne-home\/capsules-du-sistema-espresso\/\" class=\"back-button\">\n                        <svg width=\"10\" height=\"15\" viewBox=\"0 0 8 15\" fill=\"none\" xmlns=\"http:\/\/www.w3.org\/2000\/svg\">\n                            <path d=\"M7.02295 0.708984L0.495972 7.23596L7.02295 13.763\" stroke=\"white\" stroke-linecap=\"round\" stroke-linejoin=\"round\"\/>\n                        <\/svg>\t\n                        <span>Retour \u00e0 tous les m\u00e9langes<\/span>\n                    <\/a>\n\n\t\t\t\t\t                <\/div>\n            <\/div>\n        <\/div>\n    <\/div>\n    <style>\n        :root {\n            --product-color: #B7C165;\n        }\n            <\/style>\n<\/div>\n\n\n\n<\/div>","protected":false},"excerpt":{"rendered":"","protected":false},"author":95,"featured_media":0,"parent":6473,"menu_order":272,"comment_status":"closed","ping_status":"closed","template":"","meta":{"inline_featured_image":false,"footnotes":""},"class_list":["post-9066","page","type-page","status-publish","hentry"],"_links":{"self":[{"href":"https:\/\/www.esssecaffe.com\/fr\/wp-json\/wp\/v2\/pages\/9066","targetHints":{"allow":["GET"]}}],"collection":[{"href":"https:\/\/www.esssecaffe.com\/fr\/wp-json\/wp\/v2\/pages"}],"about":[{"href":"https:\/\/www.esssecaffe.com\/fr\/wp-json\/wp\/v2\/types\/page"}],"author":[{"embeddable":true,"href":"https:\/\/www.esssecaffe.com\/fr\/wp-json\/wp\/v2\/users\/95"}],"replies":[{"embeddable":true,"href":"https:\/\/www.esssecaffe.com\/fr\/wp-json\/wp\/v2\/comments?post=9066"}],"version-history":[{"count":0,"href":"https:\/\/www.esssecaffe.com\/fr\/wp-json\/wp\/v2\/pages\/9066\/revisions"}],"up":[{"embeddable":true,"href":"https:\/\/www.esssecaffe.com\/fr\/wp-json\/wp\/v2\/pages\/6473"}],"wp:attachment":[{"href":"https:\/\/www.esssecaffe.com\/fr\/wp-json\/wp\/v2\/media?parent=9066"}],"curies":[{"name":"wp","href":"https:\/\/api.w.org\/{rel}","templated":true}]}}