{"id":9111,"date":"2022-11-17T10:53:50","date_gmt":"2022-11-17T09:53:50","guid":{"rendered":"https:\/\/www.esssecaffe.com\/ligne-home\/capsules-du-sistema-espresso\/lorzo-barley-coffee\/"},"modified":"2022-12-24T11:37:38","modified_gmt":"2022-12-24T10:37:38","slug":"orzo","status":"publish","type":"page","link":"https:\/\/www.esssecaffe.com\/fr\/ligne-home\/capsules-du-sistema-espresso\/orzo\/","title":{"rendered":"Orge"},"content":{"rendered":"<div id=\"\" class=\"product-section\">\n\n\n\n<div data-scroll-section class=\"l-container\" style=\"margin-bottom: 50px; margin-top: 30px;\"><nav class=\"woocommerce-breadcrumb rank-math-breadcrumb\"><span class=\"last\">Home<\/span><\/nav><\/div>\n\n<div data-scroll-section>\n    <div class=\"l-container\">\n        <div class=\"product-flex product-flex_product product-section-small\">\n            <div class=\"product-gallery with-coffee-bg \"> \n                <div class=\"product-gallery-image\">\n                    <img loading=\"lazy\" decoding=\"async\" width=\"355\" height=\"465\" src=\"https:\/\/www.esssecaffe.com\/wp-content\/uploads\/2022\/09\/Orzo.png\" class=\"attachment-full size-full\" alt=\"capsule orzo caff\u00e8 Essse\" srcset=\"https:\/\/www.esssecaffe.com\/wp-content\/uploads\/2022\/09\/Orzo.png 355w, https:\/\/www.esssecaffe.com\/wp-content\/uploads\/2022\/09\/Orzo-229x300.png 229w, https:\/\/www.esssecaffe.com\/wp-content\/uploads\/2022\/09\/Orzo-220x288.png 220w, https:\/\/www.esssecaffe.com\/wp-content\/uploads\/2022\/09\/Orzo-230x301.png 230w\" sizes=\"auto, (max-width: 355px) 100vw, 355px\" \/>                <\/div>\n            <\/div>\n            <div class=\"product-info\">\n                <div class=\"product-info__inner\">\n                    <p class=\"h1 product-title title-decoration reveal-text \" data-scroll>Orge<\/p>\n                    <div class=\"product-description fade-in-bottom\" data-scroll>\n                        <p>Essse Caff\u00e8 vous pr\u00e9sente au roi des <b>succ\u00e9dan\u00e9s classiques<\/b> <b>du caf\u00e9 : l&rsquo;orge<\/b>.<\/p>\n<p>C\u00e9r\u00e9ale utilis\u00e9e depuis l\u2019Antiquit\u00e9, les capsules d\u2019Orzo Esse savent aujourd\u2019hui vous envelopper et vous accompagner dans un<b> moment de d\u00e9tente<\/b>.<\/p>\n<p><b>DESCRIPTION DU PRODUIT<\/b><\/p>\n<p>L\u2019Orzo d\u2019Essse Caff\u00e8 a <b>un ar\u00f4me intense<\/b> capable de s\u00e9duire vos papilles avec sa consistance <b>cr\u00e9meuse et d\u00e9licate<\/b>.<\/p>\n<p><b>Pratique \u00e0 d\u00e9guster \u00e0 la maison comme au bureau<\/b>, les capsules d&rsquo;Orzo Essse Caff\u00e8 offrent un moment de plaisir pour tous vos sens.\u00a0<\/p>\n<p><b>MOMENT DE CONSOMMATION\u00a0<\/b><\/p>\n<p>Excellent comme digestif et comme substitut du caf\u00e9, Orzo en capsules d\u2019Essse est <b>id\u00e9al \u00e0 tout moment, m\u00eame lorsque l&rsquo;heure est tardive.<\/b><\/p>\n<p>D\u00e9gustez une tasse d&rsquo;Orzo pour conclure votre journ\u00e9e et profitez de l&rsquo;agr\u00e9able sensation d&rsquo;une boisson chaude pendant que vous vous d\u00e9tendez.<\/p>\n<p><b>L&rsquo;Orzo d&rsquo;Essse Caff\u00e8 est pour vous, vous qui ne renoncez jamais \u00e0 une pause \u00e0 la saveur intense et velout\u00e9e.<\/b><\/p>\n                    <\/div>\n                <\/div>\n            <\/div>\n        <\/div>\n    <\/div>\n<\/div>\n<style>\n    :root {\n        --product-color: #8C5524;\n    }\n    <\/style>\n\n\n\n<\/div>","protected":false},"excerpt":{"rendered":"","protected":false},"author":95,"featured_media":0,"parent":6473,"menu_order":269,"comment_status":"closed","ping_status":"closed","template":"","meta":{"inline_featured_image":false,"footnotes":""},"class_list":["post-9111","page","type-page","status-publish","hentry"],"_links":{"self":[{"href":"https:\/\/www.esssecaffe.com\/fr\/wp-json\/wp\/v2\/pages\/9111","targetHints":{"allow":["GET"]}}],"collection":[{"href":"https:\/\/www.esssecaffe.com\/fr\/wp-json\/wp\/v2\/pages"}],"about":[{"href":"https:\/\/www.esssecaffe.com\/fr\/wp-json\/wp\/v2\/types\/page"}],"author":[{"embeddable":true,"href":"https:\/\/www.esssecaffe.com\/fr\/wp-json\/wp\/v2\/users\/95"}],"replies":[{"embeddable":true,"href":"https:\/\/www.esssecaffe.com\/fr\/wp-json\/wp\/v2\/comments?post=9111"}],"version-history":[{"count":0,"href":"https:\/\/www.esssecaffe.com\/fr\/wp-json\/wp\/v2\/pages\/9111\/revisions"}],"up":[{"embeddable":true,"href":"https:\/\/www.esssecaffe.com\/fr\/wp-json\/wp\/v2\/pages\/6473"}],"wp:attachment":[{"href":"https:\/\/www.esssecaffe.com\/fr\/wp-json\/wp\/v2\/media?parent=9111"}],"curies":[{"name":"wp","href":"https:\/\/api.w.org\/{rel}","templated":true}]}}