{"id":9145,"date":"2022-11-17T10:58:49","date_gmt":"2022-11-17T09:58:49","guid":{"rendered":"https:\/\/www.esssecaffe.com\/ligne-home\/capsules-du-sistema-espresso\/wildberry-leaf-infusion\/"},"modified":"2023-05-03T09:14:08","modified_gmt":"2023-05-03T07:14:08","slug":"infusion-aux-fruits-des-bois-en-feuilles","status":"publish","type":"page","link":"https:\/\/www.esssecaffe.com\/fr\/ligne-home\/capsules-du-sistema-espresso\/infusion-aux-fruits-des-bois-en-feuilles\/","title":{"rendered":"Infusion aux Fruits des Bois en feuilles"},"content":{"rendered":"<div id=\"\" class=\"product-section\">\n\n\n\n<div data-scroll-section class=\"l-container\" style=\"margin-bottom: 50px; margin-top: 30px;\"><nav class=\"woocommerce-breadcrumb rank-math-breadcrumb\"><span class=\"last\">Home<\/span><\/nav><\/div>\n\n<div data-scroll-section>\n    <div class=\"l-container\">\n        <div class=\"product-flex product-flex_product product-section-small\">\n            <div class=\"product-gallery with-coffee-bg \"> \n                <div class=\"product-gallery-image\">\n                    <img loading=\"lazy\" decoding=\"async\" width=\"355\" height=\"465\" src=\"https:\/\/www.esssecaffe.com\/wp-content\/uploads\/2022\/09\/Infuso-Frutti-di-Bosco-1.png\" class=\"attachment-full size-full\" alt=\"\" srcset=\"https:\/\/www.esssecaffe.com\/wp-content\/uploads\/2022\/09\/Infuso-Frutti-di-Bosco-1.png 355w, https:\/\/www.esssecaffe.com\/wp-content\/uploads\/2022\/09\/Infuso-Frutti-di-Bosco-1-229x300.png 229w, https:\/\/www.esssecaffe.com\/wp-content\/uploads\/2022\/09\/Infuso-Frutti-di-Bosco-1-220x288.png 220w, https:\/\/www.esssecaffe.com\/wp-content\/uploads\/2022\/09\/Infuso-Frutti-di-Bosco-1-230x301.png 230w\" sizes=\"auto, (max-width: 355px) 100vw, 355px\" \/>                <\/div>\n            <\/div>\n            <div class=\"product-info\">\n                <div class=\"product-info__inner\">\n                    <p class=\"h1 product-title title-decoration reveal-text longest-title longest-title_short\" data-scroll>Infusion aux Fruits des Bois en feuilles<\/p>\n                    <div class=\"product-description fade-in-bottom\" data-scroll>\n                        <p>D\u00e9couvrez tout le<b> go\u00fbt et les propri\u00e9t\u00e9s b\u00e9n\u00e9fiques des fruits des bois<\/b> dans une capsule Essse Caff\u00e8.<\/p>\n<p>La douceur de l&rsquo;infusion aux fruits des bois en feuilles caresse vos sens \u00e0 chaque d\u00e9gustation : <b>essayez-le en version chaude et froide !<\/b><\/p>\n<p><b>DESCRIPTION DU PRODUIT<\/b><\/p>\n<p>Les fruits des bois, avec leurs caract\u00e9ristiques <b>antioxydantes<\/b> qui en font un grand alli\u00e9 du bien-\u00eatre, vous feront d\u00e9couvrir toute leur <b>saveur pleine et enveloppante<\/b> dans les capsules Essse Caff\u00e8.<\/p>\n<p><b>Rafra\u00eechissante en \u00e9t\u00e9 et relaxante en hiver<\/b>, l\u2019infusion aux fruits des bois en feuilles se distingue par son go\u00fbt intense qui vous transporte dans les parfums des fleurs et des ronces o\u00f9 elle prend naissance.<\/p>\n<p><b>MOMENT DE CONSOMMATION\u00a0<\/b><\/p>\n<p>Savourez l\u2019infusion aux fruits des bois en capsules <b>chaque fois que vous le voulez :<\/b> offrez-vous une tasse le matin pour r\u00e9veiller vos sens, pendant une pause l&rsquo;apr\u00e8s-midi ou bien apr\u00e8s le d\u00eener pour vous procurer un moment de pure d\u00e9tente.<\/p>\n<p><b>Si vous aimez les tisanes au parfum passionnant et \u00e0 la saveur intense<\/b>, vous ne pourrez plus vous passer de notre infusion aux fruits des bois en feuilles.<\/p>\n<p><b>Achetez-la tout de suite et essayez-la bouillante, ti\u00e8de et glac\u00e9e. C&rsquo;est toujours un d\u00e9lice.<\/b><\/p>\n                    <\/div>\n                <\/div>\n            <\/div>\n        <\/div>\n    <\/div>\n<\/div>\n<style>\n    :root {\n        --product-color: #58ACA8;\n    }\n    <\/style>\n\n\n\n<\/div>","protected":false},"excerpt":{"rendered":"","protected":false},"author":95,"featured_media":0,"parent":6473,"menu_order":267,"comment_status":"closed","ping_status":"closed","template":"","meta":{"inline_featured_image":false,"footnotes":""},"class_list":["post-9145","page","type-page","status-publish","hentry"],"_links":{"self":[{"href":"https:\/\/www.esssecaffe.com\/fr\/wp-json\/wp\/v2\/pages\/9145","targetHints":{"allow":["GET"]}}],"collection":[{"href":"https:\/\/www.esssecaffe.com\/fr\/wp-json\/wp\/v2\/pages"}],"about":[{"href":"https:\/\/www.esssecaffe.com\/fr\/wp-json\/wp\/v2\/types\/page"}],"author":[{"embeddable":true,"href":"https:\/\/www.esssecaffe.com\/fr\/wp-json\/wp\/v2\/users\/95"}],"replies":[{"embeddable":true,"href":"https:\/\/www.esssecaffe.com\/fr\/wp-json\/wp\/v2\/comments?post=9145"}],"version-history":[{"count":0,"href":"https:\/\/www.esssecaffe.com\/fr\/wp-json\/wp\/v2\/pages\/9145\/revisions"}],"up":[{"embeddable":true,"href":"https:\/\/www.esssecaffe.com\/fr\/wp-json\/wp\/v2\/pages\/6473"}],"wp:attachment":[{"href":"https:\/\/www.esssecaffe.com\/fr\/wp-json\/wp\/v2\/media?parent=9145"}],"curies":[{"name":"wp","href":"https:\/\/api.w.org\/{rel}","templated":true}]}}