{"id":9158,"date":"2022-11-17T10:59:38","date_gmt":"2022-11-17T09:59:38","guid":{"rendered":"https:\/\/www.esssecaffe.com\/ligne-home\/capsules-du-sistema-espresso\/ginger-and-lemon-leaf-infusion\/"},"modified":"2023-05-03T09:17:49","modified_gmt":"2023-05-03T07:17:49","slug":"infusion-gingembre-et-citron-en-feuilles","status":"publish","type":"page","link":"https:\/\/www.esssecaffe.com\/fr\/ligne-home\/capsules-du-sistema-espresso\/infusion-gingembre-et-citron-en-feuilles\/","title":{"rendered":"Infusion Gingembre et Citron en feuilles"},"content":{"rendered":"<div id=\"\" class=\"product-section\">\n\n\n\n<div data-scroll-section class=\"l-container\" style=\"margin-bottom: 50px; margin-top: 30px;\"><nav class=\"woocommerce-breadcrumb rank-math-breadcrumb\"><span class=\"last\">Home<\/span><\/nav><\/div>\n\n<div data-scroll-section>\n    <div class=\"l-container\">\n        <div class=\"product-flex product-flex_product product-section-small\">\n            <div class=\"product-gallery with-coffee-bg \"> \n                <div class=\"product-gallery-image\">\n                    <img loading=\"lazy\" decoding=\"async\" width=\"355\" height=\"465\" src=\"https:\/\/www.esssecaffe.com\/wp-content\/uploads\/2022\/09\/Infuso-Zenzero-Limone.png\" class=\"attachment-full size-full\" alt=\"\" srcset=\"https:\/\/www.esssecaffe.com\/wp-content\/uploads\/2022\/09\/Infuso-Zenzero-Limone.png 355w, https:\/\/www.esssecaffe.com\/wp-content\/uploads\/2022\/09\/Infuso-Zenzero-Limone-229x300.png 229w, https:\/\/www.esssecaffe.com\/wp-content\/uploads\/2022\/09\/Infuso-Zenzero-Limone-220x288.png 220w, https:\/\/www.esssecaffe.com\/wp-content\/uploads\/2022\/09\/Infuso-Zenzero-Limone-230x301.png 230w\" sizes=\"auto, (max-width: 355px) 100vw, 355px\" \/>                <\/div>\n            <\/div>\n            <div class=\"product-info\">\n                <div class=\"product-info__inner\">\n                    <p class=\"h1 product-title title-decoration reveal-text longest-title longest-title_short\" data-scroll>Infusion Gingembre et Citron en feuilles<\/p>\n                    <div class=\"product-description fade-in-bottom\" data-scroll>\n                        <p>Un agr\u00e9able m\u00e9lange naturel qui combine les <b>propri\u00e9t\u00e9s anti-inflammatoires et antioxydantes du gingembre aux propri\u00e9t\u00e9s<\/b> <b>d\u00e9salt\u00e9rantes du citron<\/b>.<\/p>\n<p>L&rsquo;infusion de gingembre et citron en feuilles sait comment r\u00e9veiller vos papilles gustatives gr\u00e2ce \u00e0 son go\u00fbt intense et \u00e9quilibr\u00e9.<\/p>\n<p><b>DESCRIPTION DU PRODUIT<\/b><\/p>\n<p>Dans ce produit, les notes piquantes du gingembre sont parfaitement \u00e9quilibr\u00e9es avec l&rsquo;harmonie du citron, ce qui donne \u00e0 l\u2019infusion au gingembre et au citron en feuilles le <b>caract\u00e8re fort et frais<\/b> que vous recherchez. \u00a0<\/p>\n<p>Une <b>boisson \u00e9quilibr\u00e9e et<\/b> <b>agr\u00e9able<\/b> qui vous surprendra \u00e0 chaque gorg\u00e9e.<\/p>\n<p><b>MOMENT DE CONSOMMATION\u00a0<\/b><\/p>\n<p>C&rsquo;est l\u2019infusion <b>parfaite apr\u00e8s le d\u00e9jeuner et le d\u00eener<\/b>, capable de vous donner un plein d&rsquo;\u00e9nergie gr\u00e2ce aussi \u00e0 ses <b>propri\u00e9t\u00e9s digestives<\/b>.\u00a0<\/p>\n<p>L&rsquo;infusion au gingembre et au citron est id\u00e9ale \u00e0 tout moment de l&rsquo;ann\u00e9e mais en siroter une tasse fumante pendant les soir\u00e9es d&rsquo;hiver deviendra un must.\u00a0<\/p>\n<p>L&rsquo;infusion de gingembre et citron en feuilles d\u2019Essse Caff\u00e8 est id\u00e9ale pour vous qui ne savez pas dire non \u00e0 une <b>boisson aux notes vives et r\u00e9g\u00e9n\u00e9rantes<\/b>.<\/p>\n<p><b>Essayez-la maintenant !<\/b><\/p>\n                    <\/div>\n                <\/div>\n            <\/div>\n        <\/div>\n    <\/div>\n<\/div>\n<style>\n    :root {\n        --product-color: #58ACA8;\n    }\n    <\/style>\n\n\n\n<\/div>","protected":false},"excerpt":{"rendered":"","protected":false},"author":95,"featured_media":0,"parent":6473,"menu_order":266,"comment_status":"closed","ping_status":"closed","template":"","meta":{"inline_featured_image":false,"footnotes":""},"class_list":["post-9158","page","type-page","status-publish","hentry"],"_links":{"self":[{"href":"https:\/\/www.esssecaffe.com\/fr\/wp-json\/wp\/v2\/pages\/9158","targetHints":{"allow":["GET"]}}],"collection":[{"href":"https:\/\/www.esssecaffe.com\/fr\/wp-json\/wp\/v2\/pages"}],"about":[{"href":"https:\/\/www.esssecaffe.com\/fr\/wp-json\/wp\/v2\/types\/page"}],"author":[{"embeddable":true,"href":"https:\/\/www.esssecaffe.com\/fr\/wp-json\/wp\/v2\/users\/95"}],"replies":[{"embeddable":true,"href":"https:\/\/www.esssecaffe.com\/fr\/wp-json\/wp\/v2\/comments?post=9158"}],"version-history":[{"count":0,"href":"https:\/\/www.esssecaffe.com\/fr\/wp-json\/wp\/v2\/pages\/9158\/revisions"}],"up":[{"embeddable":true,"href":"https:\/\/www.esssecaffe.com\/fr\/wp-json\/wp\/v2\/pages\/6473"}],"wp:attachment":[{"href":"https:\/\/www.esssecaffe.com\/fr\/wp-json\/wp\/v2\/media?parent=9158"}],"curies":[{"name":"wp","href":"https:\/\/api.w.org\/{rel}","templated":true}]}}