{"id":9189,"date":"2022-11-17T11:09:36","date_gmt":"2022-11-17T10:09:36","guid":{"rendered":"https:\/\/www.esssecaffe.com\/ligne-home\/capsule-compatibili-nespresso\/conbrio\/"},"modified":"2022-12-12T12:11:00","modified_gmt":"2022-12-12T11:11:00","slug":"conbrio","status":"publish","type":"page","link":"https:\/\/www.esssecaffe.com\/fr\/ligne-home\/capsules-compatibles-nespresso\/conbrio\/","title":{"rendered":"Conbr\u00eco"},"content":{"rendered":"<div id=\"\" class=\"product-section\">\n\n\n\n<div data-scroll-section class=\"l-container\" style=\"margin-bottom: 50px; margin-top: 30px;\"><nav class=\"woocommerce-breadcrumb rank-math-breadcrumb\"><span class=\"last\">Home<\/span><\/nav><\/div>\n\n<div data-scroll-section>\n    <div class=\"l-container\">\n        <div class=\"product-flex product-flex_product product-section-small\">\n            <div class=\"product-gallery with-coffee-bg \"> \n                <div class=\"product-gallery-image\">\n                    <img loading=\"lazy\" decoding=\"async\" width=\"500\" height=\"648\" src=\"https:\/\/www.esssecaffe.com\/wp-content\/uploads\/2021\/09\/nespresso_mockup_con_brio.png\" class=\"attachment-full size-full\" alt=\"\" srcset=\"https:\/\/www.esssecaffe.com\/wp-content\/uploads\/2021\/09\/nespresso_mockup_con_brio.png 500w, https:\/\/www.esssecaffe.com\/wp-content\/uploads\/2021\/09\/nespresso_mockup_con_brio-231x300.png 231w, https:\/\/www.esssecaffe.com\/wp-content\/uploads\/2021\/09\/nespresso_mockup_con_brio-222x288.png 222w, https:\/\/www.esssecaffe.com\/wp-content\/uploads\/2021\/09\/nespresso_mockup_con_brio-230x298.png 230w, https:\/\/www.esssecaffe.com\/wp-content\/uploads\/2021\/09\/nespresso_mockup_con_brio-477x618.png 477w\" sizes=\"auto, (max-width: 500px) 100vw, 500px\" \/>                <\/div>\n            <\/div>\n            <div class=\"product-info\">\n                <div class=\"product-info__inner\">\n                    <p class=\"h1 product-title title-decoration reveal-text \" data-scroll>Conbr\u00eco<\/p>\n                    <div class=\"product-description fade-in-bottom\" data-scroll>\n                        <p>Intense\u00a0<\/p>\n<p>Lorsque vous recherchez <b>l&rsquo;excellence d\u2019Essse Caff\u00e8 en capsules compatibles Nespresso\u00ae,<\/b> Conbr\u00eco est le caf\u00e9 qu\u2019il vous faut.<\/p>\n<p>Fabriqu\u00e9 \u00e0 partir des meilleurs caf\u00e9s Arabica et Robusta, Conbr\u00eco en capsules sait comment exprimer sa richesse, gr\u00e2ce \u00e0 un<b> bouquet de saveurs harmonieuses et un corps velout\u00e9, contenus dans une \u00e9l\u00e9gante capsule en aluminium.<span class=\"Apple-converted-space\">\u00a0<\/span><\/b><\/p>\n<p><b>DESCRIPTION DU PRODUIT<\/b><\/p>\n<p>Quand vous \u00eates \u00e0 la recherche d&rsquo;une<b> pause pleine et cors\u00e9e, choisissez Conbr\u00eco<\/b>. Ce m\u00e9lange de caf\u00e9 saura faire vivre \u00e0 votre palais un moment plein et satisfaisant.<\/p>\n<p><b>Les capsules compatibles Nespresso<\/b>\u00ae<b> <\/b>en aluminium<b> sont pratiques et rapides \u00e0 utiliser<\/b>, elles sont auto-prot\u00e9g\u00e9es et gain de place, gr\u00e2ce \u00e0 leur dimension r\u00e9duite.<span class=\"Apple-converted-space\">\u00a0<\/span><\/p>\n<p><b>SAVEUR\u00a0<\/b><\/p>\n<p>La structure cors\u00e9e de Intenso souligne les <b>senteurs de chocolat<\/b>, qui se fondent aux nuances de <b>vanille et d&rsquo;\u00e9pices<\/b>, dans un \u00e9quilibre complet <b>entre le doux et l\u2019amer<\/b>. Un caf\u00e9 persistant et intense, parfait \u00e0 chaque moment de pause.<span class=\"Apple-converted-space\">\u00a0<\/span><\/p>\n<p><b>M\u00c9LANGE\u00a0<\/b><\/p>\n<p>Gr\u00e2ce \u00e0 la longue exp\u00e9rience d&rsquo;Essse Caff\u00e8, Intenso est issu d&rsquo;un savant <b>m\u00e9lange<\/b> <b>de caf\u00e9s Arabica et Robusta<\/b>, \u00e9tudi\u00e9s et s\u00e9lectionn\u00e9s pour cr\u00e9er un r\u00e9sultat aromatique, cr\u00e9meux et \u00e9quilibr\u00e9 dans la tasse.\u00a0<\/p>\n<p><b>MOMENT DE CONSOMMATION\u00a0<\/b><\/p>\n<p>Laissez-vous envelopper par le go\u00fbt incroyable d&rsquo;Intenso, <b>parfait pour tous les moments o\u00f9 vous cherchez l&rsquo;\u00e9nergie n\u00e9cessaire<\/b> pour commencer votre journ\u00e9e ou reprendre votre travail.\u00a0<\/p>\n<p><b>Choisissez Conbr\u00eco en capsules en aluminium compatibles Nespresso\u00ae pour avoir votre caf\u00e9 pr\u00e9f\u00e9r\u00e9 toujours \u00e0 port\u00e9e de main.<\/b><\/p>\n                    <\/div>\n                <\/div>\n            <\/div>\n        <\/div>\n    <\/div>\n<\/div>\n<style>\n    :root {\n        --product-color: #312F2F;\n    }\n    <\/style>\n\n\n\n<\/div>","protected":false},"excerpt":{"rendered":"","protected":false},"author":95,"featured_media":0,"parent":8630,"menu_order":264,"comment_status":"closed","ping_status":"closed","template":"","meta":{"inline_featured_image":false,"footnotes":""},"class_list":["post-9189","page","type-page","status-publish","hentry"],"_links":{"self":[{"href":"https:\/\/www.esssecaffe.com\/fr\/wp-json\/wp\/v2\/pages\/9189","targetHints":{"allow":["GET"]}}],"collection":[{"href":"https:\/\/www.esssecaffe.com\/fr\/wp-json\/wp\/v2\/pages"}],"about":[{"href":"https:\/\/www.esssecaffe.com\/fr\/wp-json\/wp\/v2\/types\/page"}],"author":[{"embeddable":true,"href":"https:\/\/www.esssecaffe.com\/fr\/wp-json\/wp\/v2\/users\/95"}],"replies":[{"embeddable":true,"href":"https:\/\/www.esssecaffe.com\/fr\/wp-json\/wp\/v2\/comments?post=9189"}],"version-history":[{"count":0,"href":"https:\/\/www.esssecaffe.com\/fr\/wp-json\/wp\/v2\/pages\/9189\/revisions"}],"up":[{"embeddable":true,"href":"https:\/\/www.esssecaffe.com\/fr\/wp-json\/wp\/v2\/pages\/8630"}],"wp:attachment":[{"href":"https:\/\/www.esssecaffe.com\/fr\/wp-json\/wp\/v2\/media?parent=9189"}],"curies":[{"name":"wp","href":"https:\/\/api.w.org\/{rel}","templated":true}]}}