{"id":9199,"date":"2022-11-17T11:09:41","date_gmt":"2022-11-17T10:09:41","guid":{"rendered":"https:\/\/www.esssecaffe.com\/ligne-home\/capsules-compatibles-nescafe-dolce-gusto\/conbrio\/"},"modified":"2022-12-13T15:54:04","modified_gmt":"2022-12-13T14:54:04","slug":"conbrio","status":"publish","type":"page","link":"https:\/\/www.esssecaffe.com\/fr\/ligne-home\/capsules-compatibles-nescafe-dolce-gusto\/conbrio\/","title":{"rendered":"Conbr\u00eco"},"content":{"rendered":"<div id=\"\" class=\"product-section\">\n\n\n\n<div data-scroll-section class=\"l-container\" style=\"margin-bottom: 50px; margin-top: 30px;\"><nav class=\"woocommerce-breadcrumb rank-math-breadcrumb\"><span class=\"last\">Home<\/span><\/nav><\/div>\n\n<div data-scroll-section>\n    <div class=\"l-container\">\n        <div class=\"product-flex product-flex_product product-section-small\">\n            <div class=\"product-gallery with-coffee-bg \"> \n                <div class=\"product-gallery-image\">\n                    <img loading=\"lazy\" decoding=\"async\" width=\"484\" height=\"609\" src=\"https:\/\/www.esssecaffe.com\/wp-content\/uploads\/2022\/10\/singola_conbrio-2.png\" class=\"attachment-full size-full\" alt=\"\" srcset=\"https:\/\/www.esssecaffe.com\/wp-content\/uploads\/2022\/10\/singola_conbrio-2.png 484w, https:\/\/www.esssecaffe.com\/wp-content\/uploads\/2022\/10\/singola_conbrio-2-238x300.png 238w, https:\/\/www.esssecaffe.com\/wp-content\/uploads\/2022\/10\/singola_conbrio-2-230x289.png 230w, https:\/\/www.esssecaffe.com\/wp-content\/uploads\/2022\/10\/singola_conbrio-2-477x600.png 477w\" sizes=\"auto, (max-width: 484px) 100vw, 484px\" \/>                <\/div>\n            <\/div>\n            <div class=\"product-info\">\n                <div class=\"product-info__inner\">\n                    <p class=\"h1 product-title title-decoration reveal-text \" data-scroll>Conbr\u00eco<\/p>\n                    <div class=\"product-description fade-in-bottom\" data-scroll>\n                        <p>BIENT\u00d4T DISPONIBLE DANS VOTRE PAYS<\/p>\n<p><b>Intense\u00a0<\/b><\/p>\n<p>Toute l&rsquo;excellence d&rsquo;Essse Caff\u00e8, aussi dans le format Nescaf\u00e8\u00ae Dolce Gusto\u00ae.<span class=\"Apple-converted-space\">\u00a0<\/span><\/p>\n<p>Des esp\u00e8ces d&rsquo;Arabica et de Robusta s\u00e9lectionn\u00e9es pour exprimer au mieux toutes les senteurs de ce blend, \u00e9tudi\u00e9 dans les moindres d\u00e9tails pour donner le meilleur de soi-m\u00eame dans ce syst\u00e8me de distribution. Le r\u00e9sultat est un caf\u00e9 cors\u00e9, \u00e0 la saveur intense et chocolat\u00e9e.<\/p>\n<p><b>DESCRIPTION DU PRODUIT<\/b><\/p>\n<p>Pour un moment de plein d&rsquo;\u00e9nergie, Conbr\u00eco est le caf\u00e9 qu\u2019il vous faut.<span class=\"Apple-converted-space\">\u00a0 <\/span>Les capsules sont <b>pratiques et rapides \u00e0 utiliser<\/b>, parfaites pour \u00eatre distribu\u00e9es dans le confort de votre cuisine.<span class=\"Apple-converted-space\">\u00a0<\/span><\/p>\n<p><b>SAVEUR\u00a0<\/b><\/p>\n<p>La structure cors\u00e9e de Conbr\u00eco souligne les <b>parfums de chocolat<\/b>, qui se fondent aux nuances de <b>vanille et d&rsquo;\u00e9pices<\/b>, dans un <b>\u00e9quilibre total entre le doux et l\u2019amer.<\/b><\/p>\n<p>La longue persistance de Conbr\u00eco accompagne votre d\u00e9sir d&rsquo;une autre gorg\u00e9e de ce nectar parfum\u00e9 et \u00e9l\u00e9gant.<\/p>\n<p><b>M\u00c9LANGE\u00a0<\/b><\/p>\n<p>Gr\u00e2ce \u00e0 la longue exp\u00e9rience d&rsquo;Essse Caff\u00e8, Intenso est issu d&rsquo;un savant <b>m\u00e9lange<\/b> <b>de caf\u00e9s Arabica et Robusta<\/b>, \u00e9tudi\u00e9s et s\u00e9lectionn\u00e9s pour cr\u00e9er un r\u00e9sultat aromatique, cr\u00e9meux et \u00e9quilibr\u00e9 dans la tasse.\u00a0<\/p>\n<p><b>MOMENT DE CONSOMMATION\u00a0<\/b><\/p>\n<p>Laissez-vous envelopper par le go\u00fbt incroyable de Conbr\u00eco, <b>id\u00e9al pour tous les moments o\u00f9 vous avez besoin de l\u2019\u00e9nergie<\/b> n\u00e9cessaire pour commencer la journ\u00e9e ou reprendre le travail.\u00a0<\/p>\n<p><b>Choisissez Conbr\u00eco en capsules Nescaf\u00e8\u00ae Dolce Gusto\u00ae pour avoir toujours votre caf\u00e9 pr\u00e9f\u00e9r\u00e9 \u00e0 port\u00e9e de main.<\/b><\/p>\n                    <\/div>\n                <\/div>\n            <\/div>\n        <\/div>\n    <\/div>\n<\/div>\n<style>\n    :root {\n        --product-color: #42403F;\n    }\n    <\/style>\n\n\n\n<\/div>","protected":false},"excerpt":{"rendered":"","protected":false},"author":95,"featured_media":0,"parent":8486,"menu_order":259,"comment_status":"closed","ping_status":"closed","template":"","meta":{"inline_featured_image":false,"footnotes":""},"class_list":["post-9199","page","type-page","status-publish","hentry"],"_links":{"self":[{"href":"https:\/\/www.esssecaffe.com\/fr\/wp-json\/wp\/v2\/pages\/9199","targetHints":{"allow":["GET"]}}],"collection":[{"href":"https:\/\/www.esssecaffe.com\/fr\/wp-json\/wp\/v2\/pages"}],"about":[{"href":"https:\/\/www.esssecaffe.com\/fr\/wp-json\/wp\/v2\/types\/page"}],"author":[{"embeddable":true,"href":"https:\/\/www.esssecaffe.com\/fr\/wp-json\/wp\/v2\/users\/95"}],"replies":[{"embeddable":true,"href":"https:\/\/www.esssecaffe.com\/fr\/wp-json\/wp\/v2\/comments?post=9199"}],"version-history":[{"count":0,"href":"https:\/\/www.esssecaffe.com\/fr\/wp-json\/wp\/v2\/pages\/9199\/revisions"}],"up":[{"embeddable":true,"href":"https:\/\/www.esssecaffe.com\/fr\/wp-json\/wp\/v2\/pages\/8486"}],"wp:attachment":[{"href":"https:\/\/www.esssecaffe.com\/fr\/wp-json\/wp\/v2\/media?parent=9199"}],"curies":[{"name":"wp","href":"https:\/\/api.w.org\/{rel}","templated":true}]}}