{"id":9211,"date":"2022-11-17T11:09:47","date_gmt":"2022-11-17T10:09:47","guid":{"rendered":"https:\/\/www.esssecaffe.com\/ligne-home\/capsule-compatibili-lavazza-a-modo-mio\/conbrio\/"},"modified":"2022-12-13T15:53:40","modified_gmt":"2022-12-13T14:53:40","slug":"conbrio","status":"publish","type":"page","link":"https:\/\/www.esssecaffe.com\/fr\/ligne-home\/capsules-compatibles-lavazza-a-modo-mio\/conbrio\/","title":{"rendered":"Conbr\u00eco"},"content":{"rendered":"<div id=\"\" class=\"product-section\">\n\n\n\n<div data-scroll-section class=\"l-container\" style=\"margin-bottom: 50px; margin-top: 30px;\"><nav class=\"woocommerce-breadcrumb rank-math-breadcrumb\"><span class=\"last\">Home<\/span><\/nav><\/div>\n\n<div data-scroll-section>\n    <div class=\"l-container\">\n        <div class=\"product-flex product-flex_product product-section-small\">\n            <div class=\"product-gallery with-coffee-bg \"> \n                <div class=\"product-gallery-image\">\n                    <img loading=\"lazy\" decoding=\"async\" width=\"484\" height=\"609\" src=\"https:\/\/www.esssecaffe.com\/wp-content\/uploads\/2022\/10\/singola_conbrio-1.png\" class=\"attachment-full size-full\" alt=\"\" srcset=\"https:\/\/www.esssecaffe.com\/wp-content\/uploads\/2022\/10\/singola_conbrio-1.png 484w, https:\/\/www.esssecaffe.com\/wp-content\/uploads\/2022\/10\/singola_conbrio-1-238x300.png 238w, https:\/\/www.esssecaffe.com\/wp-content\/uploads\/2022\/10\/singola_conbrio-1-230x289.png 230w, https:\/\/www.esssecaffe.com\/wp-content\/uploads\/2022\/10\/singola_conbrio-1-477x600.png 477w\" sizes=\"auto, (max-width: 484px) 100vw, 484px\" \/>                <\/div>\n            <\/div>\n            <div class=\"product-info\">\n                <div class=\"product-info__inner\">\n                    <p class=\"h1 product-title title-decoration reveal-text \" data-scroll>Conbr\u00eco<\/p>\n                    <div class=\"product-description fade-in-bottom\" data-scroll>\n                        <p>BIENT\u00d4T DISPONIBLE DANS VOTRE PAYS<\/p>\n<p>Intenso est n\u00e9 de la savante s\u00e9lection de caf\u00e9s <b>Arabica et Robusta<\/b>, qui ensemble ont donn\u00e9 naissance \u00e0 un <b>go\u00fbt riche et complexe<\/b>.<\/p>\n<p>Conbr\u00eco est disponible \u00e9galement en capsules compatibles qui vous permettent de savourer ce m\u00e9lange avec votre machine Lavazza A Modo Mio\u00ae.<span class=\"Apple-converted-space\">\u00a0<\/span><\/p>\n<p><b>DESCRIPTION DU PRODUIT<\/b><\/p>\n<p>Le nom de ce m\u00e9lange devance la sensation que l\u2019on aura pendant la d\u00e9gustation.<span class=\"Apple-converted-space\">\u00a0<\/span><\/p>\n<p>Conbr\u00eco est <b>velout\u00e9 et cors\u00e9<\/b> <b>mais toujours harmonieux<\/b>, il devient donc tout de suite un plaisir auquel vous ne pouvez plus renoncer.<\/p>\n<p><b>Les capsules <\/b>compatibles Lavazza a Modo Mio\u00ae ont \u00e9t\u00e9 con\u00e7ues pour \u00eatre <b>faciles \u00e0 utiliser et \u00e0 transporter, <\/b>de sorte que vous puissiez les emmener avec vous m\u00eame au travail ou en vacances.<\/p>\n<p><b>SAVEUR\u00a0<\/b><\/p>\n<p>La complexit\u00e9 de Conbr\u00eco est la somme des senteurs de<b> chocolat<\/b>, <b>vanille et \u00e9pices<\/b>.<span class=\"Apple-converted-space\">\u00a0<\/span><\/p>\n<p>Au palais, <b>la note am\u00e8re et la note sucr\u00e9e<\/b> se d\u00e9marquent<b>,<\/b> <b>dans un \u00e9quilibre parfait<\/b> qui vous donnera envie de continuer \u00e0 le d\u00e9guster.<\/p>\n<p><b>La persistance du go\u00fbt<\/b> vous fera d\u00e9sirer ce caf\u00e9 m\u00eame apr\u00e8s avoir termin\u00e9 votre tasse.<span class=\"Apple-converted-space\">\u00a0<\/span><\/p>\n<p><b>M\u00c9LANGE\u00a0<\/b><\/p>\n<p>Conbr\u00eco est compos\u00e9 d&rsquo;un <b>m\u00e9lange de caf\u00e9s Arabica et Robusta de qualit\u00e9<\/b>, s\u00e9lectionn\u00e9s par les experts d\u2019Essse Caff\u00e8 pour vous offrir des d\u00e9gustations gratifiantes, harmonieuses et voluptueuses.<\/p>\n<p><b>MOMENT DE CONSOMMATION\u00a0<\/b><\/p>\n<p>Conbr\u00eco est le caf\u00e9 id\u00e9al <b>pour bien commencer la journ\u00e9e<\/b> ou pour associer un moment de plaisir \u00e0 un plein d&rsquo;\u00e9nergie.<\/p>\n<p>Fort et audacieux, c&rsquo;est le bon choix lorsque <b>vous avez besoin d&rsquo;un peu de vitalit\u00e9<\/b> et que vous voulez vous r\u00e9compenser avec une saveur enveloppante.<\/p>\n<p><b>Choisissez Conbr\u00eco en capsules compatibles Lavazza A Modo Mio \u00ae et laissez-vous conqu\u00e9rir par sa vigueur.<\/b><\/p>\n                    <\/div>\n                <\/div>\n            <\/div>\n        <\/div>\n    <\/div>\n<\/div>\n<style>\n    :root {\n        --product-color: #42403F;\n    }\n    <\/style>\n\n\n\n<\/div>","protected":false},"excerpt":{"rendered":"","protected":false},"author":95,"featured_media":0,"parent":8617,"menu_order":256,"comment_status":"closed","ping_status":"closed","template":"","meta":{"inline_featured_image":false,"footnotes":""},"class_list":["post-9211","page","type-page","status-publish","hentry"],"_links":{"self":[{"href":"https:\/\/www.esssecaffe.com\/fr\/wp-json\/wp\/v2\/pages\/9211","targetHints":{"allow":["GET"]}}],"collection":[{"href":"https:\/\/www.esssecaffe.com\/fr\/wp-json\/wp\/v2\/pages"}],"about":[{"href":"https:\/\/www.esssecaffe.com\/fr\/wp-json\/wp\/v2\/types\/page"}],"author":[{"embeddable":true,"href":"https:\/\/www.esssecaffe.com\/fr\/wp-json\/wp\/v2\/users\/95"}],"replies":[{"embeddable":true,"href":"https:\/\/www.esssecaffe.com\/fr\/wp-json\/wp\/v2\/comments?post=9211"}],"version-history":[{"count":0,"href":"https:\/\/www.esssecaffe.com\/fr\/wp-json\/wp\/v2\/pages\/9211\/revisions"}],"up":[{"embeddable":true,"href":"https:\/\/www.esssecaffe.com\/fr\/wp-json\/wp\/v2\/pages\/8617"}],"wp:attachment":[{"href":"https:\/\/www.esssecaffe.com\/fr\/wp-json\/wp\/v2\/media?parent=9211"}],"curies":[{"name":"wp","href":"https:\/\/api.w.org\/{rel}","templated":true}]}}