{"id":9228,"date":"2022-11-17T11:13:57","date_gmt":"2022-11-17T10:13:57","guid":{"rendered":"https:\/\/www.esssecaffe.com\/ligne-home\/capsule-compatibili-nespresso\/tuttotondo\/"},"modified":"2022-12-12T12:10:42","modified_gmt":"2022-12-12T11:10:42","slug":"tuttotondo","status":"publish","type":"page","link":"https:\/\/www.esssecaffe.com\/fr\/ligne-home\/capsules-compatibles-nespresso\/tuttotondo\/","title":{"rendered":"Tuttotondo"},"content":{"rendered":"<div id=\"\" class=\"product-section\">\n\n\n\n<div data-scroll-section class=\"l-container\" style=\"margin-bottom: 50px; margin-top: 30px;\"><nav class=\"woocommerce-breadcrumb rank-math-breadcrumb\"><span class=\"last\">Home<\/span><\/nav><\/div>\n\n<div data-scroll-section>\n    <div class=\"l-container\">\n        <div class=\"product-flex product-flex_product product-section-small\">\n            <div class=\"product-gallery with-coffee-bg \"> \n                <div class=\"product-gallery-image\">\n                    <img loading=\"lazy\" decoding=\"async\" width=\"500\" height=\"687\" src=\"https:\/\/www.esssecaffe.com\/wp-content\/uploads\/2021\/09\/nespresso_mockup_tuttotondo.png\" class=\"attachment-full size-full\" alt=\"\" srcset=\"https:\/\/www.esssecaffe.com\/wp-content\/uploads\/2021\/09\/nespresso_mockup_tuttotondo.png 500w, https:\/\/www.esssecaffe.com\/wp-content\/uploads\/2021\/09\/nespresso_mockup_tuttotondo-218x300.png 218w, https:\/\/www.esssecaffe.com\/wp-content\/uploads\/2021\/09\/nespresso_mockup_tuttotondo-210x288.png 210w, https:\/\/www.esssecaffe.com\/wp-content\/uploads\/2021\/09\/nespresso_mockup_tuttotondo-230x316.png 230w, https:\/\/www.esssecaffe.com\/wp-content\/uploads\/2021\/09\/nespresso_mockup_tuttotondo-477x655.png 477w\" sizes=\"auto, (max-width: 500px) 100vw, 500px\" \/>                <\/div>\n            <\/div>\n            <div class=\"product-info\">\n                <div class=\"product-info__inner\">\n                    <p class=\"h1 product-title title-decoration reveal-text \" data-scroll>Tuttotondo<\/p>\n                    <div class=\"product-description fade-in-bottom\" data-scroll>\n                        <p><b>100% Arabica\u00a0<\/b><\/p>\n<p>Toute la <b>qualit\u00e9 d\u2019Essse Caff\u00e8 rencontre les machines Nespresso<\/b>\u00ae pour donner naissance aux<b> capsules compatibles en aluminium 100% Arabica.\u00a0<\/b><\/p>\n<p>Un caf\u00e9 \u00e9l\u00e9gant et raffin\u00e9 d\u00e9di\u00e9 \u00e0 vous, qui \u00eates un vrai passionn\u00e9 d&rsquo;Arabica.<\/p>\n<p><b>DESCRIPTION DU PRODUIT<\/b><\/p>\n<p>Tout l\u2019ar\u00f4me des <b>meilleurs caf\u00e9s 100% Arabica <\/b>est soulign\u00e9 dans les capsules Esse Caff\u00e8 compatibles Nespresso\u00ae en aluminium.<span class=\"Apple-converted-space\">\u00a0<\/span><\/p>\n<p>Les<b> notes acidul\u00e9es<\/b> de ce caf\u00e9 sont <b>\u00e9quilibr\u00e9es par les notes douces<\/b>, que vous pourrez d\u00e9couvrir en le d\u00e9gustant gorg\u00e9e apr\u00e8s gorg\u00e9e.\u00a0<\/p>\n<p><b>SAVEUR<\/b><\/p>\n<p>Tuttotondo vous donne \u00e0 la d\u00e9gustation son acidit\u00e9 classique prononc\u00e9e, adoucie par des <b>notes aromatiques fruit\u00e9es et herbac\u00e9es<\/b>.<\/p>\n<p><b>\u00c9l\u00e9gant et d\u00e9licat<\/b>, la vraie d\u00e9couverte se fera en finale, o\u00f9 <b>les senteurs d&rsquo;amande<\/b> seront capables de vous \u00e9tonner.<\/p>\n<p><b>M\u00c9LANGE\u00a0<\/b><\/p>\n<p>Essse Caff\u00e8 a m\u00e9lang\u00e9 soigneusement les meilleurs caf\u00e9s Arabica pour vous offrir un caf\u00e9 o\u00f9 l\u2019acidit\u00e9 et la douceur se marient parfaitement, sans parler du corps qu&rsquo;il apporte \u00e0 chaque d\u00e9gustation.<\/p>\n<p><b>MOMENT DE CONSOMMATION<\/b><\/p>\n<p>La <b>faible teneur en caf\u00e9ine<\/b> qui caract\u00e9rise Tuttotondo le rend parfait <b>\u00e0 tout moment de la journ\u00e9e.<\/b><\/p>\n<p>Ne renoncez pas au plaisir d&rsquo;un bon caf\u00e9 pour votre pause en milieu de matin\u00e9e ou pour un peu de l\u00e9g\u00e8ret\u00e9 en fin d&rsquo;apr\u00e8s-midi. Vous avez la libert\u00e9 de vous offrir une tasse de caf\u00e9 quand vous le souhaitez.<\/p>\n<p><b>Choisissez Tuttotondo en capsules compatibles Nespresso\u00ae en aluminium pour toujours savourer son go\u00fbt frais et doux.<\/b><\/p>\n                    <\/div>\n                <\/div>\n            <\/div>\n        <\/div>\n    <\/div>\n<\/div>\n<style>\n    :root {\n        --product-color: #14334F;\n    }\n    <\/style>\n\n\n\n<\/div>","protected":false},"excerpt":{"rendered":"","protected":false},"author":95,"featured_media":0,"parent":8630,"menu_order":263,"comment_status":"closed","ping_status":"closed","template":"","meta":{"inline_featured_image":false,"footnotes":""},"class_list":["post-9228","page","type-page","status-publish","hentry"],"_links":{"self":[{"href":"https:\/\/www.esssecaffe.com\/fr\/wp-json\/wp\/v2\/pages\/9228","targetHints":{"allow":["GET"]}}],"collection":[{"href":"https:\/\/www.esssecaffe.com\/fr\/wp-json\/wp\/v2\/pages"}],"about":[{"href":"https:\/\/www.esssecaffe.com\/fr\/wp-json\/wp\/v2\/types\/page"}],"author":[{"embeddable":true,"href":"https:\/\/www.esssecaffe.com\/fr\/wp-json\/wp\/v2\/users\/95"}],"replies":[{"embeddable":true,"href":"https:\/\/www.esssecaffe.com\/fr\/wp-json\/wp\/v2\/comments?post=9228"}],"version-history":[{"count":0,"href":"https:\/\/www.esssecaffe.com\/fr\/wp-json\/wp\/v2\/pages\/9228\/revisions"}],"up":[{"embeddable":true,"href":"https:\/\/www.esssecaffe.com\/fr\/wp-json\/wp\/v2\/pages\/8630"}],"wp:attachment":[{"href":"https:\/\/www.esssecaffe.com\/fr\/wp-json\/wp\/v2\/media?parent=9228"}],"curies":[{"name":"wp","href":"https:\/\/api.w.org\/{rel}","templated":true}]}}