{"id":9242,"date":"2022-11-17T11:14:56","date_gmt":"2022-11-17T10:14:56","guid":{"rendered":"https:\/\/www.esssecaffe.com\/ligne-home\/capsule-compatibili-lavazza-a-modo-mio\/tuttotondo\/"},"modified":"2022-12-13T15:53:53","modified_gmt":"2022-12-13T14:53:53","slug":"tuttotondo","status":"publish","type":"page","link":"https:\/\/www.esssecaffe.com\/fr\/ligne-home\/capsules-compatibles-lavazza-a-modo-mio\/tuttotondo\/","title":{"rendered":"Tuttotondo"},"content":{"rendered":"<div id=\"\" class=\"product-section\">\n\n\n\n<div data-scroll-section class=\"l-container\" style=\"margin-bottom: 50px; margin-top: 30px;\"><nav class=\"woocommerce-breadcrumb rank-math-breadcrumb\"><span class=\"last\">Home<\/span><\/nav><\/div>\n\n<div data-scroll-section>\n    <div class=\"l-container\">\n        <div class=\"product-flex product-flex_product product-section-small\">\n            <div class=\"product-gallery with-coffee-bg \"> \n                <div class=\"product-gallery-image\">\n                    <img loading=\"lazy\" decoding=\"async\" width=\"484\" height=\"609\" src=\"https:\/\/www.esssecaffe.com\/wp-content\/uploads\/2022\/10\/singola_tuttotondo.png\" class=\"attachment-full size-full\" alt=\"\" srcset=\"https:\/\/www.esssecaffe.com\/wp-content\/uploads\/2022\/10\/singola_tuttotondo.png 484w, https:\/\/www.esssecaffe.com\/wp-content\/uploads\/2022\/10\/singola_tuttotondo-238x300.png 238w, https:\/\/www.esssecaffe.com\/wp-content\/uploads\/2022\/10\/singola_tuttotondo-230x289.png 230w, https:\/\/www.esssecaffe.com\/wp-content\/uploads\/2022\/10\/singola_tuttotondo-477x600.png 477w\" sizes=\"auto, (max-width: 484px) 100vw, 484px\" \/>                <\/div>\n            <\/div>\n            <div class=\"product-info\">\n                <div class=\"product-info__inner\">\n                    <p class=\"h1 product-title title-decoration reveal-text \" data-scroll>Tuttotondo<\/p>\n                    <div class=\"product-description fade-in-bottom\" data-scroll>\n                        <p>BIENT\u00d4T DISPONIBLE DANS VOTRE PAYS<\/p>\n<p>Si vous aimez le 100% Arabica Essse Caff\u00e8 et pr\u00e9f\u00e9rez la consommation de capsules Lavazza A Modo Mio\u00ae, essayez nos capsules compatibles.<span class=\"Apple-converted-space\">\u00a0<\/span><\/p>\n<p>Le<b> parfum intense et l&rsquo;arri\u00e8re-go\u00fbt frais<\/b> vous conquerront chaque jour.<span class=\"Apple-converted-space\">\u00a0<\/span><\/p>\n<p><b>DESCRIPTION DU PRODUIT<\/b><\/p>\n<p>Comme pour tous nos m\u00e9langes, nous avons s\u00e9lectionn\u00e9 les meilleurs Arabica pour vous offrir un caf\u00e9 \u00e9quilibr\u00e9 et gratifiant. <span class=\"Apple-converted-space\">\u00a0<\/span><\/p>\n<p>Des senteurs organoleptiques qui vont <b>de la douceur \u00e0 l&rsquo;acidit\u00e9 l\u00e9g\u00e8re et agr\u00e9able<\/b> vous surprendront \u00e0 la premi\u00e8re gorg\u00e9e et laisseront votre palais frais et l\u00e9ger.<span class=\"Apple-converted-space\">\u00a0<\/span><\/p>\n<p><b>SAVEUR<\/b><\/p>\n<p>Tuttotondo a \u00e9t\u00e9 con\u00e7u pour caresser le palais avec des <b>notes douces, fruit\u00e9es et herbac\u00e9es.<span class=\"Apple-converted-space\">\u00a0<\/span><\/b><\/p>\n<p>Le go\u00fbt final de ce caf\u00e9 est d\u00e9licat mais bien d\u00e9fini, gr\u00e2ce \u00e0 son <b>arri\u00e8re-go\u00fbt qui rappelle l&rsquo;amande.<\/b><\/p>\n<p><b>M\u00c9LANGE\u00a0<\/b><\/p>\n<p>Nos experts ont soigneusement s\u00e9lectionn\u00e9 les <b>meilleurs caf\u00e9s Arabica<\/b> <b>pour cr\u00e9er un caf\u00e9 harmonieux<\/b>, en parfait \u00e9quilibre, avec un corps qui remplit la bouche \u00e0 chaque gorg\u00e9e.<\/p>\n<p><b>MOMENT DE CONSOMMATION<\/b><\/p>\n<p>Tuttotondo convient \u00e0 ceux qui veulent boire des <b>caf\u00e9s \u00e0 tout moment de la journ\u00e9e<\/b> \u00e9tant donn\u00e9 la pr\u00e9sence limit\u00e9e de caf\u00e9ine.<span class=\"Apple-converted-space\">\u00a0<\/span><\/p>\n<p>Vous pourrez d\u00e9guster une tasse de caf\u00e9 au petit d\u00e9jeuner et apr\u00e8s le d\u00e9jeuner, mais aussi dans l&rsquo;apr\u00e8s-midi et, si vous le souhaitez, m\u00eame dans la soir\u00e9e.<\/p>\n<p><b>Essayez Tuttotondo en capsules compatibles Lavazza a Modo Mio\u00ae, vous ne pourrez plus vous en passer.<span class=\"Apple-converted-space\">\u00a0<\/span><\/b><\/p>\n                    <\/div>\n                <\/div>\n            <\/div>\n        <\/div>\n    <\/div>\n<\/div>\n<style>\n    :root {\n        --product-color: #2A415F;\n    }\n    <\/style>\n\n\n\n<\/div>","protected":false},"excerpt":{"rendered":"","protected":false},"author":95,"featured_media":0,"parent":8617,"menu_order":255,"comment_status":"closed","ping_status":"closed","template":"","meta":{"inline_featured_image":false,"footnotes":""},"class_list":["post-9242","page","type-page","status-publish","hentry"],"_links":{"self":[{"href":"https:\/\/www.esssecaffe.com\/fr\/wp-json\/wp\/v2\/pages\/9242","targetHints":{"allow":["GET"]}}],"collection":[{"href":"https:\/\/www.esssecaffe.com\/fr\/wp-json\/wp\/v2\/pages"}],"about":[{"href":"https:\/\/www.esssecaffe.com\/fr\/wp-json\/wp\/v2\/types\/page"}],"author":[{"embeddable":true,"href":"https:\/\/www.esssecaffe.com\/fr\/wp-json\/wp\/v2\/users\/95"}],"replies":[{"embeddable":true,"href":"https:\/\/www.esssecaffe.com\/fr\/wp-json\/wp\/v2\/comments?post=9242"}],"version-history":[{"count":0,"href":"https:\/\/www.esssecaffe.com\/fr\/wp-json\/wp\/v2\/pages\/9242\/revisions"}],"up":[{"embeddable":true,"href":"https:\/\/www.esssecaffe.com\/fr\/wp-json\/wp\/v2\/pages\/8617"}],"wp:attachment":[{"href":"https:\/\/www.esssecaffe.com\/fr\/wp-json\/wp\/v2\/media?parent=9242"}],"curies":[{"name":"wp","href":"https:\/\/api.w.org\/{rel}","templated":true}]}}