{"id":9692,"date":"2022-11-21T11:44:49","date_gmt":"2022-11-21T10:44:49","guid":{"rendered":"https:\/\/www.esssecaffe.com\/ligne-home\/caffe-in-cialde\/decaffeinated-paper-pods\/"},"modified":"2022-12-12T12:18:49","modified_gmt":"2022-12-12T11:18:49","slug":"decafeine","status":"publish","type":"page","link":"https:\/\/www.esssecaffe.com\/fr\/ligne-home\/dosettes-de-cafe\/decafeine\/","title":{"rendered":"Dosettes Papier D\u00e9caf\u00e9in\u00e9"},"content":{"rendered":"<div id=\"\" class=\"product-section\">\n\n\n\n<div data-scroll-section class=\"l-container\" style=\"margin-bottom: 50px; margin-top: 30px;\"><nav class=\"woocommerce-breadcrumb rank-math-breadcrumb\"><span class=\"last\">Home<\/span><\/nav><\/div>\n\n<div data-scroll-section>\n    <div class=\"l-container\">\n        <div class=\"product-flex product-flex_product product-section-small\">\n            <div class=\"product-gallery with-coffee-bg \"> \n                <div class=\"product-gallery-image\">\n                    <img loading=\"lazy\" decoding=\"async\" width=\"355\" height=\"465\" src=\"https:\/\/www.esssecaffe.com\/wp-content\/uploads\/2022\/09\/Decaffeinato_solo.png\" class=\"attachment-full size-full\" alt=\"\" srcset=\"https:\/\/www.esssecaffe.com\/wp-content\/uploads\/2022\/09\/Decaffeinato_solo.png 355w, https:\/\/www.esssecaffe.com\/wp-content\/uploads\/2022\/09\/Decaffeinato_solo-229x300.png 229w, https:\/\/www.esssecaffe.com\/wp-content\/uploads\/2022\/09\/Decaffeinato_solo-220x288.png 220w, https:\/\/www.esssecaffe.com\/wp-content\/uploads\/2022\/09\/Decaffeinato_solo-230x301.png 230w\" sizes=\"auto, (max-width: 355px) 100vw, 355px\" \/>                <\/div>\n            <\/div>\n            <div class=\"product-info\">\n                <div class=\"product-info__inner\">\n                    <p class=\"h1 product-title title-decoration reveal-text longest-title longest-title_short\" data-scroll>Dosettes Papier D\u00e9caf\u00e9in\u00e9<\/p>\n                    <div class=\"product-description fade-in-bottom\" data-scroll>\n                        <p>D\u00e9caf\u00e9in\u00e9 en dosettes est le vrai plaisir du caf\u00e9 Essse sans caf\u00e9ine. Vous pouvez en d\u00e9guster une tasse chaque fois que vous d\u00e9sirez un excellent caf\u00e9.<\/p>\n<p>D\u00e9licat et l\u00e9ger, notre caf\u00e9 d\u00e9caf\u00e9in\u00e9 vous conquiert avec son go\u00fbt tout \u00e0 d\u00e9couvrir.<\/p>\n<p>Nos dosettes en papier, emball\u00e9es individuellement dans des sachets de protection d&rsquo;ar\u00f4me, sont tr\u00e8s faciles \u00e0 utiliser.<\/p>\n<p><strong>DESCRIPTION DU PRODUIT<\/strong><\/p>\n<p>Gr\u00e2ce au sachet de protection d&rsquo;ar\u00f4me et \u00e0 l&#8217;emballage en dose unique, toutes les qualit\u00e9s organoleptiques de D\u00e9caf\u00e9in\u00e9 en dosettes papier d&rsquo;Essse Caff\u00e8 sont conserv\u00e9es pendant longtemps.<\/p>\n<p>Chaque fois que vous mettez une dosette de ce m\u00e9lange dans votre machine \u00e0 caf\u00e9, vous serez surpris par l&rsquo;ar\u00f4me intense et \u00ab frais \u00bb que vous ressentirez imm\u00e9diatement.<\/p>\n<p><strong>SAVEUR\u00a0<\/strong><\/p>\n<p>D\u00e9caf\u00e9in\u00e9 en dosettes a un go\u00fbt l\u00e9ger, \u00e9quilibr\u00e9 par un corps rond.<\/p>\n<p>Avec ses notes \u00e9l\u00e9gantes de fruits secs et de cacao, D\u00e9caf\u00e9in\u00e9 Essse saura impliquer vos sens gr\u00e2ce \u00e0 son ar\u00f4me de caf\u00e9 traditionnel.<\/p>\n<p><strong>M\u00c9LANGE<\/strong><\/p>\n<p>Issu d&rsquo;un m\u00e9lange savant de caf\u00e9s Arabica et Robusta d\u00e9caf\u00e9in\u00e9s et d\u00e9paraffin\u00e9s, D\u00e9caf\u00e9in\u00e9 en dosettes est un blend qui maintient sa teneur en caf\u00e9ine en dessous de 0,10 %.<\/p>\n<p>Vous pouvez appr\u00e9cier tout le go\u00fbt du caf\u00e9 sans les effets de la caf\u00e9ine.<\/p>\n<p><strong>MOMENT DE CONSOMMATION<\/strong><\/p>\n<p>D\u00e9caf\u00e9in\u00e9 en dosettes est le caf\u00e9 que vous pouvez vous accorder \u00e0 tout moment de la journ\u00e9e, m\u00eame lorsque vous recherchez le plaisir d&rsquo;une tasse apr\u00e8s le d\u00eener.<\/p>\n<p>Si vous ne voulez pas renoncer au vrai go\u00fbt du caf\u00e9, D\u00e9caf\u00e9in\u00e9 en dosettes sera un must pour vous.<\/p>\n                    <\/div>\n                <\/div>\n            <\/div>\n        <\/div>\n    <\/div>\n<\/div>\n<style>\n    :root {\n        --product-color: #1FB4DB;\n    }\n    <\/style>\n\n\n\n<\/div>","protected":false},"excerpt":{"rendered":"","protected":false},"author":95,"featured_media":0,"parent":8502,"menu_order":253,"comment_status":"closed","ping_status":"closed","template":"","meta":{"inline_featured_image":false,"footnotes":""},"class_list":["post-9692","page","type-page","status-publish","hentry"],"_links":{"self":[{"href":"https:\/\/www.esssecaffe.com\/fr\/wp-json\/wp\/v2\/pages\/9692","targetHints":{"allow":["GET"]}}],"collection":[{"href":"https:\/\/www.esssecaffe.com\/fr\/wp-json\/wp\/v2\/pages"}],"about":[{"href":"https:\/\/www.esssecaffe.com\/fr\/wp-json\/wp\/v2\/types\/page"}],"author":[{"embeddable":true,"href":"https:\/\/www.esssecaffe.com\/fr\/wp-json\/wp\/v2\/users\/95"}],"replies":[{"embeddable":true,"href":"https:\/\/www.esssecaffe.com\/fr\/wp-json\/wp\/v2\/comments?post=9692"}],"version-history":[{"count":0,"href":"https:\/\/www.esssecaffe.com\/fr\/wp-json\/wp\/v2\/pages\/9692\/revisions"}],"up":[{"embeddable":true,"href":"https:\/\/www.esssecaffe.com\/fr\/wp-json\/wp\/v2\/pages\/8502"}],"wp:attachment":[{"href":"https:\/\/www.esssecaffe.com\/fr\/wp-json\/wp\/v2\/media?parent=9692"}],"curies":[{"name":"wp","href":"https:\/\/api.w.org\/{rel}","templated":true}]}}