{"id":9704,"date":"2022-11-21T11:45:34","date_gmt":"2022-11-21T10:45:34","guid":{"rendered":"https:\/\/www.esssecaffe.com\/ligne-home\/caffe-in-cialde\/intenso-paper-pods\/"},"modified":"2022-12-12T12:18:18","modified_gmt":"2022-12-12T11:18:18","slug":"intenso","status":"publish","type":"page","link":"https:\/\/www.esssecaffe.com\/fr\/ligne-home\/dosettes-de-cafe\/intenso\/","title":{"rendered":"Dosettes Papier Intenso"},"content":{"rendered":"<div id=\"\" class=\"product-section\">\n\n\n\n<div data-scroll-section class=\"l-container\" style=\"margin-bottom: 50px; margin-top: 30px;\"><nav class=\"woocommerce-breadcrumb rank-math-breadcrumb\"><span class=\"last\">Home<\/span><\/nav><\/div>\n\n<div data-scroll-section>\n    <div class=\"l-container\">\n        <div class=\"product-flex product-flex_product\">\n            <div class=\"product-gallery with-coffee-bg\">\n                <div class=\"product-gallery-bg\"><\/div>\n                <div class=\"product-gallery-image\">\n                    <img loading=\"lazy\" decoding=\"async\" width=\"355\" height=\"465\" src=\"https:\/\/www.esssecaffe.com\/wp-content\/uploads\/2022\/09\/Intenso_solo.png\" class=\"attachment-full size-full\" alt=\"\" srcset=\"https:\/\/www.esssecaffe.com\/wp-content\/uploads\/2022\/09\/Intenso_solo.png 355w, https:\/\/www.esssecaffe.com\/wp-content\/uploads\/2022\/09\/Intenso_solo-229x300.png 229w, https:\/\/www.esssecaffe.com\/wp-content\/uploads\/2022\/09\/Intenso_solo-220x288.png 220w, https:\/\/www.esssecaffe.com\/wp-content\/uploads\/2022\/09\/Intenso_solo-230x301.png 230w\" sizes=\"auto, (max-width: 355px) 100vw, 355px\" \/>                <\/div>\n            <\/div>\n            <div class=\"product-info\">\n                <div class=\"product-info__inner\">\n                    <p class=\"h1 product-title title-decoration reveal-text\" data-scroll>Dosettes Papier Intenso<\/p>\n                    <div class=\"product-description fade-in-bottom\" data-scroll>\n                        <p>Intenso fait exactement ce qu&rsquo;il promet\u00a0: aromatique et rond, il vous enveloppe et vous conquiert dans la tasse.<\/p>\n<p>Ce m\u00e9lange, outre ses hauts standards de qualit\u00e9, a \u00e9t\u00e9 sp\u00e9cialement con\u00e7u pour ce type de format et de distribution.<\/p>\n<p>Vous pouvez savourer une tasse d&rsquo;Inteso le matin, pour un plein d&rsquo;\u00e9nergie et de go\u00fbt, ou apr\u00e8s le d\u00e9jeuner, pour aborder l\u2019apr\u00e8s-midi avec la bonne dose d\u2019\u00e9nergie.<\/p>\n<p><strong>DESCRIPTION DU PRODUIT<\/strong><\/p>\n<p>Le format dosette est vraiment pratique et peu encombrant, id\u00e9al aussi bien \u00e0 la maison qu\u2019au bureau. L&rsquo;exp\u00e9rience et le savoir-faire d&rsquo;Essse Caff\u00e8 vous donne la possibilit\u00e9 de d\u00e9guster un bon caf\u00e9 \u00e0 tout moment.<\/p>\n<p>Les dosettes d\u2019Intenso sont con\u00e7ues pour vous qui ne voulez jamais renoncer au go\u00fbt du caf\u00e9, tant dans les moments de d\u00e9tente \u00e0 la maison que lors des courtes pauses de travail.<\/p>\n<p><strong>SAVEUR<\/strong><\/p>\n<p>L&rsquo;harmonie d&rsquo;Intenso se cr\u00e9e lorsque son corps rond, riche et persistant rencontre le go\u00fbt du chocolat et les incroyables nuances \u00e9pic\u00e9es.<\/p>\n<p>Son ar\u00f4me plein, parfum\u00e9, consistant et son arri\u00e8re-go\u00fbt persistant en font un caf\u00e9 \u00e0 la saveur compl\u00e8te, fascinante et \u00e0 d\u00e9couvrir compl\u00e8tement \u00e0 chaque gorg\u00e9e.<\/p>\n<p><strong>M\u00c9LANGE<\/strong><\/p>\n<p>Nous avons \u00e9tudi\u00e9 le m\u00e9lange parfait de caf\u00e9s pour rendre l&rsquo;exp\u00e9rience d&rsquo;une tasse d\u2019Intenso pleine et riche.<\/p>\n<p>Intenso en dosette est le r\u00e9sultat de caf\u00e9s Arabica et Robusta, recherch\u00e9s soigneusement et pr\u00e9par\u00e9s savamment pour rendre le m\u00e9lange id\u00e9al pour ce format et pour ce type de distribution.<\/p>\n<p><strong>MOMENT DE CONSOMMATION<\/strong><\/p>\n<p>Le m\u00e9lange Intenso en dosette est un caf\u00e9 id\u00e9al pour commencer au mieux la journ\u00e9e mais il est parfait aussi pour finir un d\u00e9jeuner.<\/p>\n<p>Profitez d&rsquo;une tasse d&rsquo;Intenso pendant vos pauses pour les enrichir de son go\u00fbt satisfaisant.<\/p>\n<p>Si vous voulez profiter de la commodit\u00e9 d&rsquo;une dosette sans renoncer \u00e0 l&rsquo;exp\u00e9rience savoureuse du caf\u00e9, choisissez Intenso.<\/p>\n                    <\/div>\n                    <div class=\"product-features\">\n                        \t\t\t\t\t\t <div class=\"products-icons\">\n                        <div class=\"product-features__item product-features__item_roasting\">\n                            <div class=\"product-features__name\">Grillage<\/div>\n                            <div class=\"product-roasting__icon medium\">\n                                <svg width=\"41\" height=\"55\" viewBox=\"0 0 41 55\" fill=\"none\" xmlns=\"http:\/\/www.w3.org\/2000\/svg\">\n                                    <path d=\"M23.3257 36.0765C23.9491 37.4673 24.4348 38.9159 24.7757 40.4015C25.5069 44.0016 25.2796 47.7307 24.1167 51.2155C23.8996 52.2539 23.3773 53.2038 22.6167 53.9435C21.876 54.5045 20.973 54.8099 20.0437 54.8135C17.5033 55.0482 14.9474 54.5773 12.6574 53.4527C10.3674 52.328 8.43213 50.5933 7.06473 48.4395C4.4466 44.6793 2.50387 40.4917 1.32373 36.0645\" fill=\"#fff\"\/>\n                                    <path d=\"M0.825684 17.7865C1.28226 15.5856 1.92421 13.4272 2.74467 11.3345C3.80693 8.30201 5.80235 5.68382 8.44469 3.85553C10.5456 2.47837 12.9307 1.59431 15.4217 1.26953C15.2217 2.61453 15.0657 3.89052 14.8507 5.15952C14.5087 7.19052 14.0817 9.20753 13.7797 11.2435C13.4498 13.4115 13.4427 15.6164 13.7587 17.7865\" fill=\"#fff\"\/>\n                                    <path d=\"M40.033 36.0645C39.962 36.3555 39.887 36.6475 39.809 36.9375C39.0481 40.2565 37.7751 43.4369 36.036 46.3645C34.0352 49.4336 31.0904 51.7688 27.646 53.0175C27.816 52.1325 27.971 51.3175 28.128 50.5015C28.534 48.3805 29.038 46.2715 29.328 44.1345C29.7805 41.4239 29.4994 38.6417 28.514 36.0765\" fill=\"#fff\"\/>\n                                    <path d=\"M18.1256 17.7863C17.9783 17.0297 17.867 16.263 17.7916 15.4863C17.4586 11.4534 17.7568 7.39326 18.6756 3.45232C18.7857 2.86002 18.9408 2.277 19.1396 1.70833C19.2937 1.14918 19.651 0.667737 20.1416 0.35842C20.6322 0.0491034 21.2207 -0.0657725 21.7916 0.0363378C25.1969 0.289589 28.4268 1.64612 30.9916 3.90032C32.8816 5.66542 34.4848 7.71438 35.7436 9.97335C37.2556 12.4209 38.4644 15.0431 39.3436 17.7823\" fill=\"#fff\"\/>\n                                    <path d=\"M40.033 36.0652C41.0944 31.6832 41.2668 27.1329 40.54 22.6832C40.2586 21.0236 39.8596 19.3862 39.346 17.7832H18.126C18.9697 22.1328 20.9738 26.1733 23.926 29.4772C24.826 30.5122 25.819 31.4842 26.626 32.5842C27.4023 33.6611 28.0362 34.8338 28.512 36.0732H40.031\" fill=\"#fff\"\/>\n                                    <path d=\"M23.3259 36.0651H1.32587C1.04187 34.9984 0.802531 33.9178 0.607864 32.8231C-0.271774 27.8423 -0.196104 22.7396 0.830856 17.7871H13.7639C14.0966 20.0684 14.7817 22.2842 15.7949 24.3551C16.8938 26.5618 18.2488 28.6314 19.8319 30.5211C21.2533 32.1998 22.4315 34.0701 23.3319 36.0771\" fill=\"#fff\"\/>\n                                <\/svg>\n                            <\/div>\n                            <div class=\"product-features__description\">medium<\/div>\n                        <\/div>\n\t\t\t\t\t\t<div class=\"product-features__item product-features__item_roasting product-features_icon\">\n\t\t\t\t\t\t\t\t\t\t\t\t\t<\/div>\t\n\t\t\t\t\t\t<\/div>\n                                                <div class=\"product-features__item\">\n                            <div class=\"product-features__name\">Ar\u00f4me<\/div>\n                            <div class=\"product-features__rating\">\n                                 \t\t\t\t\t\t\t\t\t\t\t\t\t\t\t<span class=\"checked\"><\/span>\n\t\t\t\t\t                                \n                            \t                                \t\t\t\t\t\t\t\t\t\t\t\t\t\t\t<span class=\"checked\"><\/span>\n\t\t\t\t\t                                \n                            \t                                \t\t\t\t\t\t\t\t\t\t\t\t\t\t\t<span class=\"checked\"><\/span>\n\t\t\t\t\t                                \n                            \t                                \t\t\t\t\t\t\t\t\t\t\t\t\t\t\t<span class=\"checked\"><\/span>\n\t\t\t\t\t                                \n                            \t                                \t\t\t\t\n                                \t<span><\/span>\n                            \t                                                            <\/div>\n                            <div class=\"product-features__description\">4\/5<\/div>\n                        <\/div>\n                                                <div class=\"product-features__item\">\n                            <div class=\"product-features__name\">\u0421orps<\/div>\n                            <div class=\"product-features__rating\">\n                                \t\t\t\t\t\t\t\t\t\t\t\t\t\t\t<span class=\"checked\"><\/span>\n\t\t\t\t\t                                \n                            \t                                \t\t\t\t\t\t\t\t\t\t\t\t\t\t\t<span class=\"checked\"><\/span>\n\t\t\t\t\t                                \n                            \t                                \t\t\t\t                                \t<span><\/span>\n                            \t                                \t\t\t\t                                \t<span><\/span>\n                            \t                                \t\t\t\t                                \t<span><\/span>\n                            \t                                                            <\/div>\n                            <div class=\"product-features__description\">2\/5<\/div>\n                        <\/div>\n                                                <div class=\"product-features__item\">\n                            <div class=\"product-features__name\">Persistinsje<\/div>\n                            <div class=\"product-features__rating\">\n                                \t\t\t\t\t\t\t\t\t\t\t\t\t\t\t<span class=\"checked\"><\/span>\n\t\t\t\t\t                                \n                            \t                                \t\t\t\t\t\t\t\t\t\t\t\t\t\t\t<span class=\"checked\"><\/span>\n\t\t\t\t\t                                \n                            \t                                \t\t\t\t\t\t\t\t\t\t\t\t\t\t\t<span class=\"checked\"><\/span>\n\t\t\t\t\t                                \n                            \t                                \t\t\t\t\t\t\t\t\t\t\t\t\t\t\t<span class=\"checked\"><\/span>\n\t\t\t\t\t                                \n                            \t                                \t\t\t\t                                \t<span><\/span>\n                            \t                                                            <\/div>\n                            <div class=\"product-features__description\">4\/5<\/div>\n                        <\/div>\n                                                <div class=\"product-features__item\">\n                            <div class=\"product-features__name\">acidit\u00e9<\/div>\n                            <div class=\"product-features__rating\">\n                                \t\t\t\t\t\t\t\t\t\t\t\t\t\t\t<span class=\"checked\"><\/span>\n\t\t\t\t\t                                \n                            \t                                \t\t\t\t\t\t\t\t\t\t\t\t\t\t\t<span class=\"checked\"><\/span>\n\t\t\t\t\t                                \n                            \t                                \t\t\t\t                                \t<span><\/span>\n                            \t                                \t\t\t\t                                \t<span><\/span>\n                            \t                                \t\t\t\t                                \t<span><\/span>\n                            \t                                                            <\/div>\n                            <div class=\"product-features__description\">2\/5<\/div>\n                        <\/div>\n                    <\/div>\n\t\t\t\t\t                    <a href=\"https:\/\/www.esssecaffe.com\/fr\/ligne-home\/dosettes-de-cafe\/\" class=\"back-button\">\n                        <svg width=\"10\" height=\"15\" viewBox=\"0 0 8 15\" fill=\"none\" xmlns=\"http:\/\/www.w3.org\/2000\/svg\">\n                            <path d=\"M7.02295 0.708984L0.495972 7.23596L7.02295 13.763\" stroke=\"white\" stroke-linecap=\"round\" stroke-linejoin=\"round\"\/>\n                        <\/svg>\t\n                        <span>Retour \u00e0 tous les m\u00e9langes<\/span>\n                    <\/a>\n\n\t\t\t\t\t                <\/div>\n            <\/div>\n        <\/div>\n    <\/div>\n    <style>\n        :root {\n            --product-color: #BE0005;\n        }\n            <\/style>\n<\/div>\n\n\n\n<\/div>","protected":false},"excerpt":{"rendered":"","protected":false},"author":95,"featured_media":0,"parent":8502,"menu_order":254,"comment_status":"closed","ping_status":"closed","template":"","meta":{"inline_featured_image":false,"footnotes":""},"class_list":["post-9704","page","type-page","status-publish","hentry"],"_links":{"self":[{"href":"https:\/\/www.esssecaffe.com\/fr\/wp-json\/wp\/v2\/pages\/9704","targetHints":{"allow":["GET"]}}],"collection":[{"href":"https:\/\/www.esssecaffe.com\/fr\/wp-json\/wp\/v2\/pages"}],"about":[{"href":"https:\/\/www.esssecaffe.com\/fr\/wp-json\/wp\/v2\/types\/page"}],"author":[{"embeddable":true,"href":"https:\/\/www.esssecaffe.com\/fr\/wp-json\/wp\/v2\/users\/95"}],"replies":[{"embeddable":true,"href":"https:\/\/www.esssecaffe.com\/fr\/wp-json\/wp\/v2\/comments?post=9704"}],"version-history":[{"count":0,"href":"https:\/\/www.esssecaffe.com\/fr\/wp-json\/wp\/v2\/pages\/9704\/revisions"}],"up":[{"embeddable":true,"href":"https:\/\/www.esssecaffe.com\/fr\/wp-json\/wp\/v2\/pages\/8502"}],"wp:attachment":[{"href":"https:\/\/www.esssecaffe.com\/fr\/wp-json\/wp\/v2\/media?parent=9704"}],"curies":[{"name":"wp","href":"https:\/\/api.w.org\/{rel}","templated":true}]}}