{"id":9785,"date":"2022-11-21T16:37:45","date_gmt":"2022-11-21T15:37:45","guid":{"rendered":"https:\/\/www.esssecaffe.com\/ligne-home\/cafe-moulu\/ground-coffee-for-use-in-the-moka\/"},"modified":"2022-12-12T12:09:40","modified_gmt":"2022-12-12T11:09:40","slug":"cafe-moulu-pour-cafetiere-moka","status":"publish","type":"page","link":"https:\/\/www.esssecaffe.com\/fr\/ligne-home\/cafe-moulu\/cafe-moulu-pour-cafetiere-moka\/","title":{"rendered":"Caf\u00e9 moulu pour cafeti\u00e8re moka"},"content":{"rendered":"<div id=\"\" class=\"product-section\">\n\n\n\n<div data-scroll-section class=\"l-container\" style=\"margin-bottom: 50px; margin-top: 30px;\"><nav class=\"woocommerce-breadcrumb rank-math-breadcrumb\"><span class=\"last\">Home<\/span><\/nav><\/div>\n\n<div data-scroll-section>\n    <div class=\"l-container\">\n        <div class=\"product-flex product-flex_product product-section-small\">\n            <div class=\"product-gallery with-coffee-bg \"> \n                <div class=\"product-gallery-image\">\n                    <img loading=\"lazy\" decoding=\"async\" width=\"484\" height=\"609\" src=\"https:\/\/www.esssecaffe.com\/wp-content\/uploads\/2021\/09\/Moka.png\" class=\"attachment-full size-full\" alt=\"\" srcset=\"https:\/\/www.esssecaffe.com\/wp-content\/uploads\/2021\/09\/Moka.png 484w, https:\/\/www.esssecaffe.com\/wp-content\/uploads\/2021\/09\/Moka-238x300.png 238w, https:\/\/www.esssecaffe.com\/wp-content\/uploads\/2021\/09\/Moka-230x289.png 230w, https:\/\/www.esssecaffe.com\/wp-content\/uploads\/2021\/09\/Moka-477x600.png 477w\" sizes=\"auto, (max-width: 484px) 100vw, 484px\" \/>                <\/div>\n            <\/div>\n            <div class=\"product-info\">\n                <div class=\"product-info__inner\">\n                    <p class=\"h1 product-title title-decoration reveal-text longest-title longest-title_short\" data-scroll>Caf\u00e9 moulu pour cafeti\u00e8re moka <\/p>\n                    <div class=\"product-description fade-in-bottom\" data-scroll>\n                        <p>Le <b>m\u00e9lange moulu pour cafeti\u00e8re moka d&rsquo;Essse <\/b>est con\u00e7u pour le rituel du<b> caf\u00e9 classique des maisons italiennes<\/b> et pour retrouver le parfum et les habitudes d\u2019autrefois.<\/p>\n<p>Nous avons aussi voulu rendre sp\u00e9cial le moment de la pr\u00e9paration du caf\u00e9 maison typique de notre pays, celui de la cafeti\u00e8re moka. Un must pour beaucoup et un c\u00e2lin pour ceux qui n&rsquo;ont pas toujours le temps de l&rsquo;appr\u00e9cier.<span class=\"Apple-converted-space\">\u00a0<\/span><\/p>\n<p><b>Les gestes et le parfum distinctif de la cafeti\u00e8re moka<\/b> ont une valeur pr\u00e9cieuse, li\u00e9e \u00e0 notre tradition. C&rsquo;est pourquoi nous voulions cr\u00e9er un produit sur mesure qui pouvait mettre en exergue tout le caract\u00e8re italien de nos m\u00e9langes, m\u00eame pendant le rituel matinal de ceux qui font le caf\u00e9 comme autrefois.<span class=\"Apple-converted-space\">\u00a0<\/span><\/p>\n<p><b>DESCRIPTION DU PRODUIT<\/b><\/p>\n<p>Le caf\u00e9 moulu pour la cafeti\u00e8re moka est disponible dans une \u00e9l\u00e9gante <b>bo\u00eete m\u00e9tallis\u00e9e de 250 grammes <\/b>qui <b>peut \u00eatre r\u00e9utilis\u00e9e<\/b> une fois le produit termin\u00e9 ou bien \u00eatre enti\u00e8rement <b>recycl\u00e9e<\/b>.<span class=\"Apple-converted-space\">\u00a0<\/span><\/p>\n<p>De plus, la <b>bo\u00eete est anti-coupure<\/b> pour ne pas provoquer de blessures pendant son utilisation (surtout le matin quand on doit boire son caf\u00e9 pour se r\u00e9veiller compl\u00e8tement).<\/p>\n<p><b>SAVEUR<\/b><\/p>\n<p>Le go\u00fbt traditionnel de la cafeti\u00e8re moka est renforc\u00e9 par une <b>mouture plus grossi\u00e8re<\/b> qui donne un <b>ar\u00f4me \u00e9quilibr\u00e9 et un corps d\u00e9licat<\/b>.<\/p>\n<p>Le caf\u00e9 moulu pour la cafeti\u00e8re moka, gr\u00e2ce \u00e0 ce voyage dans les sens, rend unique le plaisir d\u2019un caf\u00e9 maison.<\/p>\n<p><b>M\u00c9LANGE<span class=\"Apple-converted-space\">\u00a0<\/span><\/b><\/p>\n<p>Pour souligner l&rsquo;intensit\u00e9 de l&rsquo;histoire du caf\u00e9 italien, les ma\u00eetres d&rsquo;Essse ont soigneusement s\u00e9lectionn\u00e9 la qualit\u00e9 des <b>m\u00e9langes Arabica et Robusta<\/b>, en cr\u00e9ant un caf\u00e9 intense et inimitable.<\/p>\n<p>L&rsquo;odorat est frapp\u00e9 d\u00e8s la phase de pr\u00e9paration du caf\u00e9 par d\u2019<b>agr\u00e9ables parfums qui rappellent imm\u00e9diatement de beaux souvenirs.<\/b> Des sensations qui durent lorsque le caf\u00e9 commence \u00e0 remplir la cafeti\u00e8re moka et, bien s\u00fbr, quand on le d\u00e9guste.<\/p>\n<p><b>MOMENT DE CONSOMMATION<\/b><\/p>\n<p>Le go\u00fbt enveloppant du m\u00e9lange pour cafeti\u00e8re moka est un plein d&rsquo;\u00e9nergie <b>pour commencer vos journ\u00e9es de fa\u00e7on d\u00e9cid\u00e9e<\/b>, mais il est agr\u00e9able aussi <b>en milieu de matin\u00e9e<\/b> ou bien <b>apr\u00e8s<\/b> <b>le d\u00e9jeuner<\/b>.<span class=\"Apple-converted-space\">\u00a0<\/span><\/p>\n<p>Un caf\u00e9 qui vous accompagne tout au long de la journ\u00e9e, avec son ar\u00f4me inimitable qui sent bon la maison familiale.<\/p>\n<p><b>Moulu pour la cafeti\u00e8re moka, c\u2019est un caf\u00e9 inoubliable qui vous ram\u00e8ne toujours chez vous.<span class=\"Apple-converted-space\">\u00a0<\/span><\/b><\/p>\n                    <\/div>\n                <\/div>\n            <\/div>\n        <\/div>\n    <\/div>\n<\/div>\n<style>\n    :root {\n        --product-color: #C00020;\n    }\n    <\/style>\n\n\n\n<\/div>","protected":false},"excerpt":{"rendered":"","protected":false},"author":95,"featured_media":0,"parent":9758,"menu_order":252,"comment_status":"closed","ping_status":"closed","template":"","meta":{"inline_featured_image":false,"footnotes":""},"class_list":["post-9785","page","type-page","status-publish","hentry"],"_links":{"self":[{"href":"https:\/\/www.esssecaffe.com\/fr\/wp-json\/wp\/v2\/pages\/9785","targetHints":{"allow":["GET"]}}],"collection":[{"href":"https:\/\/www.esssecaffe.com\/fr\/wp-json\/wp\/v2\/pages"}],"about":[{"href":"https:\/\/www.esssecaffe.com\/fr\/wp-json\/wp\/v2\/types\/page"}],"author":[{"embeddable":true,"href":"https:\/\/www.esssecaffe.com\/fr\/wp-json\/wp\/v2\/users\/95"}],"replies":[{"embeddable":true,"href":"https:\/\/www.esssecaffe.com\/fr\/wp-json\/wp\/v2\/comments?post=9785"}],"version-history":[{"count":0,"href":"https:\/\/www.esssecaffe.com\/fr\/wp-json\/wp\/v2\/pages\/9785\/revisions"}],"up":[{"embeddable":true,"href":"https:\/\/www.esssecaffe.com\/fr\/wp-json\/wp\/v2\/pages\/9758"}],"wp:attachment":[{"href":"https:\/\/www.esssecaffe.com\/fr\/wp-json\/wp\/v2\/media?parent=9785"}],"curies":[{"name":"wp","href":"https:\/\/api.w.org\/{rel}","templated":true}]}}