{"id":9789,"date":"2022-11-21T16:37:48","date_gmt":"2022-11-21T15:37:48","guid":{"rendered":"https:\/\/www.esssecaffe.com\/ligne-home\/cafe-moulu\/ground-coffee-for-espresso-machine\/"},"modified":"2022-12-12T12:09:15","modified_gmt":"2022-12-12T11:09:15","slug":"cafe-moulu-pour-machine-expresso","status":"publish","type":"page","link":"https:\/\/www.esssecaffe.com\/fr\/ligne-home\/cafe-moulu\/cafe-moulu-pour-machine-expresso\/","title":{"rendered":"Caf\u00e9 moulu pour machine expresso"},"content":{"rendered":"<div id=\"\" class=\"product-section\">\n\n\n\n<div data-scroll-section class=\"l-container\" style=\"margin-bottom: 50px; margin-top: 30px;\"><nav class=\"woocommerce-breadcrumb rank-math-breadcrumb\"><span class=\"last\">Home<\/span><\/nav><\/div>\n\n<div data-scroll-section>\n    <div class=\"l-container\">\n        <div class=\"product-flex product-flex_product product-section-small\">\n            <div class=\"product-gallery with-coffee-bg \"> \n                <div class=\"product-gallery-image\">\n                    <img loading=\"lazy\" decoding=\"async\" width=\"484\" height=\"609\" src=\"https:\/\/www.esssecaffe.com\/wp-content\/uploads\/2021\/09\/Espresso.png\" class=\"attachment-full size-full\" alt=\"\" srcset=\"https:\/\/www.esssecaffe.com\/wp-content\/uploads\/2021\/09\/Espresso.png 484w, https:\/\/www.esssecaffe.com\/wp-content\/uploads\/2021\/09\/Espresso-238x300.png 238w, https:\/\/www.esssecaffe.com\/wp-content\/uploads\/2021\/09\/Espresso-230x289.png 230w, https:\/\/www.esssecaffe.com\/wp-content\/uploads\/2021\/09\/Espresso-477x600.png 477w\" sizes=\"auto, (max-width: 484px) 100vw, 484px\" \/>                <\/div>\n            <\/div>\n            <div class=\"product-info\">\n                <div class=\"product-info__inner\">\n                    <p class=\"h1 product-title title-decoration reveal-text longest-title longest-title_short\" data-scroll>Caf\u00e9 moulu pour machine expresso <\/p>\n                    <div class=\"product-description fade-in-bottom\" data-scroll>\n                        <p>Notre caf\u00e9 moulu est con\u00e7u pour vous qui ne renoncez jamais \u00e0 la <b>qualit\u00e9 d\u2019un excellent caf\u00e9. <\/b><\/p>\n<p>Chez Essse Caff\u00e8, nous avons \u00e9tudi\u00e9 un blend unique, en faisant particuli\u00e8rement attention \u00e0 la mouture et \u00e0 la torr\u00e9faction de ce m\u00e9lange cors\u00e9. Le r\u00e9sultat est un caf\u00e9 <b>parfait<\/b> <b>pour le matin t\u00f4t<\/b> et pour repartir plein d&rsquo;\u00e9nergie <b>apr\u00e8s le d\u00e9jeuner<\/b>.<\/p>\n<p><b>DESCRIPTION DU PRODUIT<\/b><\/p>\n<p>Le caf\u00e9 moulu pour machine expresso conserve tout son ar\u00f4me car il est fourni dans une <b>bo\u00eete de 250 grammes<\/b>, <b>m\u00e9tallis\u00e9e, r\u00e9utilisable, anti-coupure et enti\u00e8rement recyclable.<\/b><span class=\"Apple-converted-space\">\u00a0<\/span><\/p>\n<p>Un packaging soign\u00e9 pour un m\u00e9lange qui vous accompagne toute la semaine du petit-d\u00e9jeuner au d\u00e9but de l&rsquo;apr\u00e8s-midi.<\/p>\n<p><b>SAVEUR<\/b><\/p>\n<p>Le go\u00fbt du caf\u00e9 moulu pour machine expresso est <b>intense et rond<\/b>.<\/p>\n<p><b>Ses ar\u00f4mes francs <\/b>savent transporter vos papilles gustatives vers <b>un arri\u00e8re-go\u00fbt persistant<\/b>, qui augmente le plaisir de boire un bon caf\u00e9.<span class=\"Apple-converted-space\">\u00a0<\/span><\/p>\n<p><b>M\u00c9LANGE<span class=\"Apple-converted-space\">\u00a0<\/span><\/b><\/p>\n<p>Les m\u00e9langes <b>d&rsquo;Arabica et de Robusta<\/b> <b>de qualit\u00e9<\/b> font du caf\u00e9 moulu pour la machine expresso un caf\u00e9 id\u00e9al pour ceux qui aiment les saveurs fortes.<span class=\"Apple-converted-space\">\u00a0<\/span><\/p>\n<p><b>Fort et structur\u00e9<\/b>, ce caf\u00e9 moulu ne vous fera pas regretter la tasse de caf\u00e9 d\u00e9gust\u00e9e au bar.<\/p>\n<p><b>MOMENT DE CONSOMMATION<\/b><\/p>\n<p>Le caf\u00e9 moulu pour machine expresso est votre alli\u00e9 quand vous avez besoin d&rsquo;un plein d\u2019\u00e9nergie <b>apr\u00e8s le d\u00e9jeuner ou pour commencer la journ\u00e9e<\/b>. <\/p>\n<p><b>Si vous aimez les go\u00fbts audacieux, notre caf\u00e9 moulu pour machine expresso a le caract\u00e8re qu\u2019il vous faut.<\/b><\/p>\n                    <\/div>\n                <\/div>\n            <\/div>\n        <\/div>\n    <\/div>\n<\/div>\n<style>\n    :root {\n        --product-color: #2C2C2C;\n    }\n    <\/style>\n\n\n\n<\/div>","protected":false},"excerpt":{"rendered":"","protected":false},"author":95,"featured_media":0,"parent":9758,"menu_order":251,"comment_status":"closed","ping_status":"closed","template":"","meta":{"inline_featured_image":false,"footnotes":""},"class_list":["post-9789","page","type-page","status-publish","hentry"],"_links":{"self":[{"href":"https:\/\/www.esssecaffe.com\/fr\/wp-json\/wp\/v2\/pages\/9789","targetHints":{"allow":["GET"]}}],"collection":[{"href":"https:\/\/www.esssecaffe.com\/fr\/wp-json\/wp\/v2\/pages"}],"about":[{"href":"https:\/\/www.esssecaffe.com\/fr\/wp-json\/wp\/v2\/types\/page"}],"author":[{"embeddable":true,"href":"https:\/\/www.esssecaffe.com\/fr\/wp-json\/wp\/v2\/users\/95"}],"replies":[{"embeddable":true,"href":"https:\/\/www.esssecaffe.com\/fr\/wp-json\/wp\/v2\/comments?post=9789"}],"version-history":[{"count":0,"href":"https:\/\/www.esssecaffe.com\/fr\/wp-json\/wp\/v2\/pages\/9789\/revisions"}],"up":[{"embeddable":true,"href":"https:\/\/www.esssecaffe.com\/fr\/wp-json\/wp\/v2\/pages\/9758"}],"wp:attachment":[{"href":"https:\/\/www.esssecaffe.com\/fr\/wp-json\/wp\/v2\/media?parent=9789"}],"curies":[{"name":"wp","href":"https:\/\/api.w.org\/{rel}","templated":true}]}}