{"id":9841,"date":"2022-11-21T16:56:02","date_gmt":"2022-11-21T15:56:02","guid":{"rendered":"https:\/\/www.esssecaffe.com\/ligne-home\/accessoires\/collection-of-espresso-cups-il-gioco-dellarte-by-carlo-bonfa\/"},"modified":"2022-11-21T17:11:03","modified_gmt":"2022-11-21T16:11:03","slug":"collection-de-tasses-il-gioco-dellarte-by-carlo-bonfa","status":"publish","type":"page","link":"https:\/\/www.esssecaffe.com\/fr\/ligne-home\/accessoires\/collection-de-tasses-il-gioco-dellarte-by-carlo-bonfa\/","title":{"rendered":"Collection de tasses: \u00ab\u00a0Il Gioco dell&rsquo;Arte by Carlo Bonf\u00e0\u00a0\u00bb"},"content":{"rendered":"<div id=\"\" class=\"product-section\">\n\n\n\n<div data-scroll-section class=\"l-container\" style=\"margin-bottom: 50px; margin-top: 30px;\"><nav class=\"woocommerce-breadcrumb rank-math-breadcrumb\"><span class=\"last\">Home<\/span><\/nav><\/div>\n\n<div data-scroll-section>\n    <div class=\"l-container\">\n        <div class=\"product-flex product-flex_product product-section-small\">\n            <div class=\"product-gallery with-coffee-bg \"> \n                <div class=\"product-gallery-image\">\n                    <img loading=\"lazy\" decoding=\"async\" width=\"609\" height=\"609\" src=\"https:\/\/www.esssecaffe.com\/wp-content\/uploads\/2022\/11\/gioco_arte_bonfa-1.png\" class=\"attachment-full size-full\" alt=\"\" srcset=\"https:\/\/www.esssecaffe.com\/wp-content\/uploads\/2022\/11\/gioco_arte_bonfa-1.png 609w, https:\/\/www.esssecaffe.com\/wp-content\/uploads\/2022\/11\/gioco_arte_bonfa-1-300x300.png 300w, https:\/\/www.esssecaffe.com\/wp-content\/uploads\/2022\/11\/gioco_arte_bonfa-1-230x230.png 230w, https:\/\/www.esssecaffe.com\/wp-content\/uploads\/2022\/11\/gioco_arte_bonfa-1-477x477.png 477w, https:\/\/www.esssecaffe.com\/wp-content\/uploads\/2022\/11\/gioco_arte_bonfa-1-100x100.png 100w\" sizes=\"auto, (max-width: 609px) 100vw, 609px\" \/>                <\/div>\n            <\/div>\n            <div class=\"product-info\">\n                <div class=\"product-info__inner\">\n                    <p class=\"h1 product-title title-decoration reveal-text longest-title longest-title_short\" data-scroll>Collection de tasses: \u00ab\u00a0Il Gioco dell&rsquo;Arte by Carlo Bonf\u00e0\u00a0\u00bb<\/p>\n                    <div class=\"product-description fade-in-bottom\" data-scroll>\n                        <p>La collection de tasses en c\u00e9ramique Essse Caff\u00e8, con\u00e7ue par l&rsquo;artiste mantouan Carlo Bonfa, est n\u00e9e de la collaboration avec la Fondazione Veronesi. Un concentr\u00e9 de go\u00fbt et de style italien, tout comme la marque Essse Caff\u00e8.<span class=\"Apple-converted-space\">\u00a0<\/span><\/p>\n<p><b>DESCRIPTION DU PRODUIT<\/b><\/p>\n<p>Des \u0153uvres tr\u00e8s color\u00e9es, qui font attention au design, avec un ensemble d&rsquo;ic\u00f4nes qui ressemblent \u00e0 des jouets mais qui r\u00e9v\u00e8lent une rigueur et un jeu d\u2019encastrements complexe et \u00e9l\u00e9gant.<\/p>\n<p>Cette ann\u00e9e aussi, ceux qui choisissent ces tasses \u00e0 caf\u00e9 font en fait beaucoup plus que cela\u00a0: une partie des recettes de la collection sera en effet donn\u00e9e \u00e0 la Fondazione Umberto Veronesi, pour \u00eatre employ\u00e9e dans des projets de recherche dans le domaine oncologique, cardiologique et neurologique.<span class=\"Apple-converted-space\">\u00a0<\/span><\/p>\n<p>Les fonds recueillis ces derni\u00e8res ann\u00e9es avec la vente des produits en collaboration avec la Fondazione Veronesi ont soutenu diff\u00e9rentes initiatives dans le domaine m\u00e9dical, scientifique, culturel et environnemental.<span class=\"Apple-converted-space\">\u00a0<\/span><\/p>\n<p>Un engagement qui donne plus de saveur \u00e0 opter chaque jour pour Essse Caff\u00e8.<span class=\"Apple-converted-space\">\u00a0<\/span><\/p>\n                    <\/div>\n                <\/div>\n            <\/div>\n        <\/div>\n    <\/div>\n<\/div>\n<style>\n    :root {\n        --product-color: #DA98AA;\n    }\n    <\/style>\n\n\n\n<\/div>","protected":false},"excerpt":{"rendered":"","protected":false},"author":95,"featured_media":0,"parent":9823,"menu_order":247,"comment_status":"closed","ping_status":"closed","template":"","meta":{"inline_featured_image":false,"footnotes":""},"class_list":["post-9841","page","type-page","status-publish","hentry"],"_links":{"self":[{"href":"https:\/\/www.esssecaffe.com\/fr\/wp-json\/wp\/v2\/pages\/9841","targetHints":{"allow":["GET"]}}],"collection":[{"href":"https:\/\/www.esssecaffe.com\/fr\/wp-json\/wp\/v2\/pages"}],"about":[{"href":"https:\/\/www.esssecaffe.com\/fr\/wp-json\/wp\/v2\/types\/page"}],"author":[{"embeddable":true,"href":"https:\/\/www.esssecaffe.com\/fr\/wp-json\/wp\/v2\/users\/95"}],"replies":[{"embeddable":true,"href":"https:\/\/www.esssecaffe.com\/fr\/wp-json\/wp\/v2\/comments?post=9841"}],"version-history":[{"count":0,"href":"https:\/\/www.esssecaffe.com\/fr\/wp-json\/wp\/v2\/pages\/9841\/revisions"}],"up":[{"embeddable":true,"href":"https:\/\/www.esssecaffe.com\/fr\/wp-json\/wp\/v2\/pages\/9823"}],"wp:attachment":[{"href":"https:\/\/www.esssecaffe.com\/fr\/wp-json\/wp\/v2\/media?parent=9841"}],"curies":[{"name":"wp","href":"https:\/\/api.w.org\/{rel}","templated":true}]}}