{"id":9854,"date":"2022-11-21T16:59:36","date_gmt":"2022-11-21T15:59:36","guid":{"rendered":"https:\/\/www.esssecaffe.com\/ligne-home\/accessoires\/descaler-for-essse-caffe-s-12-machine\/"},"modified":"2022-12-12T12:08:19","modified_gmt":"2022-12-12T11:08:19","slug":"detartrant-essse-caffe-machine-s-12","status":"publish","type":"page","link":"https:\/\/www.esssecaffe.com\/fr\/ligne-home\/accessoires\/detartrant-essse-caffe-machine-s-12\/","title":{"rendered":"D\u00e9tartrant Machine S.12 Essse Caff\u00e8"},"content":{"rendered":"<div id=\"\" class=\"product-section\">\n\n\n\n<div data-scroll-section class=\"l-container\" style=\"margin-bottom: 50px; margin-top: 30px;\"><nav class=\"woocommerce-breadcrumb rank-math-breadcrumb\"><span class=\"last\">Home<\/span><\/nav><\/div>\n\n<div data-scroll-section>\n    <div class=\"l-container\">\n        <div class=\"product-flex product-flex_product product-section-small\">\n            <div class=\"product-gallery with-coffee-bg \"> \n                <div class=\"product-gallery-image\">\n                    <img loading=\"lazy\" decoding=\"async\" width=\"609\" height=\"609\" src=\"https:\/\/www.esssecaffe.com\/wp-content\/uploads\/2022\/09\/descaling_3.png\" class=\"attachment-full size-full\" alt=\"\" srcset=\"https:\/\/www.esssecaffe.com\/wp-content\/uploads\/2022\/09\/descaling_3.png 609w, https:\/\/www.esssecaffe.com\/wp-content\/uploads\/2022\/09\/descaling_3-300x300.png 300w, https:\/\/www.esssecaffe.com\/wp-content\/uploads\/2022\/09\/descaling_3-230x230.png 230w, https:\/\/www.esssecaffe.com\/wp-content\/uploads\/2022\/09\/descaling_3-477x477.png 477w, https:\/\/www.esssecaffe.com\/wp-content\/uploads\/2022\/09\/descaling_3-100x100.png 100w\" sizes=\"auto, (max-width: 609px) 100vw, 609px\" \/>                <\/div>\n            <\/div>\n            <div class=\"product-info\">\n                <div class=\"product-info__inner\">\n                    <p class=\"h1 product-title title-decoration reveal-text longest-title longest-title_short\" data-scroll>D\u00e9tartrant Machine S.12 Essse Caff\u00e8<\/p>\n                    <div class=\"product-description fade-in-bottom\" data-scroll>\n                        <p>Vous souhaitez prolonger la dur\u00e9e de vie de votre machine Sistema Espresso ?<\/p>\n<p>Prenez soin d&rsquo;elle avec le d\u00e9tartrant Essse et profitez d&rsquo;un excellent caf\u00e9 tr\u00e8s, tr\u00e8s longtemps.<\/p>\n<p>En conservant votre machine propre et sans calcaire, vous obtiendrez des r\u00e9sultats constants et vous aurez donc un produit toujours excellent dans votre tasse.<\/p>\n<p><strong>DESCRIPTION DU PRODUIT<\/strong><\/p>\n<p>Le d\u00e9tartrant Essse Caff\u00e8 est le v\u00e9ritable alli\u00e9 de votre machine Sistema Espresso.<\/p>\n<p>Compos\u00e9 d&rsquo;une formule sp\u00e9cialement con\u00e7ue pour conserver les machines du Sistema Espresso propres et d\u00e9tartr\u00e9es, il est inodore et s\u00fbr, r\u00e9alis\u00e9 avec des mati\u00e8res premi\u00e8res d&rsquo;origine naturelle.<\/p>\n<p>Vous trouverez, \u00e0 l\u2019int\u00e9rieur de la bo\u00eete, deux flacons de 100 ml (assez pour effectuer deux cycles de nettoyage) ainsi que des instructions rapides.<span class=\"Apple-converted-space\">\u00a0<\/span><\/p>\n<p>Continuez \u00e0 obtenir d\u2019excellents caf\u00e9s au fil du temps avec votre machine Sistema Espresso : choisissez le d\u00e9tartrant Essse Caff\u00e8.<\/p>\n                    <\/div>\n                <\/div>\n            <\/div>\n        <\/div>\n    <\/div>\n<\/div>\n<style>\n    :root {\n        --product-color: #192231;\n    }\n    <\/style>\n\n\n\n<\/div>","protected":false},"excerpt":{"rendered":"","protected":false},"author":95,"featured_media":0,"parent":9823,"menu_order":246,"comment_status":"closed","ping_status":"closed","template":"","meta":{"inline_featured_image":false,"footnotes":""},"class_list":["post-9854","page","type-page","status-publish","hentry"],"_links":{"self":[{"href":"https:\/\/www.esssecaffe.com\/fr\/wp-json\/wp\/v2\/pages\/9854","targetHints":{"allow":["GET"]}}],"collection":[{"href":"https:\/\/www.esssecaffe.com\/fr\/wp-json\/wp\/v2\/pages"}],"about":[{"href":"https:\/\/www.esssecaffe.com\/fr\/wp-json\/wp\/v2\/types\/page"}],"author":[{"embeddable":true,"href":"https:\/\/www.esssecaffe.com\/fr\/wp-json\/wp\/v2\/users\/95"}],"replies":[{"embeddable":true,"href":"https:\/\/www.esssecaffe.com\/fr\/wp-json\/wp\/v2\/comments?post=9854"}],"version-history":[{"count":0,"href":"https:\/\/www.esssecaffe.com\/fr\/wp-json\/wp\/v2\/pages\/9854\/revisions"}],"up":[{"embeddable":true,"href":"https:\/\/www.esssecaffe.com\/fr\/wp-json\/wp\/v2\/pages\/9823"}],"wp:attachment":[{"href":"https:\/\/www.esssecaffe.com\/fr\/wp-json\/wp\/v2\/media?parent=9854"}],"curies":[{"name":"wp","href":"https:\/\/api.w.org\/{rel}","templated":true}]}}