{"id":9868,"date":"2022-11-21T17:02:37","date_gmt":"2022-11-21T16:02:37","guid":{"rendered":"https:\/\/www.esssecaffe.com\/ligne-home\/accessoires\/essse-caffe-milk-frother\/"},"modified":"2022-12-12T12:07:39","modified_gmt":"2022-12-12T11:07:39","slug":"essse-caffe-mousseur-a-lait","status":"publish","type":"page","link":"https:\/\/www.esssecaffe.com\/fr\/ligne-home\/accessoires\/essse-caffe-mousseur-a-lait\/","title":{"rendered":"Mousseur \u00e0 lait Essse Caff\u00e8"},"content":{"rendered":"<div id=\"\" class=\"product-section\">\n\n\n\n<div data-scroll-section class=\"l-container\" style=\"margin-bottom: 50px; margin-top: 30px;\"><nav class=\"woocommerce-breadcrumb rank-math-breadcrumb\"><span class=\"last\">Home<\/span><\/nav><\/div>\n\n<div data-scroll-section>\n    <div class=\"l-container\">\n        <div class=\"product-flex product-flex_product product-section-small\">\n            <div class=\"product-gallery with-coffee-bg \"> \n                <div class=\"product-gallery-image\">\n                    <img loading=\"lazy\" decoding=\"async\" width=\"678\" height=\"968\" src=\"https:\/\/www.esssecaffe.com\/wp-content\/uploads\/2022\/11\/Montalatte_categoria-1.png\" class=\"attachment-full size-full\" alt=\"\" srcset=\"https:\/\/www.esssecaffe.com\/wp-content\/uploads\/2022\/11\/Montalatte_categoria-1.png 678w, https:\/\/www.esssecaffe.com\/wp-content\/uploads\/2022\/11\/Montalatte_categoria-1-210x300.png 210w, https:\/\/www.esssecaffe.com\/wp-content\/uploads\/2022\/11\/Montalatte_categoria-1-202x288.png 202w, https:\/\/www.esssecaffe.com\/wp-content\/uploads\/2022\/11\/Montalatte_categoria-1-230x328.png 230w, https:\/\/www.esssecaffe.com\/wp-content\/uploads\/2022\/11\/Montalatte_categoria-1-477x681.png 477w\" sizes=\"auto, (max-width: 678px) 100vw, 678px\" \/>                <\/div>\n            <\/div>\n            <div class=\"product-info\">\n                <div class=\"product-info__inner\">\n                    <p class=\"h1 product-title title-decoration reveal-text longest-title longest-title_short\" data-scroll>Mousseur \u00e0 lait Essse Caff\u00e8<\/p>\n                    <div class=\"product-description fade-in-bottom\" data-scroll>\n                        <p>Le nouveau mousseur \u00e0 lait Essse Caff\u00e8 est parfait pour cr\u00e9er <b>une douce note de lait <\/b>\u00e0 ajouter \u00e0 vos pr\u00e9parations.<\/p>\n<p>Bien qu\u2019il serve \u00e0 donner du plaisir \u00e0 votre palais, c\u2019est aussi un <b>objet design<\/b> que vous pouvez exposer dans votre cuisine.<\/p>\n<p><b>DESCRIPTION DU PRODUIT<\/b><\/p>\n<p><b>Le mousseur \u00e0 lait Essse Caff\u00e8 est tr\u00e8s simple<\/b> \u00e0 utiliser pour exp\u00e9rimenter et savourer de nouvelles boissons et il est extr\u00eamement pratique m\u00eame apr\u00e8s l\u2019utilisation. En effet, la base et le pot sont amovibles et <b>lavables au lave-vaisselle<\/b> gr\u00e2ce \u00e0 sa r\u00e9alisation en acier inoxydable.<\/p>\n<p>Son design soign\u00e9, con\u00e7u pour cr\u00e9er un look <b>compact et \u00e9l\u00e9gant<\/b>, s\u2019int\u00e8gre parfaitement \u00e0 tous les types de cuisine.<\/p>\n<p>Le mousseur \u00e0 lait Essse Caff\u00e8 poss\u00e8de <b>quatre fonctions automatiques \u00e0 d\u00e9couvrir\u00a0<\/b>:<\/p>\n<ul>\n<li><b>Cr\u00e9er des nuages doux<\/b><\/li>\n<\/ul>\n<p>Si vous aimez le caf\u00e9 noisette ou le cappuccino moelleux comme au bar, cette fonction vous \u00e9tonnera. Vous pouvez cr\u00e9er des nuages moelleux et denses de lait chaud fouett\u00e9 et savourer tout le plaisir de la mousse sur vos l\u00e8vres.<\/p>\n<ul>\n<li><b>Chauffer le lait<\/b><\/li>\n<\/ul>\n<p>Cette deuxi\u00e8me fonction vous permet de chauffer votre lait pour pouvoir le savourer pur mais aussi de cr\u00e9er un parfait lait frapp\u00e9.\u00a0<\/p>\n<ul>\n<li><b>D\u00e9gustez un chocolat en tasse<\/b><\/li>\n<\/ul>\n<p>Quand, dans les mois les plus froids, vous avez envie d\u2019un chocolat en tasse, le mousseur \u00e0 lait Essse Caff\u00e8 est la solution id\u00e9ale. Ajoutez la poudre de cacao au lait, d\u00e9tendez-vous et laissez la machine faire le reste. En quelques secondes, vous pourrez savourer votre douceur pr\u00e9f\u00e9r\u00e9e.\u00a0<\/p>\n<ul>\n<li><b>Essayez les milkshakes<\/b><\/li>\n<\/ul>\n<p>En \u00e9t\u00e9, vous cherchez une solution fra\u00eeche et savoureuse pour vous soulager de la chaleur\u00a0? Le mousseur \u00e0 lait Essse est fait pour vous : en battant le lait froid, vous pourrez cr\u00e9er des boissons cr\u00e9meuses et l\u00e9g\u00e8res et essayer diff\u00e9rents types de milkshakes.<\/p>\n<p>Le nouveau mousseur \u00e0 lait Essse Caff\u00e8 se charge de tout. En fin de pr\u00e9paration, l&rsquo;appareil \u00e9met un signal sonore pour vous avertir et il est aussi programm\u00e9 pour <b>un arr\u00eat automatique <\/b>\u00e0 l\u2019obtention de la temp\u00e9rature et en fin de pr\u00e9paration.<\/p>\n<p><b>D\u00e9couvrez toutes les consistances du lait: introduisez le mousseur de lait Essse Caff\u00e8 dans votre cuisine.<\/b><\/p>\n                    <\/div>\n                <\/div>\n            <\/div>\n        <\/div>\n    <\/div>\n<\/div>\n<style>\n    :root {\n        --product-color: #000000;\n    }\n    <\/style>\n\n\n\n<\/div>","protected":false},"excerpt":{"rendered":"","protected":false},"author":95,"featured_media":0,"parent":9823,"menu_order":245,"comment_status":"closed","ping_status":"closed","template":"","meta":{"inline_featured_image":false,"footnotes":""},"class_list":["post-9868","page","type-page","status-publish","hentry"],"_links":{"self":[{"href":"https:\/\/www.esssecaffe.com\/fr\/wp-json\/wp\/v2\/pages\/9868","targetHints":{"allow":["GET"]}}],"collection":[{"href":"https:\/\/www.esssecaffe.com\/fr\/wp-json\/wp\/v2\/pages"}],"about":[{"href":"https:\/\/www.esssecaffe.com\/fr\/wp-json\/wp\/v2\/types\/page"}],"author":[{"embeddable":true,"href":"https:\/\/www.esssecaffe.com\/fr\/wp-json\/wp\/v2\/users\/95"}],"replies":[{"embeddable":true,"href":"https:\/\/www.esssecaffe.com\/fr\/wp-json\/wp\/v2\/comments?post=9868"}],"version-history":[{"count":0,"href":"https:\/\/www.esssecaffe.com\/fr\/wp-json\/wp\/v2\/pages\/9868\/revisions"}],"up":[{"embeddable":true,"href":"https:\/\/www.esssecaffe.com\/fr\/wp-json\/wp\/v2\/pages\/9823"}],"wp:attachment":[{"href":"https:\/\/www.esssecaffe.com\/fr\/wp-json\/wp\/v2\/media?parent=9868"}],"curies":[{"name":"wp","href":"https:\/\/api.w.org\/{rel}","templated":true}]}}