{"id":9887,"date":"2022-11-21T17:13:59","date_gmt":"2022-11-21T16:13:59","guid":{"rendered":"https:\/\/www.esssecaffe.com\/ligne-home\/machine-s-12-sistema-espresso\/s-12-sistema-espresso-machine\/"},"modified":"2022-11-21T17:15:04","modified_gmt":"2022-11-21T16:15:04","slug":"s-12-sistema-espresso-machine","status":"publish","type":"page","link":"https:\/\/www.esssecaffe.com\/fr\/ligne-home\/s-12-sistema-espresso-machine\/","title":{"rendered":"Machine S.12 Sistema Espresso"},"content":{"rendered":"<div id=\"\" class=\"product-section\">\n\n\n\n<div data-scroll-section class=\"l-container\" style=\"margin-bottom: 50px; margin-top: 30px;\"><nav class=\"woocommerce-breadcrumb rank-math-breadcrumb\"><span class=\"last\">Home<\/span><\/nav><\/div>\n\n<div data-scroll-section>\n    <div class=\"l-container\">\n        <div class=\"product-flex product-flex_product product-section-small\">\n            <div class=\"product-gallery with-coffee-bg \"> \n                <div class=\"product-gallery-image\">\n                    <img loading=\"lazy\" decoding=\"async\" width=\"372\" height=\"714\" src=\"https:\/\/www.esssecaffe.com\/wp-content\/uploads\/2021\/10\/Fronte_2.png\" class=\"attachment-full size-full\" alt=\"Fronte_2\" srcset=\"https:\/\/www.esssecaffe.com\/wp-content\/uploads\/2021\/10\/Fronte_2.png 372w, https:\/\/www.esssecaffe.com\/wp-content\/uploads\/2021\/10\/Fronte_2-156x300.png 156w, https:\/\/www.esssecaffe.com\/wp-content\/uploads\/2021\/10\/Fronte_2-150x288.png 150w, https:\/\/www.esssecaffe.com\/wp-content\/uploads\/2021\/10\/Fronte_2-230x441.png 230w\" sizes=\"auto, (max-width: 372px) 100vw, 372px\" \/>                <\/div>\n            <\/div>\n            <div class=\"product-info\">\n                <div class=\"product-info__inner\">\n                    <p class=\"h1 product-title title-decoration reveal-text longest-title longest-title_short\" data-scroll>Machine S.12 Sistema Espresso<\/p>\n                    <div class=\"product-description fade-in-bottom\" data-scroll>\n                        <p>De la rencontre entre <b>Essse Caff\u00e8 et Giugiaro Design<\/b> est n\u00e9e notre machine pour caf\u00e9 en capsules S.12 Sistema Espresso.<span class=\"Apple-converted-space\">\u00a0<\/span><\/p>\n<p><b>\u00c9l\u00e9gante et moderne<\/b>, elle a \u00e9t\u00e9 con\u00e7ue pour toujours vous garantir un excellent <b>caf\u00e9 dense et cr\u00e9meux<\/b> <b>\u00e0 la maison comme au bureau.<\/b><\/p>\n<p><b>DESCRIPTION DU PRODUIT\u00a0<\/b><\/p>\n<p>La combinaison de technologie, go\u00fbt et design a cr\u00e9\u00e9 la machine S.12 Sistema Espresso, aux caract\u00e9ristiques uniques dont vous ne pourrez plus vous passer.<\/p>\n<ul>\n<li><b>Toute de suite pr\u00eate<\/b><\/li>\n<\/ul>\n<p>Tr\u00e8s simple \u00e0 utiliser, la machine S.12 nous permet de pr\u00e9parer d\u2019excellentes boissons et des caf\u00e9s extraits dans les r\u00e8gles de l\u2019art en 40 secondes seulement.<\/p>\n<ul>\n<li><b>Technologie unique<\/b><\/li>\n<\/ul>\n<p>Le bec verseur de la machine \u00e0 caf\u00e9 S.12 est un brevet d&rsquo;Essse Caff\u00e8 con\u00e7u pour souligner l&rsquo;onctuosit\u00e9 et l\u2019\u00e9quilibre aromatique de vos caf\u00e9s.<\/p>\n<ul>\n<li><b>Personnalisez votre boisson<\/b><\/li>\n<\/ul>\n<p>Vous pouvez s\u00e9lectionner le volume d\u00e9sir\u00e9 d&rsquo;une simple pression gr\u00e2ce aux boutons \u00ab\u00a0caf\u00e9 court\u00a0\u00bb et \u00ab\u00a0caf\u00e9 long\u00a0\u00bb.<\/p>\n<ul>\n<li><b>Syst\u00e8me intelligent<\/b><\/li>\n<\/ul>\n<p>La machine S.12 reconna\u00eet le premier caf\u00e9 de la journ\u00e9e en r\u00e9glant la temp\u00e9rature et les param\u00e8tres de distribution. Le syst\u00e8me de contr\u00f4le de la temp\u00e9rature vous permet de toujours avoir des boissons chaudes \u00e0 la bonne temp\u00e9rature.<\/p>\n<p>En outre, l&rsquo;\u00e9conomie d&rsquo;\u00e9nergie automatique emp\u00eache la surchauffe apr\u00e8s 10 minutes d\u2019inutilisation.<\/p>\n<ul>\n<li><b>El\u00e9gance indispensable<\/b><\/li>\n<\/ul>\n<p>Le style de la machine Sistema Espresso S.12 est \u00e9l\u00e9gant et raffin\u00e9, ses formes l\u00e9g\u00e8res et compactes sont le r\u00e9sultat de la patte inimitable d\u2019IDG Giugiaro Design.\u00a0<\/p>\n<p>Un large choix de couleurs la rendra parfaite pour toutes les pi\u00e8ces.<\/p>\n<ul>\n<li><b>D\u00e9tartrage programm\u00e9<\/b><\/li>\n<\/ul>\n<p>La machine S.12 vous indique qu&rsquo;il est temps de d\u00e9tartrer apr\u00e8s 600 doses et peut vous guider tout au long du processus de nettoyage.<\/p>\n<p><b>Choisissez la machine S.12 Sistema Espresso pour am\u00e9liorer votre pr\u00e9cieux rituel du caf\u00e9.<\/b><\/p>\n                    <\/div>\n                <\/div>\n            <\/div>\n        <\/div>\n    <\/div>\n<\/div>\n<style>\n    :root {\n        --product-color: #000000;\n    }\n    <\/style>\n\n\n\n<\/div>","protected":false},"excerpt":{"rendered":"","protected":false},"author":95,"featured_media":0,"parent":3999,"menu_order":105,"comment_status":"closed","ping_status":"closed","template":"","meta":{"inline_featured_image":false,"footnotes":""},"class_list":["post-9887","page","type-page","status-publish","hentry"],"_links":{"self":[{"href":"https:\/\/www.esssecaffe.com\/fr\/wp-json\/wp\/v2\/pages\/9887","targetHints":{"allow":["GET"]}}],"collection":[{"href":"https:\/\/www.esssecaffe.com\/fr\/wp-json\/wp\/v2\/pages"}],"about":[{"href":"https:\/\/www.esssecaffe.com\/fr\/wp-json\/wp\/v2\/types\/page"}],"author":[{"embeddable":true,"href":"https:\/\/www.esssecaffe.com\/fr\/wp-json\/wp\/v2\/users\/95"}],"replies":[{"embeddable":true,"href":"https:\/\/www.esssecaffe.com\/fr\/wp-json\/wp\/v2\/comments?post=9887"}],"version-history":[{"count":0,"href":"https:\/\/www.esssecaffe.com\/fr\/wp-json\/wp\/v2\/pages\/9887\/revisions"}],"up":[{"embeddable":true,"href":"https:\/\/www.esssecaffe.com\/fr\/wp-json\/wp\/v2\/pages\/3999"}],"wp:attachment":[{"href":"https:\/\/www.esssecaffe.com\/fr\/wp-json\/wp\/v2\/media?parent=9887"}],"curies":[{"name":"wp","href":"https:\/\/api.w.org\/{rel}","templated":true}]}}