{"id":20717,"date":"2021-10-05T10:23:02","date_gmt":"2021-10-05T08:23:02","guid":{"rendered":"https:\/\/www.esssecaffe.com\/ho-re-ca\/"},"modified":"2026-04-09T11:09:06","modified_gmt":"2026-04-09T09:09:06","slug":"ho-re-ca","status":"publish","type":"page","link":"https:\/\/www.esssecaffe.com\/ru\/ho-re-ca\/","title":{"rendered":"Ho.Re.Ca."},"content":{"rendered":"<div class=\"top-section full-screen-section\" data-scroll-section>\n\n    <div class=\"top-section__bg\">\n    <div class=\"top-section__bg-img\" style=\"background-image: url(https:\/\/www.esssecaffe.com\/wp-content\/uploads\/2022\/09\/per-i-professionisti.jpg)\" data-scroll><\/div>\n\n    <\/div>\n    <div class=\"l-container\">rddd\n        <div class=\"top-section__inner\">\n            <div class=\"top-section__info\" data-scroll>\n                <div class=\"top-section__info-inner\">\n                    <h1 class=\"main-title text-center reveal-text\" data-scroll>Ho.Re.Ca.<\/h1>\n                    <p class=\"main-description text-center fade-in-bottom\" data-scroll>Essse \u00e8 il caff\u00e8 dei professionisti. Sin dal 1979 ci siamo impegnati per offrire al mondo dei bar, delle pasticcerie, dei ristoranti e degli hotel un\u2019ampia gamma di prodotti di eccellente qualit\u00e0, accompagnati da una serie di servizi a supporto del cliente che mirano a fare la differenza. La proposta Essse Caff\u00e8 \u00e8 costruita su misura per rispondere alle esigenze specifiche della tua attivit\u00e0.<\/p>\n                <\/div>\n            <\/div>\n        <\/div>\n    <\/div>\n    <\/div>\n\n\n\n<div data-scroll-section class=\"l-container\" style=\"margin-bottom: 50px; margin-top: 30px;\"><nav class=\"woocommerce-breadcrumb rank-math-breadcrumb\"><span class=\"last\">Home<\/span><\/nav><\/div>\n\n<div class=\"accordion-slider-section\" data-scroll-section>\n    <div class=\"l-container\">\n                <div class=\"accordion-slider\" data-scroll data-scroll-offset=\"50%\">\n                        <div class=\"accordion-slider__item active\">\n                                    <div class=\"accordion-slider__letter accordion-slider__letter_bg\">B &#038; P<\/div>\n                                <div class=\"accordion-slider__bg\" style=\"background-image: url(https:\/\/www.esssecaffe.com\/wp-content\/uploads\/2024\/01\/home-300x200-2.jpg)\"><\/div>\n                <div class=\"accordion-slider__info\">\n                    <div class=\"accordion-slider__info-inner\">\n                        <div class=\"accordion-slider__content\">\n                            <div class=\"accordion-slider__letter\">B &#038; P<\/div>\n                            <div class=\"accordion-slider__title\">ESSSE CAFF\u00c9 PER IL TUO BAR E LA TUA PASTICCERIA<\/div>\n                            <div class=\"accordion-slider__description\">Quella fra Essse e il mondo dei Bar e delle Pasticcerie \u00e8 un\u2019unione solida e armoniosa. La gamma di prodotti e servizi pensati per aiutarti ad offrire ai tuoi clienti una pausa d\u2019autore \u00e8 davvero ampia, e va ben oltre le \u201csemplici\u201d miscele di caff\u00e8.<\/div>\n\t\t\t\t\t\t\t                        <\/div>\n                    <\/div>\n                <\/div>\n            <\/div>\n                        <div class=\"accordion-slider__item\">\n                                    <div class=\"accordion-slider__letter accordion-slider__letter_bg\">R<\/div>\n                                <div class=\"accordion-slider__bg\" style=\"background-image: url(https:\/\/www.esssecaffe.com\/wp-content\/uploads\/2021\/12\/ristorante.jpg)\"><\/div>\n                <div class=\"accordion-slider__info\">\n                    <div class=\"accordion-slider__info-inner\">\n                        <div class=\"accordion-slider__content\">\n                            <div class=\"accordion-slider__letter\">R<\/div>\n                            <div class=\"accordion-slider__title\">ESSSE CAFF\u00c9 PER IL TUO RISTORANTE<\/div>\n                            <div class=\"accordion-slider__description\">Caff\u00e8, croce e delizia del ristorante. Un espresso ben estratto pu\u00f2 fare la differenza nel ricordo dell\u2019esperienza gastronomica. Per questo ti offriamo tutti gli strumenti necessari per garantire un eccellente chiusura del pasto al tuo ristorante.<\/div>\n\t\t\t\t\t\t\t                        <\/div>\n                    <\/div>\n                <\/div>\n            <\/div>\n                        <div class=\"accordion-slider__item\">\n                                    <div class=\"accordion-slider__letter accordion-slider__letter_bg\">H<\/div>\n                                <div class=\"accordion-slider__bg\" style=\"background-image: url(https:\/\/www.esssecaffe.com\/wp-content\/uploads\/2021\/12\/Hotel.jpg)\"><\/div>\n                <div class=\"accordion-slider__info\">\n                    <div class=\"accordion-slider__info-inner\">\n                        <div class=\"accordion-slider__content\">\n                            <div class=\"accordion-slider__letter\">H<\/div>\n                            <div class=\"accordion-slider__title\">ESSSE CAFF\u00c9 PER IL TUO HOTEL<\/div>\n                            <div class=\"accordion-slider__description\">La nostra offerta studiata ad hoc per gli hotel consente sia alle grandi strutture alberghiere che ai piccoli boutique hotel di offrire ai propri ospiti una piacevole esperienza gustativa in ogni momento della giornata.<\/div>\n\t\t\t\t\t\t\t                        <\/div>\n                    <\/div>\n                <\/div>\n            <\/div>\n                    <\/div>\n    <\/div>\n<\/div>\n\n\n<div id=\"\" class=\"info   \" data-scroll-section >\n    <div class=\"l-container\">\n        <div class=\"info__row\">\n            <div class=\"info__col info__col_left\">\n                <div class=\"info__title\">\n                    <h2 class=\"main-title title-decoration reveal-text\" data-scroll>Miscela Masini<\/h2>\n                <\/div>\n                                            <div class=\"info__description\">\n                                <p class=\"fade-in-bottom\" data-scroll>Fiore all\u2019occhiello di Essse Caff\u00e8, Miscela Masini affonda le sue radici nella Bologna del 1952, da un\u2019idea di Giampiero Segafredo. Nel 1979, quasi 30 anni dopo, Francesco Segafredo, figlio di Giampiero e attuale Presidente di Essse Caff\u00e8, ebbe l\u2019intuizione di ricreare questa eccezionale miscela, oggi vero e proprio punto di riferimento per i professionisti del bar e la pasticceria.<\/p>\n                            <\/div>\n                                                                                                                                                  \n                                <a href=\"https:\/\/www.esssecaffe.com\/horeca\/miscela-masini\/\" class=\"main-link\" >\n                                    <div class=\"main-link__flex fade-in-bottom\" data-scroll>\n                                        <svg width=\"30\" height=\"29\" viewBox=\"0 0 30 29\" fill=\"none\"\n                                             xmlns=\"http:\/\/www.w3.org\/2000\/svg\">\n                                            <path d=\"M7.45662 1.00302C7.33562 0.996017 27.7096 1.02603 27.7096 1.02603L20.3366 24.48C19.6186 26.257 18.0306 27.242 15.6996 27.438C14.1883 27.5313 12.6773 27.2514 11.2996 26.623C3.35963 23.19 -0.678357 14.558 1.65864 5.22802C2.01725 3.9787 2.78243 2.88474 3.83302 2.11944C4.88361 1.35414 6.15952 0.961249 7.45863 1.00302\"\n                                                  stroke=\"#BF0020\" fill=\"transparent\" stroke-width=\"2\"\/>\n                                        <\/svg>\n                                        <span>SCOPRI MISCELA MASINI<\/span>\n                                    <\/div>\n                                <\/a>\n                                                                                                                                                <\/div>\n            <div class=\"info__col info__col_right\">\n                <div class=\"image-container\">\n\n                                            <div class=\"image-parallax-wrapper\">\n\t\t\t\n                            <div class=\"image-parallax black-overlay\"\n                                 style=\"background-image: url(https:\/\/www.esssecaffe.com\/wp-content\/uploads\/2024\/05\/masini-sito-1.jpg)\" \n                                 data-scroll\n                                 data-scroll-speed=\"-3.5\">\n\t\t\t\t<\/div>\n                        <\/div>\n                                    <\/div>\n            <\/div>\n        <\/div>\n    <\/div>\n<\/div>\n\n<div id=\"\" class=\"info  reverse \" data-scroll-section >\n    <div class=\"l-container\">\n        <div class=\"info__row\">\n            <div class=\"info__col info__col_left\">\n                <div class=\"info__title\">\n                    <h2 class=\"main-title title-decoration reveal-text\" data-scroll>Miscele in grani<\/h2>\n                <\/div>\n                                            <div class=\"info__description\">\n                                <p class=\"fade-in-bottom\" data-scroll>Scienza, Sapienza, Specializzazione: sono i tre valori che riassumono la filosofia di Essse Caff\u00e8, e che trovano la loro massima espressione delle nostre miscele per il bar; la ricerca della migliore qualit\u00e0 organolettica e soprattutto la sua costanza nel tempo, sono la nostra missione quotidiana, che ci ha portati a diventare partner di riferimento per i professionisti.<\/p>\n                            <\/div>\n                                                                                                                                                  \n                                <a href=\"https:\/\/www.esssecaffe.com\/linea-professional\/i-professionisti\/prodotti-per-i-professionisti\/miscele-di-caffe-in-grani\/\" class=\"main-link\" >\n                                    <div class=\"main-link__flex fade-in-bottom\" data-scroll>\n                                        <svg width=\"30\" height=\"29\" viewBox=\"0 0 30 29\" fill=\"none\"\n                                             xmlns=\"http:\/\/www.w3.org\/2000\/svg\">\n                                            <path d=\"M7.45662 1.00302C7.33562 0.996017 27.7096 1.02603 27.7096 1.02603L20.3366 24.48C19.6186 26.257 18.0306 27.242 15.6996 27.438C14.1883 27.5313 12.6773 27.2514 11.2996 26.623C3.35963 23.19 -0.678357 14.558 1.65864 5.22802C2.01725 3.9787 2.78243 2.88474 3.83302 2.11944C4.88361 1.35414 6.15952 0.961249 7.45863 1.00302\"\n                                                  stroke=\"#BF0020\" fill=\"transparent\" stroke-width=\"2\"\/>\n                                        <\/svg>\n                                        <span>SCOPRI I PRODOTTI PER I PROFESSIONISTI<\/span>\n                                    <\/div>\n                                <\/a>\n                                                                                                                                                <\/div>\n            <div class=\"info__col info__col_right\">\n                <div class=\"image-container\">\n\n                                            <div class=\"image-parallax-wrapper\">\n\t\t\t\n                            <div class=\"image-parallax black-overlay\"\n                                 style=\"background-image: url(https:\/\/www.esssecaffe.com\/wp-content\/uploads\/2026\/01\/ChatGPT-Image-8-gen-2026-14_26_29.png)\" \n                                 data-scroll\n                                 data-scroll-speed=\"-3.5\">\n\t\t\t\t<\/div>\n                        <\/div>\n                                    <\/div>\n            <\/div>\n        <\/div>\n    <\/div>\n<\/div>\n\n<div id=\"\" class=\"info   \" data-scroll-section >\n    <div class=\"l-container\">\n        <div class=\"info__row\">\n            <div class=\"info__col info__col_left\">\n                <div class=\"info__title\">\n                    <h2 class=\"main-title title-decoration reveal-text\" data-scroll>Expresss<\/h2>\n                <\/div>\n                                            <div class=\"info__description\">\n                                <p class=\"fade-in-bottom\" data-scroll>EXPRESSS \u00e8 la nuova offerta pensata ad hoc per le esigenze dei professionisti della ristorazione e dell\u2019hospitality: un sistema a capsule pratico e intuitivo, ma senza rinunciare alla qualit\u00e0 ottimale in tazzina.<\/p>\n                            <\/div>\n                                                                                                                                                  \n                                <a href=\"https:\/\/www.esssecaffe.com\/il-mondo-di-esse\/expresss-lideale-per-la-ristorazione\/\" class=\"main-link\" >\n                                    <div class=\"main-link__flex fade-in-bottom\" data-scroll>\n                                        <svg width=\"30\" height=\"29\" viewBox=\"0 0 30 29\" fill=\"none\"\n                                             xmlns=\"http:\/\/www.w3.org\/2000\/svg\">\n                                            <path d=\"M7.45662 1.00302C7.33562 0.996017 27.7096 1.02603 27.7096 1.02603L20.3366 24.48C19.6186 26.257 18.0306 27.242 15.6996 27.438C14.1883 27.5313 12.6773 27.2514 11.2996 26.623C3.35963 23.19 -0.678357 14.558 1.65864 5.22802C2.01725 3.9787 2.78243 2.88474 3.83302 2.11944C4.88361 1.35414 6.15952 0.961249 7.45863 1.00302\"\n                                                  stroke=\"#BF0020\" fill=\"transparent\" stroke-width=\"2\"\/>\n                                        <\/svg>\n                                        <span>SCOPRI DI PI\u00d9<\/span>\n                                    <\/div>\n                                <\/a>\n                                                                                                                                                <\/div>\n            <div class=\"info__col info__col_right\">\n                <div class=\"image-container\">\n\n                                            <div class=\"image-parallax-wrapper\">\n\t\t\t\n                            <div class=\"image-parallax black-overlay\"\n                                 style=\"background-image: url(https:\/\/www.esssecaffe.com\/wp-content\/uploads\/2026\/01\/DSC04594-copia-scaled.jpg)\" \n                                 data-scroll\n                                 data-scroll-speed=\"-3.5\">\n\t\t\t\t<\/div>\n                        <\/div>\n                                    <\/div>\n            <\/div>\n        <\/div>\n    <\/div>\n<\/div>\n\n<div id=\"\" class=\"info  reverse \" data-scroll-section >\n    <div class=\"l-container\">\n        <div class=\"info__row\">\n            <div class=\"info__col info__col_left\">\n                <div class=\"info__title\">\n                    <h2 class=\"main-title title-decoration reveal-text\" data-scroll>Prodotti complementari<\/h2>\n                <\/div>\n                                            <div class=\"info__description\">\n                                <p class=\"fade-in-bottom\" data-scroll>Non solo espresso: la gamma di prodotti firmata Essse Caff\u00e8 va oltre, per soddisfare le esigenze dei professionisti di diversificare e ampliare sempre di pi\u00f9 la loro offerta. A partire da orzo e ginseng, ma anche cioccolata in tazza e gustose creme fredde per l\u2019estate<\/p>\n                            <\/div>\n                                                                                                                                                  \n                                <a href=\"https:\/\/www.esssecaffe.com\/wp-content\/uploads\/2024\/09\/Essse_Caffe_Prodotti_Complementari.pdf\" class=\"main-link\" target=\"_blank\">\n                                    <div class=\"main-link__flex fade-in-bottom\" data-scroll>\n                                        <svg width=\"30\" height=\"29\" viewBox=\"0 0 30 29\" fill=\"none\"\n                                             xmlns=\"http:\/\/www.w3.org\/2000\/svg\">\n                                            <path d=\"M7.45662 1.00302C7.33562 0.996017 27.7096 1.02603 27.7096 1.02603L20.3366 24.48C19.6186 26.257 18.0306 27.242 15.6996 27.438C14.1883 27.5313 12.6773 27.2514 11.2996 26.623C3.35963 23.19 -0.678357 14.558 1.65864 5.22802C2.01725 3.9787 2.78243 2.88474 3.83302 2.11944C4.88361 1.35414 6.15952 0.961249 7.45863 1.00302\"\n                                                  stroke=\"#BF0020\" fill=\"transparent\" stroke-width=\"2\"\/>\n                                        <\/svg>\n                                        <span>SCOPRI I NOSTRI PRODOTTI COMPLEMENTARI<\/span>\n                                    <\/div>\n                                <\/a>\n                                                                                                                                                <\/div>\n            <div class=\"info__col info__col_right\">\n                <div class=\"image-container\">\n\n                                            <div class=\"image-parallax-wrapper\">\n\t\t\t\n                            <div class=\"image-parallax black-overlay\"\n                                 style=\"background-image: url(https:\/\/www.esssecaffe.com\/wp-content\/uploads\/2024\/05\/Integrazione-Sito-Cialda-Compatibili-1.jpg)\" \n                                 data-scroll\n                                 data-scroll-speed=\"-3.5\">\n\t\t\t\t<\/div>\n                        <\/div>\n                                    <\/div>\n            <\/div>\n        <\/div>\n    <\/div>\n<\/div>\n\n<div id=\"\" class=\"info   \" data-scroll-section >\n    <div class=\"l-container\">\n        <div class=\"info__row\">\n            <div class=\"info__col info__col_left\">\n                <div class=\"info__title\">\n                    <h2 class=\"main-title title-decoration reveal-text\" data-scroll>Servizi per i professionisti<\/h2>\n                <\/div>\n                                            <div class=\"info__description\">\n                                <p class=\"fade-in-bottom\" data-scroll>La profonda conoscenza del settore, dal caff\u00e8 crudo al risultato in tazzina, dalla torrefazione al confezionamento, dalle attrezzature professionali all\u2019estrazione dell\u2019espresso perfetto, consente ad Essse Caff\u00e8 di supportare i propri clienti a 360 gradi. Non offriamo solamente prodotti d\u2019eccellenza, ma anche formazione e affiancamento costante, grazie alla nostra rete vendita specializzata e ai nostri bar trainer.<\/p>\n                            <\/div>\n                                                                                <div class=\"links-menu links-menu__block\">                                                                  \n                                <a href=\"https:\/\/www.esssecaffe.com\/linea-professional\/i-professionisti\/servizi-per-i-professionisti\/la-forza-vendita\/\" class=\"main-link\" >\n                                    <div class=\"main-link__flex fade-in-bottom\" data-scroll>\n                                        <svg width=\"30\" height=\"29\" viewBox=\"0 0 30 29\" fill=\"none\"\n                                             xmlns=\"http:\/\/www.w3.org\/2000\/svg\">\n                                            <path d=\"M7.45662 1.00302C7.33562 0.996017 27.7096 1.02603 27.7096 1.02603L20.3366 24.48C19.6186 26.257 18.0306 27.242 15.6996 27.438C14.1883 27.5313 12.6773 27.2514 11.2996 26.623C3.35963 23.19 -0.678357 14.558 1.65864 5.22802C2.01725 3.9787 2.78243 2.88474 3.83302 2.11944C4.88361 1.35414 6.15952 0.961249 7.45863 1.00302\"\n                                                  stroke=\"#BF0020\" fill=\"transparent\" stroke-width=\"2\"\/>\n                                        <\/svg>\n                                        <span>Forza Vendita<\/span>\n                                    <\/div>\n                                <\/a>\n                                                                  \n                                <a href=\"https:\/\/www.esssecaffe.com\/formazione\/\" class=\"main-link\" >\n                                    <div class=\"main-link__flex fade-in-bottom\" data-scroll>\n                                        <svg width=\"30\" height=\"29\" viewBox=\"0 0 30 29\" fill=\"none\"\n                                             xmlns=\"http:\/\/www.w3.org\/2000\/svg\">\n                                            <path d=\"M7.45662 1.00302C7.33562 0.996017 27.7096 1.02603 27.7096 1.02603L20.3366 24.48C19.6186 26.257 18.0306 27.242 15.6996 27.438C14.1883 27.5313 12.6773 27.2514 11.2996 26.623C3.35963 23.19 -0.678357 14.558 1.65864 5.22802C2.01725 3.9787 2.78243 2.88474 3.83302 2.11944C4.88361 1.35414 6.15952 0.961249 7.45863 1.00302\"\n                                                  stroke=\"#BF0020\" fill=\"transparent\" stroke-width=\"2\"\/>\n                                        <\/svg>\n                                        <span>Formazione<\/span>\n                                    <\/div>\n                                <\/a>\n                                                            <\/div>                                                                                    <\/div>\n            <div class=\"info__col info__col_right\">\n                <div class=\"image-container\">\n\n                                            <div class=\"image-parallax-wrapper\">\n\t\t\t\n                            <div class=\"image-parallax black-overlay\"\n                                 style=\"background-image: url(https:\/\/www.esssecaffe.com\/wp-content\/uploads\/2022\/09\/per-i-professionisti.jpg)\" \n                                 data-scroll\n                                 data-scroll-speed=\"-3.5\">\n\t\t\t\t<\/div>\n                        <\/div>\n                                    <\/div>\n            <\/div>\n        <\/div>\n    <\/div>\n<\/div>","protected":false},"excerpt":{"rendered":"","protected":false},"author":95,"featured_media":5213,"parent":0,"menu_order":614,"comment_status":"closed","ping_status":"closed","template":"","meta":{"inline_featured_image":false,"footnotes":""},"class_list":["post-20717","page","type-page","status-publish","has-post-thumbnail","hentry"],"_links":{"self":[{"href":"https:\/\/www.esssecaffe.com\/ru\/wp-json\/wp\/v2\/pages\/20717","targetHints":{"allow":["GET"]}}],"collection":[{"href":"https:\/\/www.esssecaffe.com\/ru\/wp-json\/wp\/v2\/pages"}],"about":[{"href":"https:\/\/www.esssecaffe.com\/ru\/wp-json\/wp\/v2\/types\/page"}],"author":[{"embeddable":true,"href":"https:\/\/www.esssecaffe.com\/ru\/wp-json\/wp\/v2\/users\/95"}],"replies":[{"embeddable":true,"href":"https:\/\/www.esssecaffe.com\/ru\/wp-json\/wp\/v2\/comments?post=20717"}],"version-history":[{"count":0,"href":"https:\/\/www.esssecaffe.com\/ru\/wp-json\/wp\/v2\/pages\/20717\/revisions"}],"wp:featuredmedia":[{"embeddable":true,"href":"https:\/\/www.esssecaffe.com\/ru\/wp-json\/wp\/v2\/media\/5213"}],"wp:attachment":[{"href":"https:\/\/www.esssecaffe.com\/ru\/wp-json\/wp\/v2\/media?parent=20717"}],"curies":[{"name":"wp","href":"https:\/\/api.w.org\/{rel}","templated":true}]}}