{"id":6610,"date":"2022-10-07T15:09:44","date_gmt":"2022-10-07T13:09:44","guid":{"rendered":"https:\/\/www.esssecaffe.com\/linea-home\/macchina-s-12-sistema-espresso\/"},"modified":"2024-02-14T15:16:47","modified_gmt":"2024-02-14T14:16:47","slug":"s-12-sistema-espresso-machine-2","status":"publish","type":"page","link":"https:\/\/www.esssecaffe.com\/ru\/home-line\/s-12-sistema-espresso-machine-2\/","title":{"rendered":"MACCHINA S.12 SISTEMA ESPRESSO"},"content":{"rendered":"<!-- #### array(1) {\n  [\"fields\"]=>\n  array(3) {\n    [\"block_title\"]=>\n    string(0) \"\"\n    [\"title\"]=>\n    string(30) \"MACCHINA S.12 SISTEMA ESPRESSO\"\n    [\"image\"]=>\n    string(75) \"https:\/\/www.esssecaffe.com\/wp-content\/uploads\/2021\/10\/per-Il-tuo-bar-bg.png\"\n  }\n}\n--><div class=\"top-section top-section_min\" data-scroll-section>\n  <div class=\"mobile-gradient\"><\/div>\n  <div class=\"top-section__bg\" >\n    <div class=\"top-section__bg-inner\">\n      <div class=\"top-section__bg-img\" style=\"background-image: url(https:\/\/www.esssecaffe.com\/wp-content\/uploads\/2021\/10\/per-Il-tuo-bar-bg.png)\" data-id=\"6606\"><\/div>\n    <\/div>\n  <\/div>\n  <div class=\"l-container\">\n    <div class=\"top-section__inner\">\n      <div class=\"top-section__info\" data-scroll>\n        <h1 class=\"main-title text-center reveal-text\" data-scroll>MACCHINA S.12 SISTEMA ESPRESSO<\/h1>\n      <\/div>\n    <\/div>\n  <\/div>\n<\/div>\n\n\n\n<div data-scroll-section class=\"l-container\" style=\"margin-bottom: 50px; margin-top: 30px;\"><nav class=\"woocommerce-breadcrumb rank-math-breadcrumb\"><span class=\"last\">Home<\/span><\/nav><\/div>\n\n<div id=\"\" class=\"info-products\">\n\n<div data-bgcolor=\"\" class=\"info info-product \">\n  <div class=\"l-container\">\n    <div class=\"info-product__row\">\n      <div class=\"info-product__col info-product__col_left\">\n        <div class=\"info__title\">\n          <h6 class=\"pre-title reveal-text\" data-scroll><\/h6>\n          <h2 class=\"main-title title-decoration reveal-text\" data-scroll>MACCHINA S.12 SISTEMA ESPRESSO<\/h2>\n        <\/div>\n        <div class=\"info-product__content\">\n          <div class=\"info__description\">\n            <p class=\"fade-in-bottom\" data-scroll>Una macchina-capsula elegante ed evoluta, dal design a firma Giugiaro Design, studiata per garantire un espresso estratto a regola d\u2019arte a casa e in ufficio.\nIl segreto di un espresso intenso e raffinato, per abbandonarsi ad un\u2019esperienza avvolgente anche a casa, in ogni momento della giornata.\nSistema Espresso nasce dalla volont\u00e0 di ottenere anche a casa e in ufficio un caff\u00e8 estratto a regola d\u2019arte. Per farlo siamo partiti da quello che \u00e8 sempre il nostro primo obiettivo: l\u2019eccellenza. Abbiamo progettato un sistema macchina-capsula che potesse dare un risultato in tazza all\u2019altezza dei nostri standard qualitativi.\nAbbiamo studiato, progettato e brevettato una macchina da caff\u00e8 che grazie alla sua tecnologia potesse garantire tutti i parametri per la migliore estrazione del caff\u00e8: la nostra Macchina S.12 Sistema Espresso, il cui design \u00e8 firmato IDG Giugiaro Design.\nAllo stesso tempo, abbiamo progettato miscele idonee a questo tipo di erogazione. Ognuna di esse \u00e8 stata messa a punto per offrire una performance ottimale con la speciale Macchina S.12 , al fine di offrire ai nostri clienti la possibilit\u00e0 di assaggiare un caff\u00e8 avvolgente, cremoso ed equilibrato, perfetto in ogni momento della giornata.<\/p>\n          <\/div>\n                      <a href=\"https:\/\/www.esssecaffe.com\/ru\/home-line\/s-12-sistema-espresso-machine-2\/\" class=\"main-link\">\n              <div class=\"main-link__flex fade-in-bottom\" data-scroll>\n                <svg width=\"30\" height=\"29\" viewBox=\"0 0 30 29\" fill=\"none\"\n                  xmlns=\"http:\/\/www.w3.org\/2000\/svg\">\n                  <path d=\"M7.45662 1.00302C7.33562 0.996017 27.7096 1.02603 27.7096 1.02603L20.3366 24.48C19.6186 26.257 18.0306 27.242 15.6996 27.438C14.1883 27.5313 12.6773 27.2514 11.2996 26.623C3.35963 23.19 -0.678357 14.558 1.65864 5.22802C2.01725 3.9787 2.78243 2.88474 3.83302 2.11944C4.88361 1.35414 6.15952 0.961249 7.45863 1.00302\"\n                    stroke=\"#BF0020\" fill=\"transparent\" stroke-width=\"2\" \/>\n                <\/svg>\n                <span><\/span>\n              <\/div>\n            <\/a>\n                  <\/div>\n      <\/div>\n      <div class=\"info-product__col info-product__col_right\">\n        <div class=\"image-container\">\n          <div class=\"image-inner fade-in-bottom\" data-scroll>\n            <div class=\"image-product\" style=\"background-image: url()\">\n                              <div class=\"image-bg\"><\/div>\n                          <\/div>\n          <\/div>\n        <\/div>\n      <\/div>\n    <\/div>\n  <\/div>\n<\/div>\n\n<div data-bgcolor=\"\" class=\"info info-product \">\n  <div class=\"l-container\">\n    <div class=\"info-product__row\">\n      <div class=\"info-product__col info-product__col_left\">\n        <div class=\"info__title\">\n          <h6 class=\"pre-title reveal-text\" data-scroll><\/h6>\n          <h2 class=\"main-title title-decoration reveal-text\" data-scroll><\/h2>\n        <\/div>\n        <div class=\"info-product__content\">\n          <div class=\"info__description\">\n            <p class=\"fade-in-bottom\" data-scroll>Una macchina-capsula elegante ed evoluta, dal design a firma Giugiaro Design, studiata per garantire un espresso estratto a regola d\u2019arte a casa e in ufficio.\nIl segreto di un espresso intenso e raffinato, per abbandonarsi ad un\u2019esperienza avvolgente anche a casa, in ogni momento della giornata.\nSistema Espresso nasce dalla volont\u00e0 di ottenere anche a casa e in ufficio un caff\u00e8 estratto a regola d\u2019arte. Per farlo siamo partiti da quello che \u00e8 sempre il nostro primo obiettivo: l\u2019eccellenza. Abbiamo progettato un sistema macchina-capsula che potesse dare un risultato in tazza all\u2019altezza dei nostri standard qualitativi.\nAbbiamo studiato, progettato e brevettato una macchina da caff\u00e8 che grazie alla sua tecnologia potesse garantire tutti i parametri per la migliore estrazione del caff\u00e8: la nostra Macchina S.12 Sistema Espresso, il cui design \u00e8 firmato IDG Giugiaro Design.\nAllo stesso tempo, abbiamo progettato miscele idonee a questo tipo di erogazione. Ognuna di esse \u00e8 stata messa a punto per offrire una performance ottimale con la speciale Macchina S.12 , al fine di offrire ai nostri clienti la possibilit\u00e0 di assaggiare un caff\u00e8 avvolgente, cremoso ed equilibrato, perfetto in ogni momento della giornata.<\/p>\n          <\/div>\n                      <a href=\"https:\/\/www.esssecaffe.com\/ru\/home-line\/s-12-sistema-espresso-machine-2\/\" class=\"main-link\">\n              <div class=\"main-link__flex fade-in-bottom\" data-scroll>\n                <svg width=\"30\" height=\"29\" viewBox=\"0 0 30 29\" fill=\"none\"\n                  xmlns=\"http:\/\/www.w3.org\/2000\/svg\">\n                  <path d=\"M7.45662 1.00302C7.33562 0.996017 27.7096 1.02603 27.7096 1.02603L20.3366 24.48C19.6186 26.257 18.0306 27.242 15.6996 27.438C14.1883 27.5313 12.6773 27.2514 11.2996 26.623C3.35963 23.19 -0.678357 14.558 1.65864 5.22802C2.01725 3.9787 2.78243 2.88474 3.83302 2.11944C4.88361 1.35414 6.15952 0.961249 7.45863 1.00302\"\n                    stroke=\"#BF0020\" fill=\"transparent\" stroke-width=\"2\" \/>\n                <\/svg>\n                <span><\/span>\n              <\/div>\n            <\/a>\n                  <\/div>\n      <\/div>\n      <div class=\"info-product__col info-product__col_right\">\n        <div class=\"image-container\">\n          <div class=\"image-inner fade-in-bottom\" data-scroll>\n            <div class=\"image-product\" style=\"background-image: url()\">\n                              <div class=\"image-bg\"><\/div>\n                          <\/div>\n          <\/div>\n        <\/div>\n      <\/div>\n    <\/div>\n  <\/div>\n<\/div>\n\n<\/div>","protected":false},"excerpt":{"rendered":"","protected":false},"author":95,"featured_media":0,"parent":6606,"menu_order":582,"comment_status":"closed","ping_status":"closed","template":"template-slider-sections.php","meta":{"inline_featured_image":false,"footnotes":""},"class_list":["post-6610","page","type-page","status-publish","hentry"],"_links":{"self":[{"href":"https:\/\/www.esssecaffe.com\/ru\/wp-json\/wp\/v2\/pages\/6610","targetHints":{"allow":["GET"]}}],"collection":[{"href":"https:\/\/www.esssecaffe.com\/ru\/wp-json\/wp\/v2\/pages"}],"about":[{"href":"https:\/\/www.esssecaffe.com\/ru\/wp-json\/wp\/v2\/types\/page"}],"author":[{"embeddable":true,"href":"https:\/\/www.esssecaffe.com\/ru\/wp-json\/wp\/v2\/users\/95"}],"replies":[{"embeddable":true,"href":"https:\/\/www.esssecaffe.com\/ru\/wp-json\/wp\/v2\/comments?post=6610"}],"version-history":[{"count":0,"href":"https:\/\/www.esssecaffe.com\/ru\/wp-json\/wp\/v2\/pages\/6610\/revisions"}],"up":[{"embeddable":true,"href":"https:\/\/www.esssecaffe.com\/ru\/wp-json\/wp\/v2\/pages\/6606"}],"wp:attachment":[{"href":"https:\/\/www.esssecaffe.com\/ru\/wp-json\/wp\/v2\/media?parent=6610"}],"curies":[{"name":"wp","href":"https:\/\/api.w.org\/{rel}","templated":true}]}}