{"id":8636,"date":"2022-11-15T15:35:38","date_gmt":"2022-11-15T14:35:38","guid":{"rendered":"https:\/\/www.esssecaffe.com\/linea-home\/%d0%ba%d0%b0%d0%bf%d1%81%d1%83%d0%bb%d1%8b-%d1%81%d0%be%d0%b2%d0%bc%d0%b5%d1%81%d1%82%d0%b8%d0%bc%d1%8b%d0%b5-%d1%81-nespresso\/"},"modified":"2024-02-18T02:48:50","modified_gmt":"2024-02-18T01:48:50","slug":"nespresso-compatible-capsules","status":"publish","type":"page","link":"https:\/\/www.esssecaffe.com\/ru\/home-line\/nespresso-compatible-capsules\/","title":{"rendered":"\u041a\u0410\u041f\u0421\u0423\u041b\u042b, \u0421\u041e\u0412\u041c\u0415\u0421\u0422\u0418\u041c\u042b\u0415 \u0421 NESPRESSO"},"content":{"rendered":"<!-- #### array(1) {\n  [\"fields\"]=>\n  array(3) {\n    [\"block_title\"]=>\n    string(0) \"\"\n    [\"title\"]=>\n    string(29) \"Capsule compatibili Nespresso\"\n    [\"image\"]=>\n    string(75) \"https:\/\/www.esssecaffe.com\/wp-content\/uploads\/2021\/10\/per-Il-tuo-bar-bg.png\"\n  }\n}\n--><div class=\"top-section top-section_min\" data-scroll-section>\n  <div class=\"mobile-gradient\"><\/div>\n  <div class=\"top-section__bg\" >\n    <div class=\"top-section__bg-inner\">\n      <div class=\"top-section__bg-img\" style=\"background-image: url(https:\/\/www.esssecaffe.com\/wp-content\/uploads\/2021\/10\/per-Il-tuo-bar-bg.png)\" data-id=\"6606\"><\/div>\n    <\/div>\n  <\/div>\n  <div class=\"l-container\">\n    <div class=\"top-section__inner\">\n      <div class=\"top-section__info\" data-scroll>\n        <h1 class=\"main-title text-center reveal-text\" data-scroll>Capsule compatibili Nespresso<\/h1>\n      <\/div>\n    <\/div>\n  <\/div>\n<\/div>\n\n\n\n<div data-scroll-section class=\"l-container\" style=\"margin-bottom: 50px; margin-top: 30px;\"><nav class=\"woocommerce-breadcrumb rank-math-breadcrumb\"><span class=\"last\">Home<\/span><\/nav><\/div>\n\n<div id=\"\" class=\"info-products\">\n\n<div data-bgcolor=\"#2B4660\" class=\"info info-product with-long-title\">\n  <div class=\"l-container\">\n    <div class=\"info-product__row\">\n      <div class=\"info-product__col info-product__col_left\">\n        <div class=\"info__title\">\n          <h6 class=\"pre-title reveal-text\" data-scroll><\/h6>\n          <h2 class=\"main-title title-decoration reveal-text\" data-scroll>TUTTOTONDO<\/h2>\n        <\/div>\n        <div class=\"info-product__content\">\n          <div class=\"info__description\">\n            <p class=\"fade-in-bottom\" data-scroll>Tutta la qualit\u00e0 di Essse Caff\u00e8 incontra le macchine Nespresso\u00ae per dare vita alle capsule compatibili in alluminio Tuttotondo 100% Arabica. \nUn caff\u00e8 elegante e raffinato, dedicato a te che sei un vero appassionato di Arabica.\n\n<\/p>\n          <\/div>\n                      <a href=\"https:\/\/www.esssecaffe.com\/shop\/capsule-compatibili-nespresso-tuttotondo-100-arabica\/\" class=\"main-link\">\n              <div class=\"main-link__flex fade-in-bottom\" data-scroll>\n                <svg width=\"30\" height=\"29\" viewBox=\"0 0 30 29\" fill=\"none\"\n                  xmlns=\"http:\/\/www.w3.org\/2000\/svg\">\n                  <path d=\"M7.45662 1.00302C7.33562 0.996017 27.7096 1.02603 27.7096 1.02603L20.3366 24.48C19.6186 26.257 18.0306 27.242 15.6996 27.438C14.1883 27.5313 12.6773 27.2514 11.2996 26.623C3.35963 23.19 -0.678357 14.558 1.65864 5.22802C2.01725 3.9787 2.78243 2.88474 3.83302 2.11944C4.88361 1.35414 6.15952 0.961249 7.45863 1.00302\"\n                    stroke=\"#BF0020\" fill=\"transparent\" stroke-width=\"2\" \/>\n                <\/svg>\n                <span>vai al prodotto<\/span>\n              <\/div>\n            <\/a>\n                  <\/div>\n      <\/div>\n      <div class=\"info-product__col info-product__col_right\">\n        <div class=\"image-container\">\n          <div class=\"image-inner fade-in-bottom\" data-scroll>\n            <div class=\"image-product\" style=\"background-image: url(https:\/\/www.esssecaffe.com\/wp-content\/uploads\/2022\/07\/nespresso_mockup_tuttotondo_4.png)\">\n                              <div class=\"image-bg\"><\/div>\n                          <\/div>\n          <\/div>\n        <\/div>\n      <\/div>\n    <\/div>\n  <\/div>\n<\/div>\n\n<div data-bgcolor=\"#3D3A37\" class=\"info info-product \">\n  <div class=\"l-container\">\n    <div class=\"info-product__row\">\n      <div class=\"info-product__col info-product__col_left\">\n        <div class=\"info__title\">\n          <h6 class=\"pre-title reveal-text\" data-scroll><\/h6>\n          <h2 class=\"main-title title-decoration reveal-text\" data-scroll>CONBR\u00ccO<\/h2>\n        <\/div>\n        <div class=\"info-product__content\">\n          <div class=\"info__description\">\n            <p class=\"fade-in-bottom\" data-scroll>Quando cerchi tutta l\u2019eccellenza di Essse Caff\u00e8 in capsule compatibili Nespresso\u00ae, Conbr\u00eco \u00e8 il caff\u00e8 giusto per te.\nFrutto di pregiati caff\u00e8 Arabica e Robusta, Conbr\u00eco in capsule sa come esprimere la sua ricchezza al meglio, grazie al bouquet di sapori armonici ed un corpo vellutato, contenuti in una elegante capsula di alluminio. \n<\/p>\n          <\/div>\n                      <a href=\"https:\/\/www.esssecaffe.com\/shop\/capsule-compatibili-nespresso-conbrio-intenso-e-persistente\/\" class=\"main-link\">\n              <div class=\"main-link__flex fade-in-bottom\" data-scroll>\n                <svg width=\"30\" height=\"29\" viewBox=\"0 0 30 29\" fill=\"none\"\n                  xmlns=\"http:\/\/www.w3.org\/2000\/svg\">\n                  <path d=\"M7.45662 1.00302C7.33562 0.996017 27.7096 1.02603 27.7096 1.02603L20.3366 24.48C19.6186 26.257 18.0306 27.242 15.6996 27.438C14.1883 27.5313 12.6773 27.2514 11.2996 26.623C3.35963 23.19 -0.678357 14.558 1.65864 5.22802C2.01725 3.9787 2.78243 2.88474 3.83302 2.11944C4.88361 1.35414 6.15952 0.961249 7.45863 1.00302\"\n                    stroke=\"#BF0020\" fill=\"transparent\" stroke-width=\"2\" \/>\n                <\/svg>\n                <span>vai al prodotto<\/span>\n              <\/div>\n            <\/a>\n                  <\/div>\n      <\/div>\n      <div class=\"info-product__col info-product__col_right\">\n        <div class=\"image-container\">\n          <div class=\"image-inner fade-in-bottom\" data-scroll>\n            <div class=\"image-product\" style=\"background-image: url(https:\/\/www.esssecaffe.com\/wp-content\/uploads\/2022\/07\/nespresso_mockup_con_brio.png)\">\n                              <div class=\"image-bg\"><\/div>\n                          <\/div>\n          <\/div>\n        <\/div>\n      <\/div>\n    <\/div>\n  <\/div>\n<\/div>\n\n<\/div>","protected":false},"excerpt":{"rendered":"","protected":false},"author":95,"featured_media":4817,"parent":6606,"menu_order":577,"comment_status":"closed","ping_status":"closed","template":"template-slider-sections.php","meta":{"inline_featured_image":false,"footnotes":""},"class_list":["post-8636","page","type-page","status-publish","has-post-thumbnail","hentry"],"_links":{"self":[{"href":"https:\/\/www.esssecaffe.com\/ru\/wp-json\/wp\/v2\/pages\/8636","targetHints":{"allow":["GET"]}}],"collection":[{"href":"https:\/\/www.esssecaffe.com\/ru\/wp-json\/wp\/v2\/pages"}],"about":[{"href":"https:\/\/www.esssecaffe.com\/ru\/wp-json\/wp\/v2\/types\/page"}],"author":[{"embeddable":true,"href":"https:\/\/www.esssecaffe.com\/ru\/wp-json\/wp\/v2\/users\/95"}],"replies":[{"embeddable":true,"href":"https:\/\/www.esssecaffe.com\/ru\/wp-json\/wp\/v2\/comments?post=8636"}],"version-history":[{"count":0,"href":"https:\/\/www.esssecaffe.com\/ru\/wp-json\/wp\/v2\/pages\/8636\/revisions"}],"up":[{"embeddable":true,"href":"https:\/\/www.esssecaffe.com\/ru\/wp-json\/wp\/v2\/pages\/6606"}],"wp:featuredmedia":[{"embeddable":true,"href":"https:\/\/www.esssecaffe.com\/ru\/wp-json\/wp\/v2\/media\/4817"}],"wp:attachment":[{"href":"https:\/\/www.esssecaffe.com\/ru\/wp-json\/wp\/v2\/media?parent=8636"}],"curies":[{"name":"wp","href":"https:\/\/api.w.org\/{rel}","templated":true}]}}