{"id":9762,"date":"2022-11-21T16:32:30","date_gmt":"2022-11-21T15:32:30","guid":{"rendered":"https:\/\/www.esssecaffe.com\/linea-home\/caffe-macinato\/"},"modified":"2024-02-14T15:51:15","modified_gmt":"2024-02-14T14:51:15","slug":"grinded-coffee","status":"publish","type":"page","link":"https:\/\/www.esssecaffe.com\/ru\/home-line\/grinded-coffee\/","title":{"rendered":"Caff\u00e8 macinato"},"content":{"rendered":"<!-- #### array(1) {\n  [\"fields\"]=>\n  array(3) {\n    [\"block_title\"]=>\n    string(0) \"\"\n    [\"title\"]=>\n    string(15) \"Caff\u00e8 macinato\"\n    [\"image\"]=>\n    string(75) \"https:\/\/www.esssecaffe.com\/wp-content\/uploads\/2021\/10\/per-Il-tuo-bar-bg.png\"\n  }\n}\n--><div class=\"top-section top-section_min\" data-scroll-section>\n  <div class=\"mobile-gradient\"><\/div>\n  <div class=\"top-section__bg\" >\n    <div class=\"top-section__bg-inner\">\n      <div class=\"top-section__bg-img\" style=\"background-image: url(https:\/\/www.esssecaffe.com\/wp-content\/uploads\/2021\/10\/per-Il-tuo-bar-bg.png)\" data-id=\"6606\"><\/div>\n    <\/div>\n  <\/div>\n  <div class=\"l-container\">\n    <div class=\"top-section__inner\">\n      <div class=\"top-section__info\" data-scroll>\n        <h1 class=\"main-title text-center reveal-text\" data-scroll>Caff\u00e8 macinato<\/h1>\n      <\/div>\n    <\/div>\n  <\/div>\n<\/div>\n\n\n\n<div data-scroll-section class=\"l-container\" style=\"margin-bottom: 50px; margin-top: 30px;\"><nav class=\"woocommerce-breadcrumb rank-math-breadcrumb\"><span class=\"last\">Home<\/span><\/nav><\/div>\n\n<div id=\"\" class=\"info-products\">\n\n<div data-bgcolor=\"#CD0F0F\" class=\"info info-product \">\n  <div class=\"l-container\">\n    <div class=\"info-product__row\">\n      <div class=\"info-product__col info-product__col_left\">\n        <div class=\"info__title\">\n          <h6 class=\"pre-title reveal-text\" data-scroll><\/h6>\n          <h2 class=\"main-title title-decoration reveal-text\" data-scroll>Per Moka<\/h2>\n        <\/div>\n        <div class=\"info-product__content\">\n          <div class=\"info__description\">\n            <p class=\"fade-in-bottom\" data-scroll>La miscela macinata per moka di Essse \u00e8 pensata per il rito del caff\u00e8 classico delle case italiane e per esaltare il profumo e le abitudini d\u2019un tempo.\nAbbiamo voluto rendere speciale anche il momento della preparazione del caff\u00e8 casalingo tipico del nostro Paese, quello della moka. Irrinunciabile per molti e una coccola per chi non ha sempre il tempo di goderselo. \n\n<\/p>\n          <\/div>\n                      <a href=\"https:\/\/www.esssecaffe.com\/shop\/caffe-macinato-per-moka\/\" class=\"main-link\">\n              <div class=\"main-link__flex fade-in-bottom\" data-scroll>\n                <svg width=\"30\" height=\"29\" viewBox=\"0 0 30 29\" fill=\"none\"\n                  xmlns=\"http:\/\/www.w3.org\/2000\/svg\">\n                  <path d=\"M7.45662 1.00302C7.33562 0.996017 27.7096 1.02603 27.7096 1.02603L20.3366 24.48C19.6186 26.257 18.0306 27.242 15.6996 27.438C14.1883 27.5313 12.6773 27.2514 11.2996 26.623C3.35963 23.19 -0.678357 14.558 1.65864 5.22802C2.01725 3.9787 2.78243 2.88474 3.83302 2.11944C4.88361 1.35414 6.15952 0.961249 7.45863 1.00302\"\n                    stroke=\"#BF0020\" fill=\"transparent\" stroke-width=\"2\" \/>\n                <\/svg>\n                <span>vai al prodotto<\/span>\n              <\/div>\n            <\/a>\n                  <\/div>\n      <\/div>\n      <div class=\"info-product__col info-product__col_right\">\n        <div class=\"image-container\">\n          <div class=\"image-inner fade-in-bottom\" data-scroll>\n            <div class=\"image-product\" style=\"background-image: url(https:\/\/www.esssecaffe.com\/wp-content\/uploads\/2021\/09\/Moka.png)\">\n                              <div class=\"image-bg\"><\/div>\n                          <\/div>\n          <\/div>\n        <\/div>\n      <\/div>\n    <\/div>\n  <\/div>\n<\/div>\n\n<div data-bgcolor=\"#2C2C2C\" class=\"info info-product \">\n  <div class=\"l-container\">\n    <div class=\"info-product__row\">\n      <div class=\"info-product__col info-product__col_left\">\n        <div class=\"info__title\">\n          <h6 class=\"pre-title reveal-text\" data-scroll><\/h6>\n          <h2 class=\"main-title title-decoration reveal-text\" data-scroll>Per macchina espresso<\/h2>\n        <\/div>\n        <div class=\"info-product__content\">\n          <div class=\"info__description\">\n            <p class=\"fade-in-bottom\" data-scroll>Il nostro caff\u00e8 macinato \u00e8 pensato per te che non rinunci mai alla qualit\u00e0 di un ottimo caff\u00e8. \nNoi di Essse Caff\u00e8 abbiamo studiato un blend unico, con un\u2019attenzione particolare alla macinatura e tostatura di questa miscela corposa. Il risultato \u00e8 un caff\u00e8 perfetto per il primo mattino e per ripartire pieno di energia dopo pranzo.\n<\/p>\n          <\/div>\n                      <a href=\"https:\/\/www.esssecaffe.com\/shop\/caffe-macinato-per-macchina-espresso\/\" class=\"main-link\">\n              <div class=\"main-link__flex fade-in-bottom\" data-scroll>\n                <svg width=\"30\" height=\"29\" viewBox=\"0 0 30 29\" fill=\"none\"\n                  xmlns=\"http:\/\/www.w3.org\/2000\/svg\">\n                  <path d=\"M7.45662 1.00302C7.33562 0.996017 27.7096 1.02603 27.7096 1.02603L20.3366 24.48C19.6186 26.257 18.0306 27.242 15.6996 27.438C14.1883 27.5313 12.6773 27.2514 11.2996 26.623C3.35963 23.19 -0.678357 14.558 1.65864 5.22802C2.01725 3.9787 2.78243 2.88474 3.83302 2.11944C4.88361 1.35414 6.15952 0.961249 7.45863 1.00302\"\n                    stroke=\"#BF0020\" fill=\"transparent\" stroke-width=\"2\" \/>\n                <\/svg>\n                <span>vai al prodotto<\/span>\n              <\/div>\n            <\/a>\n                  <\/div>\n      <\/div>\n      <div class=\"info-product__col info-product__col_right\">\n        <div class=\"image-container\">\n          <div class=\"image-inner fade-in-bottom\" data-scroll>\n            <div class=\"image-product\" style=\"background-image: url(https:\/\/www.esssecaffe.com\/wp-content\/uploads\/2021\/09\/Espresso.png)\">\n                              <div class=\"image-bg\"><\/div>\n                          <\/div>\n          <\/div>\n        <\/div>\n      <\/div>\n    <\/div>\n  <\/div>\n<\/div>\n\n<div data-bgcolor=\"#721A18\" class=\"info info-product \">\n  <div class=\"l-container\">\n    <div class=\"info-product__row\">\n      <div class=\"info-product__col info-product__col_left\">\n        <div class=\"info__title\">\n          <h6 class=\"pre-title reveal-text\" data-scroll><\/h6>\n          <h2 class=\"main-title title-decoration reveal-text\" data-scroll>Americano<\/h2>\n        <\/div>\n        <div class=\"info-product__content\">\n          <div class=\"info__description\">\n            <p class=\"fade-in-bottom\" data-scroll>La miscela macinata Americano Essse Caff\u00e8 \u00e8 pensata per la preparazione di un vero caff\u00e8 americano, dal corpo leggero e dall\u2019aroma delicato, che \u00e8 ad oggi il tipo di caff\u00e8 pi\u00f9 consumato al mondo. \nQuesto prodotto vede una costante in tutto il suo processo di vita: il tempo. \u00c8 un prodotto studiato per essere preparato nelle macchine casalinghe che prevedono l\u2019utilizzo dei filtri carta e una grande caraffa. Una volta settata la macchina, la pergolazione \u00e8 definita \u201clenta\u201d e ha bisogno di diversi minuti prima che il caff\u00e8 sia pronto. \n<\/p>\n          <\/div>\n                      <a href=\"https:\/\/www.esssecaffe.com\/shop\/caffe-macinato-americano\/\" class=\"main-link\">\n              <div class=\"main-link__flex fade-in-bottom\" data-scroll>\n                <svg width=\"30\" height=\"29\" viewBox=\"0 0 30 29\" fill=\"none\"\n                  xmlns=\"http:\/\/www.w3.org\/2000\/svg\">\n                  <path d=\"M7.45662 1.00302C7.33562 0.996017 27.7096 1.02603 27.7096 1.02603L20.3366 24.48C19.6186 26.257 18.0306 27.242 15.6996 27.438C14.1883 27.5313 12.6773 27.2514 11.2996 26.623C3.35963 23.19 -0.678357 14.558 1.65864 5.22802C2.01725 3.9787 2.78243 2.88474 3.83302 2.11944C4.88361 1.35414 6.15952 0.961249 7.45863 1.00302\"\n                    stroke=\"#BF0020\" fill=\"transparent\" stroke-width=\"2\" \/>\n                <\/svg>\n                <span>Vai al prodotto<\/span>\n              <\/div>\n            <\/a>\n                  <\/div>\n      <\/div>\n      <div class=\"info-product__col info-product__col_right\">\n        <div class=\"image-container\">\n          <div class=\"image-inner fade-in-bottom\" data-scroll>\n            <div class=\"image-product\" style=\"background-image: url(https:\/\/www.esssecaffe.com\/wp-content\/uploads\/2021\/09\/Americano.png)\">\n                              <div class=\"image-bg\"><\/div>\n                          <\/div>\n          <\/div>\n        <\/div>\n      <\/div>\n    <\/div>\n  <\/div>\n<\/div>\n\n<\/div>","protected":false},"excerpt":{"rendered":"","protected":false},"author":95,"featured_media":0,"parent":6606,"menu_order":517,"comment_status":"closed","ping_status":"closed","template":"template-slider-sections.php","meta":{"inline_featured_image":false,"footnotes":""},"class_list":["post-9762","page","type-page","status-publish","hentry"],"_links":{"self":[{"href":"https:\/\/www.esssecaffe.com\/ru\/wp-json\/wp\/v2\/pages\/9762","targetHints":{"allow":["GET"]}}],"collection":[{"href":"https:\/\/www.esssecaffe.com\/ru\/wp-json\/wp\/v2\/pages"}],"about":[{"href":"https:\/\/www.esssecaffe.com\/ru\/wp-json\/wp\/v2\/types\/page"}],"author":[{"embeddable":true,"href":"https:\/\/www.esssecaffe.com\/ru\/wp-json\/wp\/v2\/users\/95"}],"replies":[{"embeddable":true,"href":"https:\/\/www.esssecaffe.com\/ru\/wp-json\/wp\/v2\/comments?post=9762"}],"version-history":[{"count":0,"href":"https:\/\/www.esssecaffe.com\/ru\/wp-json\/wp\/v2\/pages\/9762\/revisions"}],"up":[{"embeddable":true,"href":"https:\/\/www.esssecaffe.com\/ru\/wp-json\/wp\/v2\/pages\/6606"}],"wp:attachment":[{"href":"https:\/\/www.esssecaffe.com\/ru\/wp-json\/wp\/v2\/media?parent=9762"}],"curies":[{"name":"wp","href":"https:\/\/api.w.org\/{rel}","templated":true}]}}